{"id":1219,"date":"2023-05-03T22:54:39","date_gmt":"2023-05-03T22:54:39","guid":{"rendered":"https:\/\/socialport.com.br\/?page_id=1219"},"modified":"2023-05-04T21:47:15","modified_gmt":"2023-05-04T21:47:15","slug":"links","status":"publish","type":"page","link":"https:\/\/socialport.com.br\/en\/links\/","title":{"rendered":"Links"},"content":{"rendered":"<div class=\"wp-block-cover alignfull\"><span aria-hidden=\"true\" class=\"wp-block-cover__background has-background-dim\"><\/span><img loading=\"lazy\" decoding=\"async\" width=\"2000\" height=\"1200\" class=\"wp-block-cover__image-background wp-image-914\" alt=\"\" src=\"https:\/\/socialport.com.br\/wp-content\/uploads\/2022\/10\/cropped-WhatsApp-Image-2022-10-03-at-17.08.19.jpeg\" data-object-fit=\"cover\" srcset=\"https:\/\/socialport.com.br\/wp-content\/uploads\/2022\/10\/cropped-WhatsApp-Image-2022-10-03-at-17.08.19.jpeg 2000w, https:\/\/socialport.com.br\/wp-content\/uploads\/2022\/10\/cropped-WhatsApp-Image-2022-10-03-at-17.08.19-300x180.jpeg 300w, https:\/\/socialport.com.br\/wp-content\/uploads\/2022\/10\/cropped-WhatsApp-Image-2022-10-03-at-17.08.19-1024x614.jpeg 1024w, https:\/\/socialport.com.br\/wp-content\/uploads\/2022\/10\/cropped-WhatsApp-Image-2022-10-03-at-17.08.19-768x461.jpeg 768w, https:\/\/socialport.com.br\/wp-content\/uploads\/2022\/10\/cropped-WhatsApp-Image-2022-10-03-at-17.08.19-1536x922.jpeg 1536w\" sizes=\"auto, (max-width: 2000px) 100vw, 2000px\" \/><div class=\"wp-block-cover__inner-container is-layout-flow wp-block-cover-is-layout-flow\">\n<div style=\"height:100px\" aria-hidden=\"true\" class=\"wp-block-spacer\"><\/div>\n\n\n<div class=\"wp-block-image\">\n<figure class=\"aligncenter size-full is-resized\"><img loading=\"lazy\" decoding=\"async\" src=\"https:\/\/socialport.com.br\/wp-content\/uploads\/2022\/07\/Logo-SocialPort-branca-e1683137448136.png\" alt=\"\" class=\"wp-image-17\" width=\"133\" height=\"35\" srcset=\"https:\/\/socialport.com.br\/wp-content\/uploads\/2022\/07\/Logo-SocialPort-branca-e1683137448136.png 451w, https:\/\/socialport.com.br\/wp-content\/uploads\/2022\/07\/Logo-SocialPort-branca-e1683137448136-300x78.png 300w\" sizes=\"auto, (max-width: 133px) 100vw, 133px\" \/><\/figure>\n<\/div>\n\n\n<p class=\"has-text-align-center\"><mark style=\"background-color:rgba(0, 0, 0, 0);color:#f3f3f3\" class=\"has-inline-color\">O Futuro nos reserva um infinito de possibilidades. A SocialPort nos garante os melhores!<\/mark><\/p>\n<\/div><\/div>\n\n\n\n<div style=\"height:57px\" aria-hidden=\"true\" class=\"wp-block-spacer\"><\/div>\n\n\n<p style=\"color:#3a14fe; font-style:normal;font-weight:300;\" class=\"has-text-align-center wp-block-site-tagline has-text-color\">Ol\u00e1, bem vindo a SocialPort! Aqui est\u00e3o alguns links \u00fateis para voc\u00ea.<\/p>\n\n\n<div style=\"height:20px\" aria-hidden=\"true\" class=\"wp-block-spacer\"><\/div>\n\n\n\n<div class=\"wp-block-group\"><div class=\"wp-block-group__inner-container is-layout-constrained wp-block-group-is-layout-constrained\">\n<div class=\"wp-block-buttons is-content-justification-center is-layout-flex wp-container-core-buttons-is-layout-16018d1d wp-block-buttons-is-layout-flex\">\n<div class=\"wp-block-button has-custom-width wp-block-button__width-100 has-custom-font-size is-style-outline has-small-font-size is-style-outline--1\"><a class=\"wp-block-button__link has-white-background-color has-text-color has-background wp-element-button\" href=\"https:\/\/socialport.com.br\/en\/livro-megatendencias-2040\/\" style=\"border-radius:50px;color:#3a14fe\">e-book megatend\u00eancias mundiais 2040<\/a><\/div>\n\n\n\n<div class=\"wp-block-button has-custom-width wp-block-button__width-100 has-custom-font-size is-style-outline has-small-font-size is-style-outline--2\"><a class=\"wp-block-button__link has-text-color wp-element-button\" href=\"https:\/\/socialport.com.br\/en\/servicos\/\" style=\"border-radius:50px;color:#3a14fe\">Nossos servi\u00e7os<\/a><\/div>\n\n\n\n<div class=\"wp-block-button has-custom-width wp-block-button__width-100 has-custom-font-size is-style-outline has-small-font-size is-style-outline--3\"><a class=\"wp-block-button__link has-text-color wp-element-button\" href=\"https:\/\/socialport.com.br\/en\/contato\/\" style=\"border-radius:50px;color:#3a14fe\">solicitar mentoria academy<\/a><\/div>\n\n\n\n<div class=\"wp-block-button has-custom-width wp-block-button__width-100 has-custom-font-size is-style-outline has-small-font-size is-style-outline--4\"><a class=\"wp-block-button__link has-text-color wp-element-button\" href=\"https:\/\/www.linkedin.com\/company\/socialport\/?viewAsMember=true\" style=\"border-radius:50px;color:#3a14fe\">Linkedin SocialPort<\/a><\/div>\n\n\n\n<div class=\"wp-block-button has-custom-width wp-block-button__width-100 has-custom-font-size is-style-outline has-small-font-size is-style-outline--5\"><a class=\"wp-block-button__link has-text-color wp-element-button\" href=\"https:\/\/www.youtube.com\/channel\/UC_FbqwMn2evGwydxnkvvjYw\" style=\"border-radius:50px;color:#3a14fe\">socialport no youtube<\/a><\/div>\n<\/div>\n<\/div><\/div>\n\n\n\n<div style=\"height:100px\" aria-hidden=\"true\" class=\"wp-block-spacer\"><\/div>","protected":false},"excerpt":{"rendered":"","protected":false},"author":2,"featured_media":0,"parent":0,"menu_order":0,"comment_status":"closed","ping_status":"closed","template":"page-templates\/full-width-no-title.php","meta":{"footnotes":""},"class_list":["post-1219","page","type-page","status-publish","hentry"],"_links":{"self":[{"href":"https:\/\/socialport.com.br\/en\/wp-json\/wp\/v2\/pages\/1219","targetHints":{"allow":["GET"]}}],"collection":[{"href":"https:\/\/socialport.com.br\/en\/wp-json\/wp\/v2\/pages"}],"about":[{"href":"https:\/\/socialport.com.br\/en\/wp-json\/wp\/v2\/types\/page"}],"author":[{"embeddable":true,"href":"https:\/\/socialport.com.br\/en\/wp-json\/wp\/v2\/users\/2"}],"replies":[{"embeddable":true,"href":"https:\/\/socialport.com.br\/en\/wp-json\/wp\/v2\/comments?post=1219"}],"version-history":[{"count":18,"href":"https:\/\/socialport.com.br\/en\/wp-json\/wp\/v2\/pages\/1219\/revisions"}],"predecessor-version":[{"id":1344,"href":"https:\/\/socialport.com.br\/en\/wp-json\/wp\/v2\/pages\/1219\/revisions\/1344"}],"wp:attachment":[{"href":"https:\/\/socialport.com.br\/en\/wp-json\/wp\/v2\/media?parent=1219"}],"curies":[{"name":"wp","href":"https:\/\/api.w.org\/{rel}","templated":true}]}}