{"id":1232,"date":"2023-05-18T19:34:34","date_gmt":"2023-05-18T19:34:34","guid":{"rendered":"https:\/\/socialport.com.br\/?page_id=1232"},"modified":"2023-06-19T13:25:59","modified_gmt":"2023-06-19T13:25:59","slug":"livro-megatendencias-2040","status":"publish","type":"page","link":"https:\/\/socialport.com.br\/en\/livro-megatendencias-2040\/","title":{"rendered":"Livro Megatend\u00eancias 2040 mobile"},"content":{"rendered":"<div class=\"wp-block-group alignfull\"><div class=\"wp-block-group__inner-container is-layout-constrained wp-block-group-is-layout-constrained\">\n<div class=\"wp-block-cover alignfull is-light form-white-font\" style=\"min-height:800px;aspect-ratio:unset;\"><span aria-hidden=\"true\" class=\"wp-block-cover__background has-background-dim\"><\/span><img loading=\"lazy\" decoding=\"async\" width=\"597\" height=\"1511\" class=\"wp-block-cover__image-background wp-image-1317\" alt=\"\" src=\"https:\/\/socialport.com.br\/wp-content\/uploads\/2023\/05\/mobile-background.png\" data-object-fit=\"cover\" srcset=\"https:\/\/socialport.com.br\/wp-content\/uploads\/2023\/05\/mobile-background.png 597w, https:\/\/socialport.com.br\/wp-content\/uploads\/2023\/05\/mobile-background-119x300.png 119w, https:\/\/socialport.com.br\/wp-content\/uploads\/2023\/05\/mobile-background-405x1024.png 405w\" sizes=\"auto, (max-width: 597px) 100vw, 597px\" \/><div class=\"wp-block-cover__inner-container is-layout-flow wp-block-cover-is-layout-flow\">\n<div style=\"height:142px\" aria-hidden=\"true\" class=\"wp-block-spacer\"><\/div>\n\n\n\n<div class=\"wp-block-columns are-vertically-aligned-center is-not-stacked-on-mobile is-layout-flex wp-container-core-columns-is-layout-9d6595d7 wp-block-columns-is-layout-flex\">\n<div class=\"wp-block-column is-vertically-aligned-center is-layout-flow wp-block-column-is-layout-flow\">\n<div class=\"wp-block-columns is-layout-flex wp-container-core-columns-is-layout-9d6595d7 wp-block-columns-is-layout-flex\">\n<div class=\"wp-block-column is-layout-flow wp-block-column-is-layout-flow\" style=\"flex-basis:66.66%\">\n<p class=\"has-white-color has-text-color\" style=\"font-size:16px\">O livro MEGATEND\u00caNCIAS MUNDIAIS 2040 \u00e9 o resultado de um projeto conduzido pelo Grupo de Pesquisa e Estudos Prospectivos (NEP-UCB), sob a coordena\u00e7\u00e3o da Dra. Elaine C. Marcial e representa uma contribui\u00e7\u00e3o para um debate de longo prazo para o Brasil.<\/p>\n\n\n\n<p class=\"has-white-color has-text-color\" style=\"font-size:16px\">As megatend\u00eancias representam for\u00e7as em atua\u00e7\u00e3o no ambiente que possuem a capacidade de moldar o futuro. Al\u00e9m de serem formadas por um conjunto de tend\u00eancias de peso, levantam uma s\u00e9rie de incertezas mundiais e desafios ao desenvolvimento do Brasil. O livro apresenta uma s\u00e9rie de insumos que podem contribuir com a formula\u00e7\u00e3o de estrat\u00e9gia de curto, m\u00e9dio e longo prazos para o Brasil, bem como para organiza\u00e7\u00f5es p\u00fablicas, privadas e do terceiro setor. Tamb\u00e9m fornece insumos para o processo de tomada de decis\u00e3o hoje.<\/p>\n\n\n\n<p class=\"has-white-color has-text-color\" style=\"font-size:16px\">Este livro \u00e9 uma jun\u00e7\u00e3o de estudos debatidos dentro do grupo de pesquisa NEP-UCB, com a participa\u00e7\u00e3o da colabora\u00e7\u00e3o de <em>experts<\/em> nacionais e internacionais por meio do uso da Plataforma SocialPort Enterprise. Ao longo de seus vinte dois cap\u00edtulos, trinta autores se dividiram em suas especialidades, sob a coordena\u00e7\u00e3o de Elaine C. Marcial e Marcello Jos\u00e9 Pio, para abordarem temas que moldar\u00e3o o futuro e est\u00e3o intimamente relacionados ao futuro da humanidade das organiza\u00e7\u00f5es. <\/p>\n<\/div>\n\n\n\n<div class=\"wp-block-column is-layout-flow wp-block-column-is-layout-flow\" style=\"flex-basis:33.33%\">\n<figure class=\"wp-block-image size-full\"><img loading=\"lazy\" decoding=\"async\" width=\"288\" height=\"488\" src=\"https:\/\/socialport.com.br\/wp-content\/uploads\/2023\/05\/capa-sem-fundo-e1683236163722.png\" alt=\"\" class=\"wp-image-1320\" srcset=\"https:\/\/socialport.com.br\/wp-content\/uploads\/2023\/05\/capa-sem-fundo-e1683236163722.png 288w, https:\/\/socialport.com.br\/wp-content\/uploads\/2023\/05\/capa-sem-fundo-e1683236163722-177x300.png 177w\" sizes=\"auto, (max-width: 288px) 100vw, 288px\" \/><\/figure>\n<\/div>\n<\/div>\n\n\n\n<div class=\"forminator-guttenberg\"><div class=\"forminator-ui forminator-custom-form forminator-custom-form-1603 forminator-design--material  forminator_ajax\" data-forminator-render=\"0\" data-form=\"forminator-module-1603\" data-uid=\"69f39cdab22ae\"><br\/><\/div><form\n\t\t\t\tid=\"forminator-module-1603\"\n\t\t\t\tclass=\"forminator-ui forminator-custom-form forminator-custom-form-1603 forminator-design--material  forminator_ajax\"\n\t\t\t\tmethod=\"post\"\n\t\t\t\tdata-forminator-render=\"0\"\n\t\t\t\tdata-form-id=\"1603\"\n\t\t\t\t\n\t\t\t\tdata-design=\"material\"\n\t\t\t\t\n\t\t\t\t\n\t\t\t\t\n\t\t\t\tdata-grid=\"open\"\n\t\t\t\t\n\t\t\t\t\n\t\t\t\tstyle=\"display: none;\"\n\t\t\t\t\n\t\t\t\tdata-uid=\"69f39cdab22ae\" action=\"\"\n\t\t\t><div role=\"alert\" aria-live=\"polite\" class=\"forminator-response-message forminator-error\" aria-hidden=\"true\"><\/div><div class=\"forminator-row\"><div id=\"name-1\" class=\"forminator-field-name forminator-col forminator-col-12  form-white-font\"><div class=\"forminator-field\"><label for=\"forminator-field-name-1_69f39cdab22ae\" id=\"forminator-field-name-1_69f39cdab22ae-label\" class=\"forminator-label\">Primeiro Nome <span class=\"forminator-required\">*<\/span><\/label><input type=\"text\" name=\"name-1\" value=\"\" placeholder=\"E.x. John\" id=\"forminator-field-name-1_69f39cdab22ae\" class=\"forminator-input forminator-name--field\" aria-required=\"true\" \/><\/div><\/div><\/div><div class=\"forminator-row\"><div id=\"name-2\" class=\"forminator-field-name forminator-col forminator-col-12\"><div class=\"forminator-field\"><label for=\"forminator-field-name-2_69f39cdab22ae\" id=\"forminator-field-name-2_69f39cdab22ae-label\" class=\"forminator-label\">Organiza\u00e7\u00e3oo <span class=\"forminator-required\">*<\/span><\/label><input type=\"text\" name=\"name-2\" value=\"\" placeholder=\"E.x. SocialPort\" id=\"forminator-field-name-2_69f39cdab22ae\" class=\"forminator-input forminator-name--field\" aria-required=\"true\" \/><\/div><\/div><\/div><div class=\"forminator-row\"><div id=\"email-1\" class=\"forminator-field-email forminator-col forminator-col-12\"><div class=\"forminator-field\"><label for=\"forminator-field-email-1_69f39cdab22ae\" id=\"forminator-field-email-1_69f39cdab22ae-label\" class=\"forminator-label\">Endere\u00e7o de E-mail <span class=\"forminator-required\">*<\/span><\/label><input type=\"email\" name=\"email-1\" value=\"\" placeholder=\"E.x. john@doe.com\" id=\"forminator-field-email-1_69f39cdab22ae\" class=\"forminator-input forminator-email--field\" data-required=\"true\" aria-required=\"true\" \/><\/div><\/div><\/div><input type=\"hidden\" name=\"referer_url\" value=\"\" \/><div class=\"forminator-row forminator-row-last\"><div class=\"forminator-col\"><div class=\"forminator-field\"><button class=\"forminator-button forminator-button-submit\"><span>Receber livro<\/span><span aria-hidden=\"true\"><\/span><\/button><\/div><\/div><\/div><input type=\"hidden\" id=\"forminator_nonce\" name=\"forminator_nonce\" value=\"23bce39db2\" \/><input type=\"hidden\" name=\"_wp_http_referer\" value=\"\/en\/wp-json\/wp\/v2\/pages\/1232\" \/><input type=\"hidden\" name=\"form_id\" value=\"1603\"><input type=\"hidden\" name=\"page_id\" value=\"1232\"><input type=\"hidden\" name=\"form_type\" value=\"default\"><input type=\"hidden\" name=\"current_url\" value=\"https:\/\/socialport.com.br\/en\/livro-megatendencias-2040\/\"><input type=\"hidden\" name=\"render_id\" value=\"0\"><input type=\"hidden\" name=\"action\" value=\"forminator_submit_form_custom-forms\"><input type=\"hidden\" name=\"trp-form-language\" value=\"en\"\/><\/form><\/div>\n<\/div>\n<\/div>\n\n\n\n<div class=\"wp-block-group has-small-font-size is-content-justification-right is-nowrap is-layout-flex wp-container-core-group-is-layout-fd526d70 wp-block-group-is-layout-flex\">\n<div class=\"wp-block-columns are-vertically-aligned-bottom is-not-stacked-on-mobile has-small-font-size is-layout-flex wp-container-core-columns-is-layout-9d6595d7 wp-block-columns-is-layout-flex\">\n<div class=\"wp-block-column is-vertically-aligned-bottom is-layout-flow wp-block-column-is-layout-flow\"><div class=\"wp-block-image\">\n<figure class=\"alignright size-large is-resized\"><img loading=\"lazy\" decoding=\"async\" src=\"https:\/\/socialport.com.br\/wp-content\/uploads\/2023\/05\/SocialPort-Marcas-preto-png-1024x192.png\" alt=\"\" class=\"wp-image-1284\" width=\"107\" height=\"20\" srcset=\"https:\/\/socialport.com.br\/wp-content\/uploads\/2023\/05\/SocialPort-Marcas-preto-png-1024x192.png 1024w, https:\/\/socialport.com.br\/wp-content\/uploads\/2023\/05\/SocialPort-Marcas-preto-png-300x56.png 300w, https:\/\/socialport.com.br\/wp-content\/uploads\/2023\/05\/SocialPort-Marcas-preto-png-768x144.png 768w, https:\/\/socialport.com.br\/wp-content\/uploads\/2023\/05\/SocialPort-Marcas-preto-png-1536x287.png 1536w, https:\/\/socialport.com.br\/wp-content\/uploads\/2023\/05\/SocialPort-Marcas-preto-png-2048x383.png 2048w, https:\/\/socialport.com.br\/wp-content\/uploads\/2023\/05\/SocialPort-Marcas-preto-png-2000x374.png 2000w\" sizes=\"auto, (max-width: 107px) 100vw, 107px\" \/><\/figure>\n<\/div><\/div>\n\n\n\n<div class=\"wp-block-column is-vertically-aligned-bottom is-layout-flow wp-block-column-is-layout-flow\"><div class=\"wp-block-image\">\n<figure class=\"alignright size-full is-resized\"><img loading=\"lazy\" decoding=\"async\" src=\"https:\/\/socialport.com.br\/wp-content\/uploads\/2023\/05\/logos-plano.png\" alt=\"\" class=\"wp-image-1264\" width=\"79\" height=\"33\" srcset=\"https:\/\/socialport.com.br\/wp-content\/uploads\/2023\/05\/logos-plano.png 543w, https:\/\/socialport.com.br\/wp-content\/uploads\/2023\/05\/logos-plano-300x129.png 300w\" sizes=\"auto, (max-width: 79px) 100vw, 79px\" \/><\/figure>\n<\/div><\/div>\n\n\n\n<div class=\"wp-block-column is-vertically-aligned-bottom is-layout-flow wp-block-column-is-layout-flow\"><div class=\"wp-block-image\">\n<figure class=\"alignright size-full is-resized\"><img loading=\"lazy\" decoding=\"async\" src=\"https:\/\/socialport.com.br\/wp-content\/uploads\/2023\/05\/logos-plano-procad-e-assecor-e1683209793266.png\" alt=\"\" class=\"wp-image-1265\" width=\"64\" height=\"29\"\/><\/figure>\n<\/div><\/div>\n<\/div>\n<\/div>\n\n\n\n<div style=\"height:100px\" aria-hidden=\"true\" class=\"wp-block-spacer\"><\/div>\n<\/div><\/div>\n<\/div><\/div>","protected":false},"excerpt":{"rendered":"","protected":false},"author":2,"featured_media":914,"parent":0,"menu_order":0,"comment_status":"closed","ping_status":"closed","template":"page-templates\/full-width-no-title.php","meta":{"footnotes":""},"class_list":["post-1232","page","type-page","status-publish","has-post-thumbnail","hentry"],"_links":{"self":[{"href":"https:\/\/socialport.com.br\/en\/wp-json\/wp\/v2\/pages\/1232","targetHints":{"allow":["GET"]}}],"collection":[{"href":"https:\/\/socialport.com.br\/en\/wp-json\/wp\/v2\/pages"}],"about":[{"href":"https:\/\/socialport.com.br\/en\/wp-json\/wp\/v2\/types\/page"}],"author":[{"embeddable":true,"href":"https:\/\/socialport.com.br\/en\/wp-json\/wp\/v2\/users\/2"}],"replies":[{"embeddable":true,"href":"https:\/\/socialport.com.br\/en\/wp-json\/wp\/v2\/comments?post=1232"}],"version-history":[{"count":83,"href":"https:\/\/socialport.com.br\/en\/wp-json\/wp\/v2\/pages\/1232\/revisions"}],"predecessor-version":[{"id":2745,"href":"https:\/\/socialport.com.br\/en\/wp-json\/wp\/v2\/pages\/1232\/revisions\/2745"}],"wp:featuredmedia":[{"embeddable":true,"href":"https:\/\/socialport.com.br\/en\/wp-json\/wp\/v2\/media\/914"}],"wp:attachment":[{"href":"https:\/\/socialport.com.br\/en\/wp-json\/wp\/v2\/media?parent=1232"}],"curies":[{"name":"wp","href":"https:\/\/api.w.org\/{rel}","templated":true}]}}