{"id":1840,"date":"2025-06-25T13:00:00","date_gmt":"2025-06-25T13:00:00","guid":{"rendered":"https:\/\/socialport.com.br\/?page_id=1840"},"modified":"2025-12-05T12:43:23","modified_gmt":"2025-12-05T12:43:23","slug":"cenarios-brasil-2045","status":"publish","type":"page","link":"https:\/\/socialport.com.br\/en\/livros\/cenarios-brasil-2045\/","title":{"rendered":"Cen\u00e1rios Brasil 2045"},"content":{"rendered":"<div class=\"wp-block-cover alignfull\" style=\"min-height:1128px;aspect-ratio:unset;\"><img loading=\"lazy\" decoding=\"async\" width=\"2000\" height=\"1200\" class=\"wp-block-cover__image-background wp-image-914\" alt=\"\" src=\"https:\/\/socialport.com.br\/wp-content\/uploads\/2022\/10\/cropped-WhatsApp-Image-2022-10-03-at-17.08.19.jpeg\" data-object-fit=\"cover\" srcset=\"https:\/\/socialport.com.br\/wp-content\/uploads\/2022\/10\/cropped-WhatsApp-Image-2022-10-03-at-17.08.19.jpeg 2000w, https:\/\/socialport.com.br\/wp-content\/uploads\/2022\/10\/cropped-WhatsApp-Image-2022-10-03-at-17.08.19-300x180.jpeg 300w, https:\/\/socialport.com.br\/wp-content\/uploads\/2022\/10\/cropped-WhatsApp-Image-2022-10-03-at-17.08.19-1024x614.jpeg 1024w, https:\/\/socialport.com.br\/wp-content\/uploads\/2022\/10\/cropped-WhatsApp-Image-2022-10-03-at-17.08.19-768x461.jpeg 768w, https:\/\/socialport.com.br\/wp-content\/uploads\/2022\/10\/cropped-WhatsApp-Image-2022-10-03-at-17.08.19-1536x922.jpeg 1536w\" sizes=\"auto, (max-width: 2000px) 100vw, 2000px\" \/><span aria-hidden=\"true\" class=\"wp-block-cover__background has-black-background-color has-background-dim\"><\/span><div class=\"wp-block-cover__inner-container is-layout-constrained wp-block-cover-is-layout-constrained\">\n<div class=\"guten-element guten-spacer guten-ywxH7n\"><\/div>\n\n\n<div class=\"wp-block-image\">\n<figure class=\"aligncenter size-large is-resized\" style=\"display: table !important\"><img loading=\"lazy\" decoding=\"async\" width=\"894\" height=\"1024\" src=\"https:\/\/socialport.com.br\/wp-content\/uploads\/2025\/06\/Cenarios-Brasil-2045-894x1024.jpg\" alt=\"\" class=\"wp-image-1836\" style=\"width:449px;height:auto\" srcset=\"https:\/\/socialport.com.br\/wp-content\/uploads\/2025\/06\/Cenarios-Brasil-2045-894x1024.jpg 894w, https:\/\/socialport.com.br\/wp-content\/uploads\/2025\/06\/Cenarios-Brasil-2045-262x300.jpg 262w, https:\/\/socialport.com.br\/wp-content\/uploads\/2025\/06\/Cenarios-Brasil-2045-768x880.jpg 768w, https:\/\/socialport.com.br\/wp-content\/uploads\/2025\/06\/Cenarios-Brasil-2045-10x12.jpg 10w, https:\/\/socialport.com.br\/wp-content\/uploads\/2025\/06\/Cenarios-Brasil-2045.jpg 943w\" sizes=\"auto, (max-width: 894px) 100vw, 894px\" \/><\/figure>\n<\/div>\n\n\n<div class=\"wp-block-columns is-layout-flex wp-container-core-columns-is-layout-9d6595d7 wp-block-columns-is-layout-flex\">\n<div class=\"wp-block-column is-layout-flow wp-block-column-is-layout-flow\" style=\"flex-basis:100%\">\n<p class=\"has-text-align-left\" style=\"font-size:16px\">O livro &#8211; Cen\u00e1rios Brasil 2045 \u00e9 repleto de contribui\u00e7\u00f5es que auxiliam as organiza\u00e7\u00f5es p\u00fablicas e privadas bem como a sociedade a refletir sobre os poss\u00edveis futuros que se apresentam para o desenvolvimento do Brasil, e mais ainda que futuro queremos. O livro apresenta a intera\u00e7\u00e3o entre for\u00e7as globais e locais, destacando como as caracter\u00edsticas \u00fanicas do contexto brasileiro podem representar tanto desafios quanto oportunidades para o seu desenvolvimento.<\/p>\n\n\n\n<p class=\"has-text-align-left\">Ao navegar por estas p\u00e1ginas, o leitor \u00e9 convidado n\u00e3o apenas a imaginar o futuro, mas a se engajar em sua constru\u00e7\u00e3o. Os cen\u00e1rios apresentados n\u00e3o s\u00e3o previs\u00f5es, mas possibilidades que dependem das escolhas e a\u00e7\u00f5es realizadas no presente. Nesse sentido, o livro \u00e9 tamb\u00e9m um convite \u00e0 responsabilidade coletiva, refor\u00e7ando que o futuro do Brasil est\u00e1, em grande parte, nas m\u00e3os de seus cidad\u00e3os e l\u00edderes.<\/p>\n\n\n\n<p>O livro \u00e9 dividido em 32 cap\u00edtulos e 5 partes, com cada uma delas tratando de dimens\u00f5es relevantes do pa\u00eds no momento de se criar estrat\u00e9gias para o futuro. A SocialPort junto a Assecor e a Procad Defesa Prospectiva, apoiou e patrocinou o projeto Brasil 2045, assim como o livro hom\u00f4nimo.<\/p>\n\n\n\n<p>Para baixar o livro em sua vers\u00e3o digital, preencha o formul\u00e1rio abaixo e receba a vers\u00e3o em PDF.<\/p>\n<\/div>\n<\/div>\n\n\n\n<div class=\"forminator-guttenberg\"><div class=\"forminator-ui forminator-custom-form forminator-custom-form-1855 forminator-design--material  forminator_ajax\" data-forminator-render=\"0\" data-form=\"forminator-module-1855\" data-uid=\"69d9a920e60f2\"><br\/><\/div><form\n\t\t\t\tid=\"forminator-module-1855\"\n\t\t\t\tclass=\"forminator-ui forminator-custom-form forminator-custom-form-1855 forminator-design--material  forminator_ajax\"\n\t\t\t\tmethod=\"post\"\n\t\t\t\tdata-forminator-render=\"0\"\n\t\t\t\tdata-form-id=\"1855\"\n\t\t\t\t\n\t\t\t\tdata-design=\"material\"\n\t\t\t\t\n\t\t\t\t\n\t\t\t\t\n\t\t\t\tdata-grid=\"open\"\n\t\t\t\t\n\t\t\t\t\n\t\t\t\tstyle=\"display: none;\"\n\t\t\t\t\n\t\t\t\tdata-uid=\"69d9a920e60f2\" action=\"\"\n\t\t\t><div role=\"alert\" aria-live=\"polite\" class=\"forminator-response-message forminator-error\" aria-hidden=\"true\"><\/div><div class=\"forminator-row\"><div id=\"name-1\" class=\"forminator-field-name forminator-col forminator-col-12  form-white-font\"><div class=\"forminator-field\"><label for=\"forminator-field-name-1_69d9a920e60f2\" id=\"forminator-field-name-1_69d9a920e60f2-label\" class=\"forminator-label\">Primeiro Nome <span class=\"forminator-required\">*<\/span><\/label><input type=\"text\" name=\"name-1\" value=\"\" placeholder=\"E.x. John Doe\" id=\"forminator-field-name-1_69d9a920e60f2\" class=\"forminator-input forminator-name--field\" aria-required=\"true\" \/><\/div><\/div><\/div><div class=\"forminator-row\"><div id=\"name-2\" class=\"forminator-field-name forminator-col forminator-col-12\"><div class=\"forminator-field\"><label for=\"forminator-field-name-2_69d9a920e60f2\" id=\"forminator-field-name-2_69d9a920e60f2-label\" class=\"forminator-label\">Organiza\u00e7\u00e3o <span class=\"forminator-required\">*<\/span><\/label><input type=\"text\" name=\"name-2\" value=\"\" placeholder=\"E.x. SocialPort\" id=\"forminator-field-name-2_69d9a920e60f2\" class=\"forminator-input forminator-name--field\" aria-required=\"true\" \/><\/div><\/div><\/div><div class=\"forminator-row\"><div id=\"email-1\" class=\"forminator-field-email forminator-col forminator-col-12\"><div class=\"forminator-field\"><label for=\"forminator-field-email-1_69d9a920e60f2\" id=\"forminator-field-email-1_69d9a920e60f2-label\" class=\"forminator-label\">Endere\u00e7o de E-mail <span class=\"forminator-required\">*<\/span><\/label><input type=\"email\" name=\"email-1\" value=\"\" placeholder=\"E.x. john@doe.com\" id=\"forminator-field-email-1_69d9a920e60f2\" class=\"forminator-input forminator-email--field\" data-required=\"1\" aria-required=\"true\" \/><\/div><\/div><\/div><input type=\"hidden\" name=\"referer_url\" value=\"\" \/><div class=\"forminator-row forminator-row-last\"><div class=\"forminator-col\"><div class=\"forminator-field\"><button class=\"forminator-button forminator-button-submit\"><span>Receber livro<\/span><span aria-hidden=\"true\"><\/span><\/button><\/div><\/div><\/div><input type=\"hidden\" id=\"forminator_nonce\" name=\"forminator_nonce\" value=\"9b7504c953\" \/><input type=\"hidden\" name=\"_wp_http_referer\" value=\"\/en\/wp-json\/wp\/v2\/pages\/1840\" \/><input type=\"hidden\" name=\"form_id\" value=\"1855\"><input type=\"hidden\" name=\"page_id\" value=\"1840\"><input type=\"hidden\" name=\"form_type\" value=\"default\"><input type=\"hidden\" name=\"current_url\" value=\"https:\/\/socialport.com.br\/en\/livros\/cenarios-brasil-2045\/\"><input type=\"hidden\" name=\"render_id\" value=\"0\"><input type=\"hidden\" name=\"action\" value=\"forminator_submit_form_custom-forms\"><input type=\"hidden\" name=\"trp-form-language\" value=\"en\"\/><\/form><\/div>\n<\/div><\/div>\n\n\n\n<p><\/p>","protected":false},"excerpt":{"rendered":"","protected":false},"author":9,"featured_media":1842,"parent":2424,"menu_order":0,"comment_status":"closed","ping_status":"closed","template":"page-templates\/full-width-no-title.php","meta":{"footnotes":""},"class_list":["post-1840","page","type-page","status-publish","has-post-thumbnail","hentry"],"_links":{"self":[{"href":"https:\/\/socialport.com.br\/en\/wp-json\/wp\/v2\/pages\/1840","targetHints":{"allow":["GET"]}}],"collection":[{"href":"https:\/\/socialport.com.br\/en\/wp-json\/wp\/v2\/pages"}],"about":[{"href":"https:\/\/socialport.com.br\/en\/wp-json\/wp\/v2\/types\/page"}],"author":[{"embeddable":true,"href":"https:\/\/socialport.com.br\/en\/wp-json\/wp\/v2\/users\/9"}],"replies":[{"embeddable":true,"href":"https:\/\/socialport.com.br\/en\/wp-json\/wp\/v2\/comments?post=1840"}],"version-history":[{"count":24,"href":"https:\/\/socialport.com.br\/en\/wp-json\/wp\/v2\/pages\/1840\/revisions"}],"predecessor-version":[{"id":2647,"href":"https:\/\/socialport.com.br\/en\/wp-json\/wp\/v2\/pages\/1840\/revisions\/2647"}],"up":[{"embeddable":true,"href":"https:\/\/socialport.com.br\/en\/wp-json\/wp\/v2\/pages\/2424"}],"wp:featuredmedia":[{"embeddable":true,"href":"https:\/\/socialport.com.br\/en\/wp-json\/wp\/v2\/media\/1842"}],"wp:attachment":[{"href":"https:\/\/socialport.com.br\/en\/wp-json\/wp\/v2\/media?parent=1840"}],"curies":[{"name":"wp","href":"https:\/\/api.w.org\/{rel}","templated":true}]}}