{"id":2362,"date":"2025-11-17T02:14:10","date_gmt":"2025-11-17T02:14:10","guid":{"rendered":"https:\/\/socialport.com.br\/?page_id=2362"},"modified":"2025-12-23T18:37:27","modified_gmt":"2025-12-23T18:37:27","slug":"videos","status":"publish","type":"page","link":"https:\/\/socialport.com.br\/en\/videos\/","title":{"rendered":"V\u00eddeos"},"content":{"rendered":"<div class=\"wp-block-group\"><div class=\"wp-block-group__inner-container is-layout-constrained wp-block-group-is-layout-constrained\">\n<div style=\"height:117px\" aria-hidden=\"true\" class=\"wp-block-spacer\"><\/div>\n\n\n\n<h2 class=\"wp-block-heading\">V\u00eddeos<\/h2>\n<\/div><\/div>\n\n\n<div  class=\"gutenverse guten-postblock postblock-type-1 guten-pagination-scrollload break-point-tablet post-element guten-vqSTGE\"  data-id=\"guten-vqSTGE\" data-settings=\"{&quot;numberPost&quot;:&quot;20&quot;,&quot;includeCategory&quot;:[{&quot;label&quot;:&quot;V\\u00eddeos&quot;,&quot;value&quot;:102}],&quot;categoryEnabled&quot;:false,&quot;paginationMode&quot;:&quot;scrollload&quot;,&quot;paginationNumberPost&quot;:&quot;12&quot;,&quot;inheritQuery&quot;:true,&quot;postType&quot;:&quot;post&quot;,&quot;postOffset&quot;:0,&quot;includePost&quot;:[],&quot;excludePost&quot;:[],&quot;excludeCategory&quot;:[],&quot;includeAuthor&quot;:[],&quot;includeTag&quot;:[],&quot;excludeTag&quot;:[],&quot;htmlTag&quot;:&quot;h3&quot;,&quot;categoryPosition&quot;:&quot;center&quot;,&quot;excerptEnabled&quot;:true,&quot;excerptLength&quot;:20,&quot;excerptMore&quot;:&quot;...&quot;,&quot;readmoreEnabled&quot;:true,&quot;readmoreIcon&quot;:&quot;fas fa-arrow-right&quot;,&quot;readmoreIconPosition&quot;:&quot;after&quot;,&quot;readmoreText&quot;:&quot;Read More&quot;,&quot;commentEnabled&quot;:false,&quot;commentIcon&quot;:&quot;fas fa-comment&quot;,&quot;commentIconPosition&quot;:&quot;before&quot;,&quot;metaEnabled&quot;:true,&quot;metaAuthorEnabled&quot;:true,&quot;metaAuthorByText&quot;:&quot;by&quot;,&quot;metaAuthorIcon&quot;:&quot;fas fa-user&quot;,&quot;metaAuthorIconPosition&quot;:&quot;before&quot;,&quot;metaDateEnabled&quot;:true,&quot;metaDateType&quot;:&quot;published&quot;,&quot;metaDateFormat&quot;:&quot;default&quot;,&quot;metaDateFormatCustom&quot;:&quot;&quot;,&quot;metaDateIcon&quot;:&quot;fas fa-clock&quot;,&quot;metaDateIconPosition&quot;:&quot;before&quot;,&quot;postblockType&quot;:&quot;type-1&quot;,&quot;paginationLoadmoreText&quot;:&quot;Load More&quot;,&quot;paginationLoadingText&quot;:&quot;Loading...&quot;,&quot;paginationScrollLimit&quot;:0,&quot;paginationIcon&quot;:&quot;&quot;,&quot;paginationIconPosition&quot;:&quot;before&quot;,&quot;paged&quot;:1,&quot;class&quot;:null}\"><div class=\"guten-block-container\">\n            <div class=\"guten-posts guten-ajax-flag\">\n            <article class=\"guten-post post-2809 post type-post status-publish format-standard has-post-thumbnail hentry category-videos\">\n                    <div class=\"guten-thumb\"><a href=\"javascript:void(0);\" data-href=\"https:\/\/socialport.com.br\/en\/entrevista-com-thor-gustavson-futurista-da-copenhagen-institute-for-future-studies\/\"><div class=\"thumbnail-container\">\n            <img loading=\"lazy\" decoding=\"async\" width=\"1170\" height=\"634\" src=\"https:\/\/socialport.com.br\/wp-content\/uploads\/2026\/03\/Thor-Gustavson.jpeg\" class=\"attachment-post-thumbnail size-post-thumbnail wp-post-image\" alt=\"\" srcset=\"https:\/\/socialport.com.br\/wp-content\/uploads\/2026\/03\/Thor-Gustavson.jpeg 1170w, https:\/\/socialport.com.br\/wp-content\/uploads\/2026\/03\/Thor-Gustavson-300x163.jpeg 300w, https:\/\/socialport.com.br\/wp-content\/uploads\/2026\/03\/Thor-Gustavson-1024x555.jpeg 1024w, https:\/\/socialport.com.br\/wp-content\/uploads\/2026\/03\/Thor-Gustavson-768x416.jpeg 768w, https:\/\/socialport.com.br\/wp-content\/uploads\/2026\/03\/Thor-Gustavson-18x10.jpeg 18w\" sizes=\"auto, 100vw\" \/>\n\t\t\t<div class=\"guten-overlay\"><\/div>\n        <\/div><\/a><\/div>\n                    <div class=\"guten-postblock-content\"><h3 class=\"guten-post-title\"><a href=\"javascript:void(0);\" data-href=\"https:\/\/socialport.com.br\/en\/entrevista-com-thor-gustavson-futurista-da-copenhagen-institute-for-future-studies\/\">Entrevista com Thor Gustavson &#8211; Futurista da Copenhagen Institute for Future Studies<\/a><\/h3>\n                <div class=\"guten-post-meta\"><div class=\"guten-meta-author icon-position-before\"><i aria-hidden=\"true\" class=\"fas fa-user\"><\/i><span class=\"by\">by<\/span> <a href=\"javascript:void(0);\" data-href=\"https:\/\/socialport.com.br\/en\/author\/claudinei\/\">Claudinei Abreu<\/a><\/div><div class=\"guten-meta-date icon-position-before\"><i aria-hidden=\"true\" class=\"fas fa-clock\"><\/i>05\/03\/2026<\/div><\/div><div class=\"guten-post-excerpt\"><p>Entrevista com Thor Gustavson &#8211; Futurista da Copenhagen Institute for Future Studies Thor Svanholm Gustavfson, futurista da Copenhagen Institute for&#8230;<\/p><\/div>\n            <div class=\"guten-post-meta-bottom\">\n                <div class=\"guten-meta-readmore icon-position-after\">\n                <a href=\"javascript:void(0);\" data-href=\"https:\/\/socialport.com.br\/en\/entrevista-com-thor-gustavson-futurista-da-copenhagen-institute-for-future-studies\/\" class=\"guten-readmore\">Read More<i aria-hidden=\"true\" class=\"fas fa-arrow-right\"><\/i><\/a>\n            <\/div>\n            <\/div><\/div>\n                <\/article><article class=\"guten-post post-2708 post type-post status-publish format-standard has-post-thumbnail hentry category-videos\">\n                    <div class=\"guten-thumb\"><a href=\"javascript:void(0);\" data-href=\"https:\/\/socialport.com.br\/en\/entrevista-com-grzegorz-drozd-vice-chefe-da-unidade-comissao-europeia-secretaria-geral-foresight-e-comunicacao-estrategica\/\"><div class=\"thumbnail-container\">\n            <img loading=\"lazy\" decoding=\"async\" width=\"1170\" height=\"634\" src=\"https:\/\/socialport.com.br\/wp-content\/uploads\/2026\/02\/Grzegorz-Drozd_2.jpeg\" class=\"attachment-post-thumbnail size-post-thumbnail wp-post-image\" alt=\"\" srcset=\"https:\/\/socialport.com.br\/wp-content\/uploads\/2026\/02\/Grzegorz-Drozd_2.jpeg 1170w, https:\/\/socialport.com.br\/wp-content\/uploads\/2026\/02\/Grzegorz-Drozd_2-300x163.jpeg 300w, https:\/\/socialport.com.br\/wp-content\/uploads\/2026\/02\/Grzegorz-Drozd_2-1024x555.jpeg 1024w, https:\/\/socialport.com.br\/wp-content\/uploads\/2026\/02\/Grzegorz-Drozd_2-768x416.jpeg 768w, https:\/\/socialport.com.br\/wp-content\/uploads\/2026\/02\/Grzegorz-Drozd_2-18x10.jpeg 18w\" sizes=\"auto, 100vw\" \/>\n\t\t\t<div class=\"guten-overlay\"><\/div>\n        <\/div><\/a><\/div>\n                    <div class=\"guten-postblock-content\"><h3 class=\"guten-post-title\"><a href=\"javascript:void(0);\" data-href=\"https:\/\/socialport.com.br\/en\/entrevista-com-grzegorz-drozd-vice-chefe-da-unidade-comissao-europeia-secretaria-geral-foresight-e-comunicacao-estrategica\/\">Entrevista com Grzegorz Drozd &#8211; Chefe adjunto da unidade de programas e foresight<\/a><\/h3>\n                <div class=\"guten-post-meta\"><div class=\"guten-meta-author icon-position-before\"><i aria-hidden=\"true\" class=\"fas fa-user\"><\/i><span class=\"by\">by<\/span> <a href=\"javascript:void(0);\" data-href=\"https:\/\/socialport.com.br\/en\/author\/claudinei\/\">Claudinei Abreu<\/a><\/div><div class=\"guten-meta-date icon-position-before\"><i aria-hidden=\"true\" class=\"fas fa-clock\"><\/i>19\/02\/2026<\/div><\/div><div class=\"guten-post-excerpt\"><p>Entrevista com Grzegorz Drozd &#8211; Chefe adjunto da unidade de programas e foresight Grzegorz Drozd, Vice-Chefe da Unidade, Comiss\u00e3o Europeia,&#8230;<\/p><\/div>\n            <div class=\"guten-post-meta-bottom\">\n                <div class=\"guten-meta-readmore icon-position-after\">\n                <a href=\"javascript:void(0);\" data-href=\"https:\/\/socialport.com.br\/en\/entrevista-com-grzegorz-drozd-vice-chefe-da-unidade-comissao-europeia-secretaria-geral-foresight-e-comunicacao-estrategica\/\" class=\"guten-readmore\">Read More<i aria-hidden=\"true\" class=\"fas fa-arrow-right\"><\/i><\/a>\n            <\/div>\n            <\/div><\/div>\n                <\/article><article class=\"guten-post post-1043 post type-post status-publish format-standard has-post-thumbnail hentry category-entrevistas category-videos\">\n                    <div class=\"guten-thumb\"><a href=\"javascript:void(0);\" data-href=\"https:\/\/socialport.com.br\/en\/vanessa-barreto-a-importancia-dos-cenarios-e-da-tecnologia-nos-trabalhos-de-prospectiva\/\"><div class=\"thumbnail-container\">\n            <img loading=\"lazy\" decoding=\"async\" width=\"1280\" height=\"720\" src=\"https:\/\/socialport.com.br\/wp-content\/uploads\/2022\/12\/WhatsApp-Image-2022-12-05-at-20.51.55.jpeg\" class=\"attachment-post-thumbnail size-post-thumbnail wp-post-image\" alt=\"https:\/\/socialport.com.br\/vanessa-barreto-a-importancia-dos-cenarios-e-da-tecnologia-nos-trabalhos-de-prospectiva\/\" srcset=\"https:\/\/socialport.com.br\/wp-content\/uploads\/2022\/12\/WhatsApp-Image-2022-12-05-at-20.51.55.jpeg 1280w, https:\/\/socialport.com.br\/wp-content\/uploads\/2022\/12\/WhatsApp-Image-2022-12-05-at-20.51.55-300x169.jpeg 300w, https:\/\/socialport.com.br\/wp-content\/uploads\/2022\/12\/WhatsApp-Image-2022-12-05-at-20.51.55-1024x576.jpeg 1024w, https:\/\/socialport.com.br\/wp-content\/uploads\/2022\/12\/WhatsApp-Image-2022-12-05-at-20.51.55-768x432.jpeg 768w\" sizes=\"auto, 100vw\" \/>\n\t\t\t<div class=\"guten-overlay\"><\/div>\n        <\/div><\/a><\/div>\n                    <div class=\"guten-postblock-content\"><h3 class=\"guten-post-title\"><a href=\"javascript:void(0);\" data-href=\"https:\/\/socialport.com.br\/en\/vanessa-barreto-a-importancia-dos-cenarios-e-da-tecnologia-nos-trabalhos-de-prospectiva\/\">Vanessa Barreto: A import\u00e2ncia dos cen\u00e1rios e da tecnologia nos trabalhos de prospectiva da DPU<\/a><\/h3>\n                <div class=\"guten-post-meta\"><div class=\"guten-meta-author icon-position-before\"><i aria-hidden=\"true\" class=\"fas fa-user\"><\/i><span class=\"by\">by<\/span> <a href=\"javascript:void(0);\" data-href=\"https:\/\/socialport.com.br\/en\/author\/mariana\/\">Mariana Araujo<\/a><\/div><div class=\"guten-meta-date icon-position-before\"><i aria-hidden=\"true\" class=\"fas fa-clock\"><\/i>14\/12\/2022<\/div><\/div><div class=\"guten-post-excerpt\"><p>Uma observa\u00e7\u00e3o do presente e futuro dos estudos estrat\u00e9gicos com o aux\u00edlio das ferramentas tecnol\u00f3gicas que vem se desenvolvendo a&#8230;<\/p><\/div>\n            <div class=\"guten-post-meta-bottom\">\n                <div class=\"guten-meta-readmore icon-position-after\">\n                <a href=\"javascript:void(0);\" data-href=\"https:\/\/socialport.com.br\/en\/vanessa-barreto-a-importancia-dos-cenarios-e-da-tecnologia-nos-trabalhos-de-prospectiva\/\" class=\"guten-readmore\">Read More<i aria-hidden=\"true\" class=\"fas fa-arrow-right\"><\/i><\/a>\n            <\/div>\n            <\/div><\/div>\n                <\/article>\n        <\/div>\n        <\/div><\/div>","protected":false},"excerpt":{"rendered":"<p>V\u00eddeos<\/p>","protected":false},"author":1,"featured_media":0,"parent":0,"menu_order":0,"comment_status":"closed","ping_status":"closed","template":"","meta":{"footnotes":""},"class_list":["post-2362","page","type-page","status-publish","hentry"],"_links":{"self":[{"href":"https:\/\/socialport.com.br\/en\/wp-json\/wp\/v2\/pages\/2362","targetHints":{"allow":["GET"]}}],"collection":[{"href":"https:\/\/socialport.com.br\/en\/wp-json\/wp\/v2\/pages"}],"about":[{"href":"https:\/\/socialport.com.br\/en\/wp-json\/wp\/v2\/types\/page"}],"author":[{"embeddable":true,"href":"https:\/\/socialport.com.br\/en\/wp-json\/wp\/v2\/users\/1"}],"replies":[{"embeddable":true,"href":"https:\/\/socialport.com.br\/en\/wp-json\/wp\/v2\/comments?post=2362"}],"version-history":[{"count":5,"href":"https:\/\/socialport.com.br\/en\/wp-json\/wp\/v2\/pages\/2362\/revisions"}],"predecessor-version":[{"id":2499,"href":"https:\/\/socialport.com.br\/en\/wp-json\/wp\/v2\/pages\/2362\/revisions\/2499"}],"wp:attachment":[{"href":"https:\/\/socialport.com.br\/en\/wp-json\/wp\/v2\/media?parent=2362"}],"curies":[{"name":"wp","href":"https:\/\/api.w.org\/{rel}","templated":true}]}}