{"id":2378,"date":"2025-11-17T03:02:17","date_gmt":"2025-11-17T03:02:17","guid":{"rendered":"https:\/\/socialport.com.br\/?page_id=2378"},"modified":"2025-11-17T03:16:25","modified_gmt":"2025-11-17T03:16:25","slug":"solucoes-tecnologicas","status":"publish","type":"page","link":"https:\/\/socialport.com.br\/en\/solucoes-tecnologicas\/","title":{"rendered":"Solu\u00e7\u00f5es Tecnol\u00f3gicas"},"content":{"rendered":"<div class=\"wp-block-group\"><div class=\"wp-block-group__inner-container is-layout-constrained wp-block-group-is-layout-constrained\">\n<div style=\"height:117px\" aria-hidden=\"true\" class=\"wp-block-spacer\"><\/div>\n\n\n\n<div style=\"height:6px\" aria-hidden=\"true\" class=\"wp-block-spacer\"><\/div>\n<\/div><\/div>\n\n\n\n<div style=\"height:148px\" aria-hidden=\"true\" class=\"wp-block-spacer\"><\/div>\n\n\n\n<figure class=\"wp-block-image\"><img loading=\"lazy\" decoding=\"async\" width=\"1024\" height=\"222\" src=\"https:\/\/wp.socialport.com.br\/wp-content\/uploads\/2022\/07\/SocialPort-Marcas-Enterprise-azul-png-1024x222.png\" alt=\"\" class=\"wp-image-129\" srcset=\"https:\/\/socialport.com.br\/wp-content\/uploads\/2022\/07\/SocialPort-Marcas-Enterprise-azul-png-1024x222.png 1024w, https:\/\/socialport.com.br\/wp-content\/uploads\/2022\/07\/SocialPort-Marcas-Enterprise-azul-png-300x65.png 300w, https:\/\/socialport.com.br\/wp-content\/uploads\/2022\/07\/SocialPort-Marcas-Enterprise-azul-png-768x166.png 768w, https:\/\/socialport.com.br\/wp-content\/uploads\/2022\/07\/SocialPort-Marcas-Enterprise-azul-png-1536x333.png 1536w, https:\/\/socialport.com.br\/wp-content\/uploads\/2022\/07\/SocialPort-Marcas-Enterprise-azul-png.png 1731w\" sizes=\"auto, (max-width: 1024px) 100vw, 1024px\" \/><\/figure>\n\n\n\n<p>A SocialPort Enterprise\u2122 (SPE) \u00e9 uma plataforma que permite a execu\u00e7\u00e3o de levantamentos de informa\u00e7\u00e3o estrat\u00e9gica. Seus principais objetivos s\u00e3o usabilidade e automa\u00e7\u00e3o e a plataforma centraliza as ferramentas de prospectiva\/<em>foresight<\/em> e da formula\u00e7\u00e3o estrat\u00e9gica, permitindo a execu\u00e7\u00e3o de v\u00e1rias metodologias consagradas de forma customizada e com acompanhamento em tempo real em nosso <em>dashboard<\/em>. Ela viabiliza a constru\u00e7\u00e3o de cen\u00e1rios seguindo metodologias diversas, como a de Godet, GBN, probabilista modificada por tend\u00eancias, etc. Tamb\u00e9m apoia processos de <em>Horizon scanning<\/em> e identifica\u00e7\u00e3o de megatend\u00eancias.<br><br>Integrado por especialistas e outros convidados, a plataforma atende a diversas necessidades do usu\u00e1rio, oferecendo em nosso <em>dashboard<\/em> uma interface organizada, explicativa, expositiva e de f\u00e1cil entendimento. Dentre as metodologias dispon\u00edveis na SocialPort Enterprise\u2122, est\u00e3o:<\/p>\n\n\n\n<figure class=\"wp-block-image\"><img loading=\"lazy\" decoding=\"async\" width=\"150\" height=\"150\" src=\"https:\/\/wp.socialport.com.br\/wp-content\/uploads\/2022\/07\/icones3-150x150.png\" alt=\"\" class=\"wp-image-63\"\/><figcaption class=\"wp-element-caption\">Generic Survey<\/figcaption><\/figure>\n\n\n\n<p>Allows the construction of a form to be answered, giving the possibility of creating questions of various numerical types, text fields, sliders, percentage, and more.<\/p>\n\n\n\n<p>Monitoring can be done in real time on the dashboard, showing the participants' metadata and grouping all the answers to a question in customized charts for each type of question.<\/p>\n\n\n\n<p>On the dashboard it is also possible to export this data by downloading it in Excel format or by generating an automatic report in Word that extracts all the charts and values \u200b\u200bcompiled from the research carried out.<\/p>\n\n\n\n<figure class=\"wp-block-image\"><img loading=\"lazy\" decoding=\"async\" width=\"150\" height=\"150\" src=\"https:\/\/wp.socialport.com.br\/wp-content\/uploads\/2022\/07\/icones1-150x150.png\" alt=\"\" class=\"wp-image-61\"\/><figcaption class=\"wp-element-caption\">Delphi<\/figcaption><\/figure>\n\n\n\n<p>The Delphi survey is an opinion convergence method that is achieved in a sequence of steps. It refers to carrying out successive research steps, carried out with experts. Its objective is to obtain convergence of opinion regarding numerical values, such as, for example, the probability of occurrence of a future event or future expectations in relation to the value of an indicator. This convergence is stimulated by the median value indicated at each stage by the participants.<\/p>\n\n\n\n<p>At SocialPort, all execution steps seek to speed up results. Therefore, sending invitations, starting new stages and calculating medians are all automatic. Another difference concerns the user experience, as the questions presented are only those that have not yet achieved convergence, reducing the number of questions to be answered at each stage.<\/p>\n\n\n\n<figure class=\"wp-block-image\"><img loading=\"lazy\" decoding=\"async\" width=\"150\" height=\"150\" src=\"https:\/\/wp.socialport.com.br\/wp-content\/uploads\/2022\/07\/icones2-150x150.png\" alt=\"\" class=\"wp-image-62\"\/><figcaption class=\"wp-element-caption\">Critical Uncertainties<\/figcaption><\/figure>\n\n\n\n<p>Research that aims to identify important events with a high degree of uncertainty. This is done with a numerical scale of importance, with 1 being irrelevant and 5 being very important, and with an uncertainty value converted from the probability of the event occurring.<\/p>\n\n\n\n<p>The research takes place in a single round, in which experts indicate the two values \u200b\u200bmentioned above for each event. On the Dashboard, de Importance X Uncertainty chart is displayed, in addidtion to charts referring to each event, with all the resulting descriptive statistics.<\/p>\n\n\n\n<figure class=\"wp-block-image\"><img loading=\"lazy\" decoding=\"async\" width=\"123\" height=\"110\" src=\"https:\/\/wp.socialport.com.br\/wp-content\/uploads\/2022\/07\/icones-04.png\" alt=\"\" class=\"wp-image-166\"\/><figcaption class=\"wp-element-caption\">Motricity and Dependency<\/figcaption><\/figure>\n\n\n\n<p>Research that aims to verify the capacity for direct and indirect interference of event V1 on other events (Vn) that constitute the system object of the study. This is done by filling in a matrix, in which the value of a field corresponds to the ability of a certain event, described in a row, to interfere with the occurrence of other events described in the columns.<\/p>\n\n\n\n<p>The Dashboard presents the Motricity X  Dependence chart, the matrix filled with the average of the values \u200b\u200bobtained from the respondents and a calculator that allows identifying the motricity and dependence values \u200b\u200bof each variable at higher levels of interference.<\/p>\n\n\n\n<figure class=\"wp-block-image\"><img loading=\"lazy\" decoding=\"async\" width=\"150\" height=\"150\" src=\"https:\/\/wp.socialport.com.br\/wp-content\/uploads\/2022\/07\/icones4-150x150.png\" alt=\"\" class=\"wp-image-64\"\/><figcaption class=\"wp-element-caption\">Actor's Motricity<\/figcaption><\/figure>\n\n\n\n<p>The tool aims to verify the degree of influence that each actor has on the variables. This is done by filling in a matrix in which each cell refers to the impact that the actor (column) has on the variable (row).<\/p>\n\n\n\n<p>The result is presented as a ranking of the most influential actors in the system.<\/p>\n\n\n\n<p>A import\u00e2ncia da an\u00e1lise dos atores est\u00e1 pautada no fato de que, nenhuma vari\u00e1vel se movimenta ou muda o curso do seu comportamento se n\u00e3o houver um ator influenciando esse movimento<\/p>\n\n\n\n<div style=\"height:148px\" aria-hidden=\"true\" class=\"wp-block-spacer\"><\/div>","protected":false},"excerpt":{"rendered":"<p>A SocialPort Enterprise\u2122 (SPE) \u00e9 uma plataforma que permite a execu\u00e7\u00e3o de levantamentos de informa\u00e7\u00e3o estrat\u00e9gica. Seus principais objetivos s\u00e3o usabilidade e automa\u00e7\u00e3o e a plataforma centraliza as ferramentas de prospectiva\/foresight e da formula\u00e7\u00e3o estrat\u00e9gica, permitindo a execu\u00e7\u00e3o de v\u00e1rias metodologias consagradas de forma customizada e com acompanhamento em tempo real em nosso dashboard. Ela &hellip; <\/p>\n<p class=\"link-more\"><a href=\"https:\/\/socialport.com.br\/en\/solucoes-tecnologicas\/\" class=\"more-link\">Read more<span class=\"screen-reader-text\"> &#8220;Solu\u00e7\u00f5es Tecnol\u00f3gicas&#8221;<\/span><\/a><\/p>","protected":false},"author":1,"featured_media":0,"parent":0,"menu_order":0,"comment_status":"closed","ping_status":"closed","template":"","meta":{"footnotes":""},"class_list":["post-2378","page","type-page","status-publish","hentry"],"_links":{"self":[{"href":"https:\/\/socialport.com.br\/en\/wp-json\/wp\/v2\/pages\/2378","targetHints":{"allow":["GET"]}}],"collection":[{"href":"https:\/\/socialport.com.br\/en\/wp-json\/wp\/v2\/pages"}],"about":[{"href":"https:\/\/socialport.com.br\/en\/wp-json\/wp\/v2\/types\/page"}],"author":[{"embeddable":true,"href":"https:\/\/socialport.com.br\/en\/wp-json\/wp\/v2\/users\/1"}],"replies":[{"embeddable":true,"href":"https:\/\/socialport.com.br\/en\/wp-json\/wp\/v2\/comments?post=2378"}],"version-history":[{"count":2,"href":"https:\/\/socialport.com.br\/en\/wp-json\/wp\/v2\/pages\/2378\/revisions"}],"predecessor-version":[{"id":2386,"href":"https:\/\/socialport.com.br\/en\/wp-json\/wp\/v2\/pages\/2378\/revisions\/2386"}],"wp:attachment":[{"href":"https:\/\/socialport.com.br\/en\/wp-json\/wp\/v2\/media?parent=2378"}],"curies":[{"name":"wp","href":"https:\/\/api.w.org\/{rel}","templated":true}]}}