{"id":2381,"date":"2025-11-17T03:04:15","date_gmt":"2025-11-17T03:04:15","guid":{"rendered":"https:\/\/socialport.com.br\/?page_id=2381"},"modified":"2025-11-17T03:15:48","modified_gmt":"2025-11-17T03:15:48","slug":"socialport-academy","status":"publish","type":"page","link":"https:\/\/socialport.com.br\/en\/socialport-academy\/","title":{"rendered":"SocialPort Academy"},"content":{"rendered":"<div class=\"wp-block-group\"><div class=\"wp-block-group__inner-container is-layout-constrained wp-block-group-is-layout-constrained\">\n<div style=\"height:117px\" aria-hidden=\"true\" class=\"wp-block-spacer\"><\/div>\n\n\n\n<div style=\"height:6px\" aria-hidden=\"true\" class=\"wp-block-spacer\"><\/div>\n<\/div><\/div>\n\n\n\n<div style=\"height:148px\" aria-hidden=\"true\" class=\"wp-block-spacer\"><\/div>\n\n\n\n<figure class=\"wp-block-image\"><img loading=\"lazy\" decoding=\"async\" width=\"1024\" height=\"293\" src=\"https:\/\/wp.socialport.com.br\/wp-content\/uploads\/2022\/07\/SocialPort-Marcas-Academy-azul-png-1024x293.png\" alt=\"\" class=\"wp-image-127\" srcset=\"https:\/\/socialport.com.br\/wp-content\/uploads\/2022\/07\/SocialPort-Marcas-Academy-azul-png-1024x293.png 1024w, https:\/\/socialport.com.br\/wp-content\/uploads\/2022\/07\/SocialPort-Marcas-Academy-azul-png-300x86.png 300w, https:\/\/socialport.com.br\/wp-content\/uploads\/2022\/07\/SocialPort-Marcas-Academy-azul-png-768x220.png 768w, https:\/\/socialport.com.br\/wp-content\/uploads\/2022\/07\/SocialPort-Marcas-Academy-azul-png-1536x439.png 1536w, https:\/\/socialport.com.br\/wp-content\/uploads\/2022\/07\/SocialPort-Marcas-Academy-azul-png.png 1709w\" sizes=\"auto, (max-width: 1024px) 100vw, 1024px\" \/><\/figure>\n\n\n\n<p>Formulate winning strategies based on scenarios or megatrends, in turbulent environments filled with great uncertainty. Our expertise, with the support of SocialPort Enterprise, and using the best methodology based on the organization's situation and goals, we were able to build strategic objectives based on scenarios in 6 months.<\/p>\n\n\n\n<p>The SocialPort Academy is a complete and up to date training program on scenario planning methodology, strategic monitoring and the construction and use of mini-scenarios.<br><br>Through our training program, SocialPort Academy, it was possible to mentor the Brazilian National Electric Energy Agency (ANEEL), Energy research company (EPE), Brazilian Ministry of Mines and Energy, APEX-Brasil, War Collage (ESG), DEPEN,  Brazlian Superior Justice Tribunal (STJ), Brazilian Ministry of Health, Brazilian Intelligence Agency (ABIN), Institute of Applied Economic Research (IPEA), among others.<br><br>Formulate winning strategies based on scenarios or megatrends, in turbulent environments filled with great uncertainty. Our expertise, with the support of SocialPort Enterprise, and using the best methodology based on the organization's situation and goals, we were able to build strategic objectives based on scenarios in 6 months.<\/p>\n\n\n\n<div style=\"height:148px\" aria-hidden=\"true\" class=\"wp-block-spacer\"><\/div>","protected":false},"excerpt":{"rendered":"<p>Formule estrat\u00e9gias vencedoras com base em cen\u00e1rios ou megatend\u00eancias, em ambientes turbulentos e de grande incerteza. Nossa expertise e com o apoio da SocialPort Enterprise e com uso da melhor metodologia baseado na situa\u00e7\u00e3o e objetivo da organiza\u00e7\u00e3o, conseguimos construir os objetivos estrat\u00e9gicos com base em cen\u00e1rios em 6 meses. A SocialPort Academy \u00e9 um &hellip; <\/p>\n<p class=\"link-more\"><a href=\"https:\/\/socialport.com.br\/en\/socialport-academy\/\" class=\"more-link\">Read more<span class=\"screen-reader-text\"> &#8220;SocialPort Academy&#8221;<\/span><\/a><\/p>","protected":false},"author":1,"featured_media":0,"parent":0,"menu_order":0,"comment_status":"closed","ping_status":"closed","template":"","meta":{"footnotes":""},"class_list":["post-2381","page","type-page","status-publish","hentry"],"_links":{"self":[{"href":"https:\/\/socialport.com.br\/en\/wp-json\/wp\/v2\/pages\/2381","targetHints":{"allow":["GET"]}}],"collection":[{"href":"https:\/\/socialport.com.br\/en\/wp-json\/wp\/v2\/pages"}],"about":[{"href":"https:\/\/socialport.com.br\/en\/wp-json\/wp\/v2\/types\/page"}],"author":[{"embeddable":true,"href":"https:\/\/socialport.com.br\/en\/wp-json\/wp\/v2\/users\/1"}],"replies":[{"embeddable":true,"href":"https:\/\/socialport.com.br\/en\/wp-json\/wp\/v2\/comments?post=2381"}],"version-history":[{"count":3,"href":"https:\/\/socialport.com.br\/en\/wp-json\/wp\/v2\/pages\/2381\/revisions"}],"predecessor-version":[{"id":2385,"href":"https:\/\/socialport.com.br\/en\/wp-json\/wp\/v2\/pages\/2381\/revisions\/2385"}],"wp:attachment":[{"href":"https:\/\/socialport.com.br\/en\/wp-json\/wp\/v2\/media?parent=2381"}],"curies":[{"name":"wp","href":"https:\/\/api.w.org\/{rel}","templated":true}]}}