{"id":2387,"date":"2025-11-17T03:17:58","date_gmt":"2025-11-17T03:17:58","guid":{"rendered":"https:\/\/socialport.com.br\/?page_id=2387"},"modified":"2025-11-17T03:18:29","modified_gmt":"2025-11-17T03:18:29","slug":"consultoria-mentoria","status":"publish","type":"page","link":"https:\/\/socialport.com.br\/en\/consultoria-mentoria\/","title":{"rendered":"Consultoria &amp; Mentoria"},"content":{"rendered":"<div style=\"height:148px\" aria-hidden=\"true\" class=\"wp-block-spacer\"><\/div>\n\n\n\n<figure class=\"wp-block-image size-large\"><img loading=\"lazy\" decoding=\"async\" width=\"1024\" height=\"192\" src=\"https:\/\/socialport.com.br\/wp-content\/uploads\/2022\/07\/SocialPort-Marcas-rede-azul-png-1024x192.png\" alt=\"\" class=\"wp-image-128\" srcset=\"https:\/\/socialport.com.br\/wp-content\/uploads\/2022\/07\/SocialPort-Marcas-rede-azul-png-1024x192.png 1024w, https:\/\/socialport.com.br\/wp-content\/uploads\/2022\/07\/SocialPort-Marcas-rede-azul-png-300x56.png 300w, https:\/\/socialport.com.br\/wp-content\/uploads\/2022\/07\/SocialPort-Marcas-rede-azul-png-768x144.png 768w, https:\/\/socialport.com.br\/wp-content\/uploads\/2022\/07\/SocialPort-Marcas-rede-azul-png-1536x287.png 1536w, https:\/\/socialport.com.br\/wp-content\/uploads\/2022\/07\/SocialPort-Marcas-rede-azul-png-2048x383.png 2048w\" sizes=\"auto, (max-width: 1024px) 100vw, 1024px\" \/><\/figure>\n\n\n\n<p><strong>Navegue pela Incerteza. Domine o Futuro. Formule estrat\u00e9gias customizadas com a SocialPort.<\/strong><\/p>\n\n\n\n<p>Incerteza n\u00e3o precisa significar risco. Em um mundo de mudan\u00e7as constantes, a reatividade n\u00e3o \u00e9 mais uma op\u00e7\u00e3o. A SocialPort oferece solu\u00e7\u00f5es customizadas de <em>Foresight<\/em> e Intelig\u00eancia Estrat\u00e9gica para transformar a incerteza em oportunidade. Atuando de forma inovadora, garante que sua organiza\u00e7\u00e3o mais que sobreviva ao futuro, mas o construa, transformando a complexidade ambiental em sua maior vantagem competitiva.<\/p>\n\n\n\n<p><strong>Nossas solu\u00e7\u00f5es sob medida para a sua organiza\u00e7\u00e3o<\/strong><\/p>\n\n\n\n<p><strong>Consultoria &amp; Mentoria Estrat\u00e9gica para C-Levels:<\/strong> Para o C-Level que precisa de certeza, oferecemos Consultoria &amp; Mentoria direta para a alta gest\u00e3o. Fortalecemos sua lideran\u00e7a para tomar decis\u00f5es cr\u00edticas com confian\u00e7a. Em uma parceria de 4 meses, unimos nossa expertise \u00e0 plataforma <strong>SocialPort Enterprise<\/strong> para cocriar objetivos e estrat\u00e9gias robustas com base em um <em>toolkit<\/em> de <em>foresight<\/em>, garantindo que sua vis\u00e3o de futuro se torne realidade.<\/p>\n\n\n\n<p><strong>Estrat\u00e9gia vencedora com base em Cen\u00e1rios e Megatend\u00eancias:<\/strong> Deixe de reagir e comece a agir. Mapeamos os futuros poss\u00edveis e apoiamos \u00e0 formula\u00e7\u00e3o de estrat\u00e9gias proativas que posicionar\u00e3o sua empresa \u00e0 frente da concorr\u00eancia. Com metodologias adaptadas \u00e0 sua realidade, entregamos um plano estrat\u00e9gico claro e acion\u00e1vel em 3 a 6 meses com o uso da <strong>SocialPort Entreprise<\/strong>.<\/p>\n\n\n\n<p><strong>Decis\u00f5es \u00e1geis com Minicen\u00e1rios:<\/strong> Precisa de uma decis\u00e3o estrat\u00e9gica ou de marketing para ontem? Em cerca de 40 horas, nossa equipe, apoiada pela <strong>SocialPort Enterprise<\/strong>, constr\u00f3i minicen\u00e1rios sobre temas espec\u00edficos, oferecendo a clareza necess\u00e1ria para agir com velocidade e seguran\u00e7a em ambientes de alta volatilidade.<\/p>\n\n\n\n<p><strong><em>Horizon Scanning: <\/em><\/strong><strong>um radar de Sinais Fracos:<\/strong> Nunca mais seja surpreendido e tome decis\u00f5es proativas. Implementamos um sistema de monitoramento cont\u00ednuo para identificar sinais fracos, tend\u00eancias emergentes e inovar antes dos seus concorrentes. Com a plataforma <strong>SocialPort Rede<\/strong>, engajamos toda a sua organiza\u00e7\u00e3o na identifica\u00e7\u00e3o de oportunidades e amea\u00e7as, criando uma cultura de antecipa\u00e7\u00e3o.<\/p>\n\n\n\n<p><strong>Futures Literacy: capacitando sua equipe para o futuro:<\/strong> Transforme o <em>mindset<\/em> da sua organiza\u00e7\u00e3o. Com nosso programa de Letramento de Futuro, seus l\u00edderes aprender\u00e3o a navegar na complexidade e se preparar para um leque de futuros poss\u00edveis. Tamb\u00e9m estar\u00e3o aptos a tomar decis\u00f5es mais consistentes, antecipar tend\u00eancias e garantir vantagem competitiva a longo prazo ao formularem estrat\u00e9gias mais flex\u00edveis e alocarem recursos de forma mais inteligente.<\/p>\n\n\n\n<p><strong>Implementa\u00e7\u00e3o de Intelig\u00eancia Estrat\u00e9gica:<\/strong> Transforme informa\u00e7\u00e3o em poder. Estruturamos uma \u00e1rea de Intelig\u00eancia Estrat\u00e9gica na sua empresa para fornecer uma vis\u00e3o 360\u00b0 do mercado, antecipar tend\u00eancia e movimentos da concorr\u00eancia e garantir uma vantagem competitiva sustent\u00e1vel. N\u00e3o seja surpreendido e aja de forma proativa, alocando recursos em oportunidades de maior retorno e mitigando riscos antes que se tornem amea\u00e7as reais.<\/p>\n\n\n\n<p><strong>N\u00e3o espere o futuro acontecer. Crie-o. Vamos conversar sobre seus desafios.<\/strong><\/p>\n\n\n\n<div style=\"height:148px\" aria-hidden=\"true\" class=\"wp-block-spacer\"><\/div>","protected":false},"excerpt":{"rendered":"<p>Navegue pela Incerteza. Domine o Futuro. Formule estrat\u00e9gias customizadas com a SocialPort. Incerteza n\u00e3o precisa significar risco. Em um mundo de mudan\u00e7as constantes, a reatividade n\u00e3o \u00e9 mais uma op\u00e7\u00e3o. A SocialPort oferece solu\u00e7\u00f5es customizadas de Foresight e Intelig\u00eancia Estrat\u00e9gica para transformar a incerteza em oportunidade. Atuando de forma inovadora, garante que sua organiza\u00e7\u00e3o mais &hellip; <\/p>\n<p class=\"link-more\"><a href=\"https:\/\/socialport.com.br\/en\/consultoria-mentoria\/\" class=\"more-link\">Read more<span class=\"screen-reader-text\"> &#8220;Consultoria &amp; Mentoria&#8221;<\/span><\/a><\/p>","protected":false},"author":1,"featured_media":0,"parent":0,"menu_order":0,"comment_status":"closed","ping_status":"closed","template":"","meta":{"footnotes":""},"class_list":["post-2387","page","type-page","status-publish","hentry"],"_links":{"self":[{"href":"https:\/\/socialport.com.br\/en\/wp-json\/wp\/v2\/pages\/2387","targetHints":{"allow":["GET"]}}],"collection":[{"href":"https:\/\/socialport.com.br\/en\/wp-json\/wp\/v2\/pages"}],"about":[{"href":"https:\/\/socialport.com.br\/en\/wp-json\/wp\/v2\/types\/page"}],"author":[{"embeddable":true,"href":"https:\/\/socialport.com.br\/en\/wp-json\/wp\/v2\/users\/1"}],"replies":[{"embeddable":true,"href":"https:\/\/socialport.com.br\/en\/wp-json\/wp\/v2\/comments?post=2387"}],"version-history":[{"count":2,"href":"https:\/\/socialport.com.br\/en\/wp-json\/wp\/v2\/pages\/2387\/revisions"}],"predecessor-version":[{"id":2390,"href":"https:\/\/socialport.com.br\/en\/wp-json\/wp\/v2\/pages\/2387\/revisions\/2390"}],"wp:attachment":[{"href":"https:\/\/socialport.com.br\/en\/wp-json\/wp\/v2\/media?parent=2387"}],"curies":[{"name":"wp","href":"https:\/\/api.w.org\/{rel}","templated":true}]}}