{"id":2424,"date":"2025-11-17T18:49:23","date_gmt":"2025-11-17T18:49:23","guid":{"rendered":"https:\/\/socialport.com.br\/?page_id=2424"},"modified":"2026-02-18T20:54:00","modified_gmt":"2026-02-18T20:54:00","slug":"livros","status":"publish","type":"page","link":"https:\/\/socialport.com.br\/en\/livros\/","title":{"rendered":"Livros"},"content":{"rendered":"<div style=\"height:117px\" aria-hidden=\"true\" class=\"wp-block-spacer\"><\/div>\n\n\n\n<h2 class=\"wp-block-heading\">Livros<\/h2>\n\n\n<div  class=\"gutenverse guten-postblock postblock-type-1 guten-pagination-disable break-point-tablet post-element guten-IPDbaY\"  data-id=\"guten-IPDbaY\" data-settings=\"{&quot;postType&quot;:&quot;page&quot;,&quot;numberPost&quot;:&quot;20&quot;,&quot;includePost&quot;:[{&quot;label&quot;:&quot;Cen\\u00e1rios Brasil 2045&quot;,&quot;value&quot;:1840},{&quot;label&quot;:&quot;Megatend\\u00eancias Mundiais 2040&quot;,&quot;value&quot;:1371},{&quot;label&quot;:&quot;Cen\\u00e1rios p\\u00f3s covid-19 &amp;#8211; Poss\\u00edveis impactos sociais e econ\\u00f4micos no Brasil&quot;,&quot;value&quot;:2676},{&quot;label&quot;:&quot;Cen\\u00e1rios explorat\\u00f3rios para o desenvolvimento tecnol\\u00f3gico da agricultura brasileira&quot;,&quot;value&quot;:2650},{&quot;label&quot;:&quot;Viol\\u00eancia e Seguran\\u00e7a P\\u00fablica em 2023: cen\\u00e1rios explorat\\u00f3rios e planejamento prospectivo&quot;,&quot;value&quot;:2671}],&quot;inheritQuery&quot;:true,&quot;postOffset&quot;:0,&quot;excludePost&quot;:[],&quot;includeCategory&quot;:[],&quot;excludeCategory&quot;:[],&quot;includeAuthor&quot;:[],&quot;includeTag&quot;:[],&quot;excludeTag&quot;:[],&quot;htmlTag&quot;:&quot;h3&quot;,&quot;categoryEnabled&quot;:true,&quot;categoryPosition&quot;:&quot;center&quot;,&quot;excerptEnabled&quot;:true,&quot;excerptLength&quot;:20,&quot;excerptMore&quot;:&quot;...&quot;,&quot;readmoreEnabled&quot;:true,&quot;readmoreIcon&quot;:&quot;fas fa-arrow-right&quot;,&quot;readmoreIconPosition&quot;:&quot;after&quot;,&quot;readmoreText&quot;:&quot;Read More&quot;,&quot;commentEnabled&quot;:false,&quot;commentIcon&quot;:&quot;fas fa-comment&quot;,&quot;commentIconPosition&quot;:&quot;before&quot;,&quot;metaEnabled&quot;:true,&quot;metaAuthorEnabled&quot;:true,&quot;metaAuthorByText&quot;:&quot;by&quot;,&quot;metaAuthorIcon&quot;:&quot;fas fa-user&quot;,&quot;metaAuthorIconPosition&quot;:&quot;before&quot;,&quot;metaDateEnabled&quot;:true,&quot;metaDateType&quot;:&quot;published&quot;,&quot;metaDateFormat&quot;:&quot;default&quot;,&quot;metaDateFormatCustom&quot;:&quot;&quot;,&quot;metaDateIcon&quot;:&quot;fas fa-clock&quot;,&quot;metaDateIconPosition&quot;:&quot;before&quot;,&quot;postblockType&quot;:&quot;type-1&quot;,&quot;paginationMode&quot;:&quot;disable&quot;,&quot;paginationLoadmoreText&quot;:&quot;Load More&quot;,&quot;paginationLoadingText&quot;:&quot;Loading...&quot;,&quot;paginationNumberPost&quot;:3,&quot;paginationScrollLimit&quot;:0,&quot;paginationIcon&quot;:&quot;&quot;,&quot;paginationIconPosition&quot;:&quot;before&quot;,&quot;paged&quot;:1,&quot;class&quot;:null}\"><div class=\"guten-block-container\">\n            <div class=\"guten-posts guten-ajax-flag\">\n            <article class=\"guten-post post-2676 page type-page status-publish has-post-thumbnail hentry\">\n                    <div class=\"guten-thumb\"><a href=\"javascript:void(0);\" data-href=\"https:\/\/socialport.com.br\/en\/livros\/cenarios-pos-covid-19-possiveis-impactos-sociais-e-economicos-no-brasil\/\"><div class=\"thumbnail-container\">\n            <img loading=\"lazy\" decoding=\"async\" width=\"1920\" height=\"1080\" src=\"https:\/\/socialport.com.br\/wp-content\/uploads\/2026\/02\/Cenarios-pos-covid-19-canva.jpg\" class=\"attachment-post-thumbnail size-post-thumbnail wp-post-image\" alt=\"\" srcset=\"https:\/\/socialport.com.br\/wp-content\/uploads\/2026\/02\/Cenarios-pos-covid-19-canva.jpg 1920w, https:\/\/socialport.com.br\/wp-content\/uploads\/2026\/02\/Cenarios-pos-covid-19-canva-300x169.jpg 300w, https:\/\/socialport.com.br\/wp-content\/uploads\/2026\/02\/Cenarios-pos-covid-19-canva-1024x576.jpg 1024w, https:\/\/socialport.com.br\/wp-content\/uploads\/2026\/02\/Cenarios-pos-covid-19-canva-768x432.jpg 768w, https:\/\/socialport.com.br\/wp-content\/uploads\/2026\/02\/Cenarios-pos-covid-19-canva-1536x864.jpg 1536w, https:\/\/socialport.com.br\/wp-content\/uploads\/2026\/02\/Cenarios-pos-covid-19-canva-18x10.jpg 18w\" sizes=\"auto, 100vw\" \/>\n\t\t\t<div class=\"guten-overlay\"><\/div>\n        <\/div><\/a><\/div>\n                    <div class=\"guten-postblock-content\"><h3 class=\"guten-post-title\"><a href=\"javascript:void(0);\" data-href=\"https:\/\/socialport.com.br\/en\/livros\/cenarios-pos-covid-19-possiveis-impactos-sociais-e-economicos-no-brasil\/\">Cen\u00e1rios p\u00f3s covid-19 &#8211; Poss\u00edveis impactos sociais e econ\u00f4micos no Brasil<\/a><\/h3>\n                <div class=\"guten-post-meta\"><div class=\"guten-meta-author icon-position-before\"><i aria-hidden=\"true\" class=\"fas fa-user\"><\/i><span class=\"by\">by<\/span> <a href=\"javascript:void(0);\" data-href=\"https:\/\/socialport.com.br\/en\/author\/claudinei\/\">Claudinei Abreu<\/a><\/div><div class=\"guten-meta-date icon-position-before\"><i aria-hidden=\"true\" class=\"fas fa-clock\"><\/i>18\/02\/2026<\/div><\/div><div class=\"guten-post-excerpt\"><p>A obra &#8220;Cen\u00e1rios P\u00f3s-Covid-19: Poss\u00edveis impactos sociais e econ\u00f4micos no Brasil&#8221;, publicada em 2020 pelo Grupo de Pesquisa e Estudos&#8230;<\/p><\/div>\n            <div class=\"guten-post-meta-bottom\">\n                <div class=\"guten-meta-readmore icon-position-after\">\n                <a href=\"javascript:void(0);\" data-href=\"https:\/\/socialport.com.br\/en\/livros\/cenarios-pos-covid-19-possiveis-impactos-sociais-e-economicos-no-brasil\/\" class=\"guten-readmore\">Read More<i aria-hidden=\"true\" class=\"fas fa-arrow-right\"><\/i><\/a>\n            <\/div>\n            <\/div><\/div>\n                <\/article><article class=\"guten-post post-2650 page type-page status-publish has-post-thumbnail hentry\">\n                    <div class=\"guten-thumb\"><a href=\"javascript:void(0);\" data-href=\"https:\/\/socialport.com.br\/en\/livros\/cenarios-exploratorios-para-o-desenvolvimento-tecnologico-da-agricultura-brasileira\/\"><div class=\"thumbnail-container\">\n            <img loading=\"lazy\" decoding=\"async\" width=\"1920\" height=\"1080\" src=\"https:\/\/socialport.com.br\/wp-content\/uploads\/2026\/02\/Canva-24.jpg\" class=\"attachment-post-thumbnail size-post-thumbnail wp-post-image\" alt=\"\" srcset=\"https:\/\/socialport.com.br\/wp-content\/uploads\/2026\/02\/Canva-24.jpg 1920w, https:\/\/socialport.com.br\/wp-content\/uploads\/2026\/02\/Canva-24-300x169.jpg 300w, https:\/\/socialport.com.br\/wp-content\/uploads\/2026\/02\/Canva-24-1024x576.jpg 1024w, https:\/\/socialport.com.br\/wp-content\/uploads\/2026\/02\/Canva-24-768x432.jpg 768w, https:\/\/socialport.com.br\/wp-content\/uploads\/2026\/02\/Canva-24-1536x864.jpg 1536w, https:\/\/socialport.com.br\/wp-content\/uploads\/2026\/02\/Canva-24-18x10.jpg 18w\" sizes=\"auto, 100vw\" \/>\n\t\t\t<div class=\"guten-overlay\"><\/div>\n        <\/div><\/a><\/div>\n                    <div class=\"guten-postblock-content\"><h3 class=\"guten-post-title\"><a href=\"javascript:void(0);\" data-href=\"https:\/\/socialport.com.br\/en\/livros\/cenarios-exploratorios-para-o-desenvolvimento-tecnologico-da-agricultura-brasileira\/\">Cen\u00e1rios explorat\u00f3rios para o desenvolvimento tecnol\u00f3gico da agricultura brasileira<\/a><\/h3>\n                <div class=\"guten-post-meta\"><div class=\"guten-meta-author icon-position-before\"><i aria-hidden=\"true\" class=\"fas fa-user\"><\/i><span class=\"by\">by<\/span> <a href=\"javascript:void(0);\" data-href=\"https:\/\/socialport.com.br\/en\/author\/claudinei\/\">Claudinei Abreu<\/a><\/div><div class=\"guten-meta-date icon-position-before\"><i aria-hidden=\"true\" class=\"fas fa-clock\"><\/i>18\/02\/2026<\/div><\/div><div class=\"guten-post-excerpt\"><p>O documento &#8220;Cen\u00e1rios explorat\u00f3rios para o desenvolvimento tecnol\u00f3gico da agricultura brasileira&#8221;, publicado pela Embrapa em 2016, foi elaborado pelo Sistema&#8230;<\/p><\/div>\n            <div class=\"guten-post-meta-bottom\">\n                <div class=\"guten-meta-readmore icon-position-after\">\n                <a href=\"javascript:void(0);\" data-href=\"https:\/\/socialport.com.br\/en\/livros\/cenarios-exploratorios-para-o-desenvolvimento-tecnologico-da-agricultura-brasileira\/\" class=\"guten-readmore\">Read More<i aria-hidden=\"true\" class=\"fas fa-arrow-right\"><\/i><\/a>\n            <\/div>\n            <\/div><\/div>\n                <\/article><article class=\"guten-post post-2671 page type-page status-publish has-post-thumbnail hentry\">\n                    <div class=\"guten-thumb\"><a href=\"javascript:void(0);\" data-href=\"https:\/\/socialport.com.br\/en\/livros\/violencia-e-seguranca-publica-em-2023-cenarios-exploratorios-e-planejamento-prospectivo\/\"><div class=\"thumbnail-container\">\n            <img loading=\"lazy\" decoding=\"async\" width=\"1920\" height=\"1080\" src=\"https:\/\/socialport.com.br\/wp-content\/uploads\/2026\/02\/Canva-03.jpg\" class=\"attachment-post-thumbnail size-post-thumbnail wp-post-image\" alt=\"\" srcset=\"https:\/\/socialport.com.br\/wp-content\/uploads\/2026\/02\/Canva-03.jpg 1920w, https:\/\/socialport.com.br\/wp-content\/uploads\/2026\/02\/Canva-03-300x169.jpg 300w, https:\/\/socialport.com.br\/wp-content\/uploads\/2026\/02\/Canva-03-1024x576.jpg 1024w, https:\/\/socialport.com.br\/wp-content\/uploads\/2026\/02\/Canva-03-768x432.jpg 768w, https:\/\/socialport.com.br\/wp-content\/uploads\/2026\/02\/Canva-03-1536x864.jpg 1536w, https:\/\/socialport.com.br\/wp-content\/uploads\/2026\/02\/Canva-03-18x10.jpg 18w\" sizes=\"auto, 100vw\" \/>\n\t\t\t<div class=\"guten-overlay\"><\/div>\n        <\/div><\/a><\/div>\n                    <div class=\"guten-postblock-content\"><h3 class=\"guten-post-title\"><a href=\"javascript:void(0);\" data-href=\"https:\/\/socialport.com.br\/en\/livros\/violencia-e-seguranca-publica-em-2023-cenarios-exploratorios-e-planejamento-prospectivo\/\">Viol\u00eancia e Seguran\u00e7a P\u00fablica em 2023: cen\u00e1rios explorat\u00f3rios e planejamento prospectivo<\/a><\/h3>\n                <div class=\"guten-post-meta\"><div class=\"guten-meta-author icon-position-before\"><i aria-hidden=\"true\" class=\"fas fa-user\"><\/i><span class=\"by\">by<\/span> <a href=\"javascript:void(0);\" data-href=\"https:\/\/socialport.com.br\/en\/author\/claudinei\/\">Claudinei Abreu<\/a><\/div><div class=\"guten-meta-date icon-position-before\"><i aria-hidden=\"true\" class=\"fas fa-clock\"><\/i>18\/02\/2026<\/div><\/div><div class=\"guten-post-excerpt\"><p>O livro &#8220;Viol\u00eancia e Seguran\u00e7a P\u00fablica em 2023: cen\u00e1rios explorat\u00f3rios e planejamento prospectivo&#8221; apresenta um estudo estrat\u00e9gico sobre o futuro&#8230;<\/p><\/div>\n            <div class=\"guten-post-meta-bottom\">\n                <div class=\"guten-meta-readmore icon-position-after\">\n                <a href=\"javascript:void(0);\" data-href=\"https:\/\/socialport.com.br\/en\/livros\/violencia-e-seguranca-publica-em-2023-cenarios-exploratorios-e-planejamento-prospectivo\/\" class=\"guten-readmore\">Read More<i aria-hidden=\"true\" class=\"fas fa-arrow-right\"><\/i><\/a>\n            <\/div>\n            <\/div><\/div>\n                <\/article><article class=\"guten-post post-1840 page type-page status-publish has-post-thumbnail hentry\">\n                    <div class=\"guten-thumb\"><a href=\"javascript:void(0);\" data-href=\"https:\/\/socialport.com.br\/en\/livros\/cenarios-brasil-2045\/\"><div class=\"thumbnail-container\">\n            <img loading=\"lazy\" decoding=\"async\" width=\"1080\" height=\"1080\" src=\"https:\/\/socialport.com.br\/wp-content\/uploads\/2025\/06\/Brasil-2045.png\" class=\"attachment-post-thumbnail size-post-thumbnail wp-post-image\" alt=\"\" srcset=\"https:\/\/socialport.com.br\/wp-content\/uploads\/2025\/06\/Brasil-2045.png 1080w, https:\/\/socialport.com.br\/wp-content\/uploads\/2025\/06\/Brasil-2045-300x300.png 300w, https:\/\/socialport.com.br\/wp-content\/uploads\/2025\/06\/Brasil-2045-1024x1024.png 1024w, https:\/\/socialport.com.br\/wp-content\/uploads\/2025\/06\/Brasil-2045-150x150.png 150w, https:\/\/socialport.com.br\/wp-content\/uploads\/2025\/06\/Brasil-2045-768x768.png 768w, https:\/\/socialport.com.br\/wp-content\/uploads\/2025\/06\/Brasil-2045-12x12.png 12w\" sizes=\"auto, 100vw\" \/>\n\t\t\t<div class=\"guten-overlay\"><\/div>\n        <\/div><\/a><\/div>\n                    <div class=\"guten-postblock-content\"><h3 class=\"guten-post-title\"><a href=\"javascript:void(0);\" data-href=\"https:\/\/socialport.com.br\/en\/livros\/cenarios-brasil-2045\/\">Cen\u00e1rios Brasil 2045<\/a><\/h3>\n                <div class=\"guten-post-meta\"><div class=\"guten-meta-author icon-position-before\"><i aria-hidden=\"true\" class=\"fas fa-user\"><\/i><span class=\"by\">by<\/span> <a href=\"javascript:void(0);\" data-href=\"https:\/\/socialport.com.br\/en\/author\/claudinei\/\">Claudinei Abreu<\/a><\/div><div class=\"guten-meta-date icon-position-before\"><i aria-hidden=\"true\" class=\"fas fa-clock\"><\/i>25\/06\/2025<\/div><\/div><div class=\"guten-post-excerpt\"><p>O livro &#8211; Cen\u00e1rios Brasil 2045 \u00e9 repleto de contribui\u00e7\u00f5es que auxiliam as organiza\u00e7\u00f5es p\u00fablicas e privadas bem como a&#8230;<\/p><\/div>\n            <div class=\"guten-post-meta-bottom\">\n                <div class=\"guten-meta-readmore icon-position-after\">\n                <a href=\"javascript:void(0);\" data-href=\"https:\/\/socialport.com.br\/en\/livros\/cenarios-brasil-2045\/\" class=\"guten-readmore\">Read More<i aria-hidden=\"true\" class=\"fas fa-arrow-right\"><\/i><\/a>\n            <\/div>\n            <\/div><\/div>\n                <\/article><article class=\"guten-post post-1371 page type-page status-publish has-post-thumbnail hentry\">\n                    <div class=\"guten-thumb\"><a href=\"javascript:void(0);\" data-href=\"https:\/\/socialport.com.br\/en\/livros\/megatendencias-mundiais-2040\/\"><div class=\"thumbnail-container\">\n            <img loading=\"lazy\" decoding=\"async\" width=\"1920\" height=\"1080\" src=\"https:\/\/socialport.com.br\/wp-content\/uploads\/2023\/06\/banner-imagem-livro.png\" class=\"attachment-post-thumbnail size-post-thumbnail wp-post-image\" alt=\"\" sizes=\"auto, 100vw\" \/>\n\t\t\t<div class=\"guten-overlay\"><\/div>\n        <\/div><\/a><\/div>\n                    <div class=\"guten-postblock-content\"><h3 class=\"guten-post-title\"><a href=\"javascript:void(0);\" data-href=\"https:\/\/socialport.com.br\/en\/livros\/megatendencias-mundiais-2040\/\">Megatend\u00eancias Mundiais 2040<\/a><\/h3>\n                <div class=\"guten-post-meta\"><div class=\"guten-meta-author icon-position-before\"><i aria-hidden=\"true\" class=\"fas fa-user\"><\/i><span class=\"by\">by<\/span> <a href=\"javascript:void(0);\" data-href=\"https:\/\/socialport.com.br\/en\/author\/mariana\/\">Mariana Araujo<\/a><\/div><div class=\"guten-meta-date icon-position-before\"><i aria-hidden=\"true\" class=\"fas fa-clock\"><\/i>18\/05\/2023<\/div><\/div><div class=\"guten-post-excerpt\"><p>O livro MEGATEND\u00caNCIAS MUNDIAIS 2040 \u00e9 o resultado de um projeto conduzido pelo Grupo de Pesquisa e Estudos Prospectivos (NEP-UCB),&#8230;<\/p><\/div>\n            <div class=\"guten-post-meta-bottom\">\n                <div class=\"guten-meta-readmore icon-position-after\">\n                <a href=\"javascript:void(0);\" data-href=\"https:\/\/socialport.com.br\/en\/livros\/megatendencias-mundiais-2040\/\" class=\"guten-readmore\">Read More<i aria-hidden=\"true\" class=\"fas fa-arrow-right\"><\/i><\/a>\n            <\/div>\n            <\/div><\/div>\n                <\/article>\n        <\/div>\n        <\/div><\/div>","protected":false},"excerpt":{"rendered":"<p>Livros<\/p>","protected":false},"author":9,"featured_media":0,"parent":0,"menu_order":0,"comment_status":"closed","ping_status":"closed","template":"","meta":{"footnotes":""},"class_list":["post-2424","page","type-page","status-publish","hentry"],"_links":{"self":[{"href":"https:\/\/socialport.com.br\/en\/wp-json\/wp\/v2\/pages\/2424","targetHints":{"allow":["GET"]}}],"collection":[{"href":"https:\/\/socialport.com.br\/en\/wp-json\/wp\/v2\/pages"}],"about":[{"href":"https:\/\/socialport.com.br\/en\/wp-json\/wp\/v2\/types\/page"}],"author":[{"embeddable":true,"href":"https:\/\/socialport.com.br\/en\/wp-json\/wp\/v2\/users\/9"}],"replies":[{"embeddable":true,"href":"https:\/\/socialport.com.br\/en\/wp-json\/wp\/v2\/comments?post=2424"}],"version-history":[{"count":5,"href":"https:\/\/socialport.com.br\/en\/wp-json\/wp\/v2\/pages\/2424\/revisions"}],"predecessor-version":[{"id":2690,"href":"https:\/\/socialport.com.br\/en\/wp-json\/wp\/v2\/pages\/2424\/revisions\/2690"}],"wp:attachment":[{"href":"https:\/\/socialport.com.br\/en\/wp-json\/wp\/v2\/media?parent=2424"}],"curies":[{"name":"wp","href":"https:\/\/api.w.org\/{rel}","templated":true}]}}