{"id":26,"date":"2022-07-21T18:46:25","date_gmt":"2022-07-21T18:46:25","guid":{"rendered":"https:\/\/wp.socialport.com.br\/?page_id=26"},"modified":"2026-02-19T14:19:55","modified_gmt":"2026-02-19T14:19:55","slug":"sobre-nos","status":"publish","type":"page","link":"https:\/\/socialport.com.br\/en\/sobre-nos\/","title":{"rendered":"About us"},"content":{"rendered":"<div style=\"height:50px\" aria-hidden=\"true\" class=\"wp-block-spacer\"><\/div>\n\n\n\n<div class=\"wp-block-group\"><div class=\"wp-block-group__inner-container is-layout-flow wp-block-group-is-layout-flow\">\n<div class=\"wp-block-columns is-layout-flex wp-container-core-columns-is-layout-9d6595d7 wp-block-columns-is-layout-flex\">\n<div class=\"wp-block-column is-vertically-aligned-center is-layout-flow wp-block-column-is-layout-flow\" style=\"flex-basis:100%\">\n<div class=\"wp-block-columns is-layout-flex wp-container-core-columns-is-layout-9d6595d7 wp-block-columns-is-layout-flex\">\n<div class=\"wp-block-column is-layout-flow wp-block-column-is-layout-flow\" style=\"flex-basis:100%\"><p class=\"fonts-plugin-block\" style=\"font-family: Roboto;font-weight: 400\">SocialPort was born from a partnership between engineers and Dr. Elaine Marcial, a recognized expert in the country in the area of \u200b\u200bscenarios and foresight. Therefore, solutions were developed that met the need to find an organized and targeted space that supported the production of specialized information in a practical and accessible way, connecting people to people and people to knowledge in an easy, practical and portable way.<\/p><\/div>\n<\/div>\n<\/div>\n<\/div>\n<\/div><\/div>\n\n\n\n<div class=\"wp-block-group\"><div class=\"wp-block-group__inner-container is-layout-flow wp-block-group-is-layout-flow\">\n<div class=\"wp-block-columns is-layout-flex wp-container-core-columns-is-layout-9d6595d7 wp-block-columns-is-layout-flex\">\n<div class=\"wp-block-column is-layout-flow wp-block-column-is-layout-flow\" style=\"flex-basis:100%\">\n<div class=\"wp-block-columns is-layout-flex wp-container-core-columns-is-layout-9d6595d7 wp-block-columns-is-layout-flex\">\n<div class=\"wp-block-column is-layout-flow wp-block-column-is-layout-flow\" style=\"flex-basis:100%\"><p class=\"fonts-plugin-block\" style=\"font-family: Roboto;font-weight: 400\">To make this possible, we divided ourselves into three service fronts: Rede, Enterprise and Academy.&nbsp;<\/p><\/div>\n<\/div>\n<\/div>\n<\/div>\n<\/div><\/div>\n\n\n\n<div class=\"wp-block-group\"><div class=\"wp-block-group__inner-container is-layout-flow wp-block-group-is-layout-flow\">\n<div class=\"wp-block-columns alignwide is-layout-flex wp-container-core-columns-is-layout-9d6595d7 wp-block-columns-is-layout-flex\">\n<div class=\"wp-block-column is-layout-flow wp-block-column-is-layout-flow\" style=\"flex-basis:100%\">\n<div class=\"wp-block-group\"><div class=\"wp-block-group__inner-container is-layout-flow wp-block-group-is-layout-flow\"><h2 class=\"fonts-plugin-block\" style=\"font-family: Roboto;font-weight: normal\"><em>Goals<\/em><\/h2><\/div><\/div>\n<\/div>\n<\/div>\n<\/div><\/div>\n\n\n\n<div class=\"wp-block-group alignwide\"><div class=\"wp-block-group__inner-container is-layout-flow wp-block-group-is-layout-flow\">\n<div class=\"wp-block-columns is-layout-flex wp-container-core-columns-is-layout-9d6595d7 wp-block-columns-is-layout-flex\">\n<div class=\"wp-block-column is-layout-flow wp-block-column-is-layout-flow\" style=\"flex-basis:100%\"><p class=\"fonts-plugin-block\" style=\"font-family: Roboto;font-weight: 400\">SocialPort aims to act on three important fronts to generate subsidies that contribute to the formulation of winning plans and the making of strategic decisions, which are:<br><br>1) Provide intuitive and responsive tools for collecting and analyzing data inside and\/or outside an institution, presenting results in real time and with high automation.\u00a0<br><br>2) Create an environment that has highly relevant and reliable information for access and analysis, with the aim of identifying weak signals and monitoring the environment as a whole.<br><br>3) Offer training on building scenarios and using our tools.<\/p><\/div>\n<\/div>\n<\/div><\/div>\n\n\n\n<div class=\"wp-block-columns are-vertically-aligned-center is-layout-flex wp-container-core-columns-is-layout-9d6595d7 wp-block-columns-is-layout-flex\">\n<div class=\"wp-block-column is-vertically-aligned-center is-layout-flow wp-block-column-is-layout-flow\" style=\"flex-basis:100%\">\n<div class=\"wp-block-group\"><div class=\"wp-block-group__inner-container is-layout-constrained wp-block-group-is-layout-constrained\">\n<figure class=\"guten-element guten-video guten-PGjhrL\"><div class=\"guten-video-wrapper\" data-property=\"{&quot;url&quot;:&quot;https:\/\/youtu.be\/o2BYr6bh8cU&quot;,&quot;class&quot;:&quot;guten-video-background&quot;,&quot;width&quot;:&quot;100%&quot;,&quot;height&quot;:&quot;500px&quot;,&quot;controls&quot;:true,&quot;playsinline&quot;:true,&quot;style&quot;:{},&quot;config&quot;:{&quot;youtube&quot;:{&quot;playerVars&quot;:{}}}}\"><\/div><\/figure>\n<\/div><\/div>\n<\/div>\n<\/div>\n\n\n\n<div class=\"wp-block-group\"><div class=\"wp-block-group__inner-container is-layout-constrained wp-block-group-is-layout-constrained\">\n<div class=\"wp-block-columns are-vertically-aligned-center is-layout-flex wp-container-core-columns-is-layout-9d6595d7 wp-block-columns-is-layout-flex\">\n<div class=\"wp-block-column is-vertically-aligned-center is-layout-flow wp-block-column-is-layout-flow\" style=\"flex-basis:100%\"><h2 class=\"fonts-plugin-block\" style=\"font-family: Roboto;font-weight: normal\"><em>Our Brand<\/em><\/h2><\/div>\n<\/div>\n<\/div><\/div>\n\n\n\n<div class=\"wp-block-group\"><div class=\"wp-block-group__inner-container is-layout-constrained wp-block-group-is-layout-constrained\"><p class=\"fonts-plugin-block\" style=\"font-family: Roboto;font-weight: 400\">The SocialPort name emerged with the aim of bringing together academics on a technological platform, who had common interests. The guidelines used were: social aspect + present and future as something singular + vision and action of a producing agent = SocialPort.<\/p><\/div><\/div>\n\n\n<div class=\"wp-block-image\">\n<figure class=\"aligncenter size-full is-resized\"><img loading=\"lazy\" decoding=\"async\" width=\"706\" height=\"421\" src=\"https:\/\/socialport.com.br\/wp-content\/uploads\/2023\/02\/unidade-grid-ma-rca-unidade-.png\" alt=\"\" class=\"wp-image-1184\" style=\"width:576px;height:344px\" srcset=\"https:\/\/socialport.com.br\/wp-content\/uploads\/2023\/02\/unidade-grid-ma-rca-unidade-.png 706w, https:\/\/socialport.com.br\/wp-content\/uploads\/2023\/02\/unidade-grid-ma-rca-unidade--300x179.png 300w\" sizes=\"auto, (max-width: 706px) 100vw, 706px\" \/><\/figure>\n<\/div>\n\n\n<div class=\"wp-block-group\"><div class=\"wp-block-group__inner-container is-layout-constrained wp-block-group-is-layout-constrained\"><p class=\"fonts-plugin-block\" style=\"font-family: Roboto;font-weight: 400\"><em>The link between research, action, academics and investors is also in the unity repeated in the logo. They are, therefore, one: the now and the later, the individual and the researcher\/investor, there is no space to separate these elements. Here, they are presented together as if they were literally united in one body (repeated logo unit)<\/em>.<br><em>The logo had two major challenges: translating the infinite need for the future that is always to come, while allowing conceptual coherence with other projects. Within this potential family of projects, a cube-shaped grid was created which would serve as a skeleton to eventually assemble the Company's visual portfolio.<\/em><br><\/p><\/div><\/div>\n\n\n\n<div class=\"wp-block-group\"><div class=\"wp-block-group__inner-container is-layout-flow wp-block-group-is-layout-flow\">\n<div class=\"wp-block-columns alignwide is-layout-flex wp-container-core-columns-is-layout-9d6595d7 wp-block-columns-is-layout-flex\">\n<div class=\"wp-block-column is-vertically-aligned-center is-layout-flow wp-block-column-is-layout-flow\" style=\"flex-basis:100%\"><h2 class=\"fonts-plugin-block\" style=\"font-family: Roboto;font-weight: normal\"><em>Equipe<\/em><\/h2><\/div>\n<\/div>\n<\/div><\/div>\n\n\n\n<div class=\"wp-block-group\"><div class=\"wp-block-group__inner-container is-layout-flow wp-block-group-is-layout-flow\">\n<div class=\"wp-block-columns are-vertically-aligned-center is-layout-flex wp-container-core-columns-is-layout-9d6595d7 wp-block-columns-is-layout-flex\">\n<div class=\"wp-block-column is-vertically-aligned-center is-layout-flow wp-block-column-is-layout-flow\" style=\"flex-basis:38%\"><div class=\"wp-block-image\">\n<figure class=\"aligncenter size-full is-resized\"><img loading=\"lazy\" decoding=\"async\" width=\"577\" height=\"601\" src=\"https:\/\/wp.socialport.com.br\/wp-content\/uploads\/2022\/08\/Elaine-Marcial-socios.png\" alt=\"\" class=\"wp-image-280\" style=\"width:280px;height:282px\" srcset=\"https:\/\/socialport.com.br\/wp-content\/uploads\/2022\/08\/Elaine-Marcial-socios.png 577w, https:\/\/socialport.com.br\/wp-content\/uploads\/2022\/08\/Elaine-Marcial-socios-288x300.png 288w\" sizes=\"auto, (max-width: 577px) 100vw, 577px\" \/><figcaption class=\"wp-element-caption\">Elaine Marcial<\/figcaption><\/figure>\n<\/div><\/div>\n\n\n\n<div class=\"wp-block-column is-vertically-aligned-center is-layout-flow wp-block-column-is-layout-flow\" style=\"flex-basis:45%\"><p class=\"fonts-plugin-block\" style=\"font-family: Roboto;font-weight: 400\">Elaine C. Marcial. S\u00f3cia fundadora da SocialPort, \u00e9 doutora em Ci\u00eancia da Informa\u00e7\u00e3o pela UnB. Coordenadora do Grupo de Pesquisa e Estudos Prospectivos da Universidade Cat\u00f3lica de Bras\u00edlia (NEP-UCB). \u00c9 autora de livros e artigos na \u00e1rea de estudos de futuro. Coordenou os projetos como Megatend\u00eancias mundiais 2030, Brasil 2035, Bibliothinking 2050, Viol\u00eancia e Seguran\u00e7a P\u00fablica em 2023, Cen\u00e1rios P\u00f3s-COVID-19 e Megatend\u00eancias 2040. Atua na \u00e1rea de prospectiva desde 1996 e foi agraciada com as medalhas de Honra ao M\u00e9rito de Defesa, Ordem do M\u00e9rito Militar no grau de Cavaleiro e Medalha Ex\u00e9rcito Brasileiro. \u00c9 coordenadora metodol\u00f3gica do Projeto Brasil 2040.<\/p><\/div>\n<\/div>\n<\/div><\/div>\n\n\n\n<div class=\"section-wrapper\" data-id=\"0lreGf\"><section class=\"wp-block-gutenverse-section guten-element guten-section guten-0lreGf layout-boxed align-stretch\"><div class=\"guten-background-overlay\"><\/div><div class=\"guten-shape-divider guten-shape-divider-top\"><\/div><div class=\"guten-shape-divider guten-shape-divider-bottom\"><\/div><div class=\"guten-container guten-column-gap-default\">\n<div class=\"wp-block-gutenverse-column guten-element guten-column guten-A66O4u\"><div class=\"guten-background-overlay\"><\/div><div class=\"sticky-wrapper\" data-id=\"A66O4u\"><div class=\"guten-column-wrapper\">\n<div class=\"wp-block-group\"><div class=\"wp-block-group__inner-container is-layout-flow wp-block-group-is-layout-flow\">\n<div class=\"wp-block-columns is-layout-flex wp-container-core-columns-is-layout-9d6595d7 wp-block-columns-is-layout-flex\">\n<div class=\"wp-block-column is-vertically-aligned-top is-layout-flow wp-block-column-is-layout-flow\"><div class=\"wp-block-image\">\n<figure class=\"aligncenter size-full is-resized\"><img loading=\"lazy\" decoding=\"async\" width=\"562\" height=\"560\" src=\"https:\/\/wp.socialport.com.br\/wp-content\/uploads\/2022\/07\/Douglas-equipe.png\" alt=\"\" class=\"wp-image-208\" style=\"width:280px;height:282px\" srcset=\"https:\/\/socialport.com.br\/wp-content\/uploads\/2022\/07\/Douglas-equipe.png 562w, https:\/\/socialport.com.br\/wp-content\/uploads\/2022\/07\/Douglas-equipe-300x300.png 300w, https:\/\/socialport.com.br\/wp-content\/uploads\/2022\/07\/Douglas-equipe-150x150.png 150w\" sizes=\"auto, (max-width: 562px) 100vw, 562px\" \/><figcaption class=\"wp-element-caption\">Douglas Sousa<\/figcaption><\/figure>\n<\/div>\n\n\n<p>\u00c9 formado em ci\u00eancias da computa\u00e7\u00e3o pela UNIP &#8211; Bras\u00edlia. Estagiou no TRE-DF e trabalhou em uma Startup de edtech, em ambas experi\u00eancias, desempenhou a fun\u00e7\u00e3o em frontend, tendo tamb\u00e9m a oportunidade de explorar tarefas de backend. Na SocialPort, \u00e9 desenvolvedor frontend das solu\u00e7\u00f5es SocialPort Enterprise e SocialPort Rede.<\/p>\n\n\n<div class=\"wp-block-image is-style-rounded\">\n<figure class=\"aligncenter size-full is-resized\"><img loading=\"lazy\" decoding=\"async\" width=\"1166\" height=\"1600\" src=\"https:\/\/socialport.com.br\/wp-content\/uploads\/2025\/11\/Joao-Croce-SocialPort.jpg\" alt=\"\" class=\"wp-image-2353\" style=\"object-fit:contain;width:280px;height:282px\" srcset=\"https:\/\/socialport.com.br\/wp-content\/uploads\/2025\/11\/Joao-Croce-SocialPort.jpg 1166w, https:\/\/socialport.com.br\/wp-content\/uploads\/2025\/11\/Joao-Croce-SocialPort-219x300.jpg 219w, https:\/\/socialport.com.br\/wp-content\/uploads\/2025\/11\/Joao-Croce-SocialPort-746x1024.jpg 746w, https:\/\/socialport.com.br\/wp-content\/uploads\/2025\/11\/Joao-Croce-SocialPort-768x1054.jpg 768w, https:\/\/socialport.com.br\/wp-content\/uploads\/2025\/11\/Joao-Croce-SocialPort-1119x1536.jpg 1119w, https:\/\/socialport.com.br\/wp-content\/uploads\/2025\/11\/Joao-Croce-SocialPort-9x12.jpg 9w\" sizes=\"auto, (max-width: 1166px) 100vw, 1166px\" \/><figcaption class=\"wp-element-caption\">Ricardo Croce<\/figcaption><\/figure>\n<\/div>\n\n<p class=\"fonts-plugin-block\" style=\"font-family: Roboto;font-weight: 400\">Ricardo Croce \u00e9 especialista em sistemas de apoio \u00e0 decis\u00e3o (DSS), sistemas de intelig\u00eancia, desenvolvimento de intelig\u00eancia artificial, opera\u00e7\u00f5es de informa\u00e7\u00e3o, governan\u00e7a e seguran\u00e7a da informa\u00e7\u00e3o, GEOINT e guerra de informa\u00e7\u00e3o. Atuou no Estado-Maior do Ex\u00e9rcito, onde foi o representante brasileiro na MCDC (Campanha Multinacional de Desenvolvimento de Capacidades) e no Comit\u00ea Nacional para a Seguran\u00e7a de Infraestruturas Cr\u00edticas. Foi instrutor na Universidade Militar do Minist\u00e9rio da Defesa da Federa\u00e7\u00e3o Russa em Moscou (2017). Atualmente, atua como consultor governamental e empresarial. Possui mestrado em Ci\u00eancias Militares (2011) e em Opera\u00e7\u00f5es Militares\u00a0(2003).<\/p><\/div>\n<\/div>\n<\/div><\/div>\n\n\n\n<div class=\"wp-block-columns is-layout-flex wp-container-core-columns-is-layout-9d6595d7 wp-block-columns-is-layout-flex\">\n<div class=\"wp-block-column is-vertically-aligned-top is-layout-flow wp-block-column-is-layout-flow\"><div class=\"wp-block-image is-style-rounded\">\n<figure class=\"aligncenter size-full is-resized\"><img loading=\"lazy\" decoding=\"async\" width=\"263\" height=\"363\" src=\"https:\/\/socialport.com.br\/wp-content\/uploads\/2024\/03\/JoaoGomes-copy.jpg\" alt=\"\" class=\"wp-image-1741\" style=\"object-fit:contain;width:280px;height:282px\" srcset=\"https:\/\/socialport.com.br\/wp-content\/uploads\/2024\/03\/JoaoGomes-copy.jpg 263w, https:\/\/socialport.com.br\/wp-content\/uploads\/2024\/03\/JoaoGomes-copy-217x300.jpg 217w, https:\/\/socialport.com.br\/wp-content\/uploads\/2024\/03\/JoaoGomes-copy-9x12.jpg 9w\" sizes=\"auto, (max-width: 263px) 100vw, 263px\" \/><figcaption class=\"wp-element-caption\">Jo\u00e3o Gomes Menezes<\/figcaption><\/figure>\n<\/div>\n\n<p class=\"fonts-plugin-block\" style=\"font-family: Roboto;font-weight: 400\">Graduado em Ci\u00eancias Econ\u00f4mica pela Universidade Fluminense-UFF, p\u00f3s-graduado em Administra\u00e7\u00e3o P\u00fablica pela Universidade C\u00e2ndido Mendes, em An\u00e1lise de Sistemas pelo IBPI-RJ, MBA em Gest\u00e3o de Projetos pelo IESB-Bras\u00edlia, MBA Controller pela Universidade de S\u00e3o Paulo (USP). Atuou no Departamento Nacional de Infraestrutura de Transportes (DNIT), Secretaria do Tesouro Nacional (STN) e Banco do Brasil (BB) nas \u00e1reas de planejamento estrat\u00e9gico, de gest\u00e3o da estrat\u00e9gia (formula\u00e7\u00e3o, tradu\u00e7\u00e3o, monitoramento e controle), de gest\u00e3o de riscos, de an\u00e1lise de estudos de viabilidade de projetos (EVTEA), de seguran\u00e7a da informa\u00e7\u00e3o, de gest\u00e3o de projetos e de planejamento baseado em cen\u00e1rios. Atua na SocialPort como gerente de projetos e gerente financeiro.<\/p><\/div>\n<\/div>\n\n\n\n<div class=\"wp-block-columns is-layout-flex wp-container-core-columns-is-layout-9d6595d7 wp-block-columns-is-layout-flex\">\n<div class=\"wp-block-column is-vertically-aligned-top is-layout-flow wp-block-column-is-layout-flow\"><div class=\"wp-block-image is-style-rounded\">\n<figure class=\"aligncenter size-full is-resized\"><img loading=\"lazy\" decoding=\"async\" width=\"352\" height=\"500\" src=\"https:\/\/socialport.com.br\/wp-content\/uploads\/2024\/03\/PauloAugustoFundobranco.jpg\" alt=\"\" class=\"wp-image-1742\" style=\"object-fit:contain;width:280px;height:282px\" srcset=\"https:\/\/socialport.com.br\/wp-content\/uploads\/2024\/03\/PauloAugustoFundobranco.jpg 352w, https:\/\/socialport.com.br\/wp-content\/uploads\/2024\/03\/PauloAugustoFundobranco-211x300.jpg 211w, https:\/\/socialport.com.br\/wp-content\/uploads\/2024\/03\/PauloAugustoFundobranco-8x12.jpg 8w\" sizes=\"auto, (max-width: 352px) 100vw, 352px\" \/><figcaption class=\"wp-element-caption\">Paulo Augusto<\/figcaption><\/figure>\n<\/div>\n\n<p class=\"fonts-plugin-block\" style=\"font-family: Roboto;font-weight: 400\">Bacharel em Ci\u00eancia Econ\u00f4micas e em Tecnologia em Agroneg\u00f3cios. Atuou em diversas organiza\u00e7\u00f5es como a Hyper Inform\u00e1tica; Eventos e Representa\u00e7\u00f5es Ltda e Caritas Inform\u00e1tica na revenda de solu\u00e7\u00f5es e produtos; na Ag\u00eancia Nacional de Transportes Terrestres \u2013 ANTT, na Ger\u00eancia de Fiscaliza\u00e7\u00e3o; e na Ag\u00eancia Brasileira de Promo\u00e7\u00e3o de Exporta\u00e7\u00f5es e Investimentos \u2013 ApexBrasil na Coordena\u00e7\u00e3o de Rela\u00e7\u00f5es Institucionais, e no Governo do Distrito Federal na \u00e1rea an\u00e1lise de projetos e planejamento. Atualmente atual como diretor de vendas da SocialPort.<\/p>\n\n\n<div class=\"wp-block-columns is-layout-flex wp-container-core-columns-is-layout-9d6595d7 wp-block-columns-is-layout-flex\">\n<div class=\"wp-block-column is-vertically-aligned-top is-layout-flow wp-block-column-is-layout-flow\"><div class=\"wp-block-image is-style-rounded\">\n<figure class=\"aligncenter size-full is-resized\"><img loading=\"lazy\" decoding=\"async\" width=\"417\" height=\"500\" src=\"https:\/\/socialport.com.br\/wp-content\/uploads\/2024\/03\/GeorgeDiverioFundobranco.jpg\" alt=\"\" class=\"wp-image-1744\" style=\"object-fit:contain;width:280px;height:282px\" srcset=\"https:\/\/socialport.com.br\/wp-content\/uploads\/2024\/03\/GeorgeDiverioFundobranco.jpg 417w, https:\/\/socialport.com.br\/wp-content\/uploads\/2024\/03\/GeorgeDiverioFundobranco-250x300.jpg 250w, https:\/\/socialport.com.br\/wp-content\/uploads\/2024\/03\/GeorgeDiverioFundobranco-10x12.jpg 10w\" sizes=\"auto, (max-width: 417px) 100vw, 417px\" \/><figcaption class=\"wp-element-caption\">George Div\u00e9rio<\/figcaption><\/figure>\n<\/div>\n\n<p class=\"fonts-plugin-block\" style=\"font-family: Roboto;font-weight: 400\">Consultor s\u00eanior com expertise em Industria de Defesa e Planejamento Operacional. Experi\u00eancia e gest\u00e3o, planejamento estrat\u00e9gico, educa\u00e7\u00e3o e gest\u00e3o de projetos. Possui diversas condecora\u00e7\u00f5es incluindo o Pr\u00eamio de Qualidade na Gest\u00e3o. Foi Superintendente da F\u00e1brica da Estreia\/IMBEL e Superintendente Estadual do Minist\u00e9rio da Sa\u00fade no Rio de Janeiro. Implantou o Escrit\u00f3rio de Projetos no Departamento de Educa\u00e7\u00e3o e Cultura do Ex\u00e9rcito e Assistente do Escrit\u00f3rio de Projetos do Ex\u00e9rcito. Exerceu o cargo de Presidente-Conselheiro do Conselho Fiscal da Hemobr\u00e1s. Com conhecimento e experi\u00eancia em m\u00e9todos e t\u00e9cnicas de gest\u00e3o, lideran\u00e7a, sistemas operacionais, seguran\u00e7a, gest\u00e3o de crises, gest\u00e3o de riscos, gest\u00e3o de projetos, log\u00edstica e planejamento estrat\u00e9gico e t\u00e1tico.<\/p>\n\n<div class=\"wp-block-image\">\n<figure class=\"aligncenter size-full is-resized\"><img loading=\"lazy\" decoding=\"async\" width=\"527\" height=\"557\" src=\"https:\/\/socialport.com.br\/wp-content\/uploads\/2022\/11\/Fernando-Fernandes-equipe.png\" alt=\"\" class=\"wp-image-960\" style=\"width:280px;height:282px\" srcset=\"https:\/\/socialport.com.br\/wp-content\/uploads\/2022\/11\/Fernando-Fernandes-equipe.png 527w, https:\/\/socialport.com.br\/wp-content\/uploads\/2022\/11\/Fernando-Fernandes-equipe-284x300.png 284w\" sizes=\"auto, (max-width: 527px) 100vw, 527px\" \/><figcaption class=\"wp-element-caption\">Fernando Fernandes<\/figcaption><\/figure>\n<\/div>\n\n<p class=\"fonts-plugin-block\" style=\"font-family: Roboto;font-weight: 400\">\u00c9 mestre em Aplica\u00e7\u00f5es Militares pela Escola de Aperfei\u00e7oamento de Oficiais do Ex\u00e9rcito, se especializou em Intelig\u00eancia pela EsIMEX e tem p\u00f3s-gradua\u00e7\u00e3o em Intelig\u00eancia Estrat\u00e9gica, pela Universidade Euroamericana de Bras\u00edlia e em Gest\u00e3o Estrat\u00e9gica Corporativa pela Universidade Cat\u00f3lica de Bras\u00edlia. \u00c9 coautor dos livros Fundamentos da Intelig\u00eancia Competitiva e Metodologia FIGE, al\u00e9m de possuir artigos publicados na Revista Brasileira de Intelig\u00eancia a Abin e \u00e9 o criador da metodologia An\u00e1lise da Din\u00e2mica de Atores. Atualmente, exerce o trabalho como consultor e professor em P\u00f3s-gradua\u00e7\u00e3o de Intelig\u00eancia Estrat\u00e9gica e Competitiva.<\/p><\/div>\n<\/div>\n\n\n<div class=\"wp-block-image is-style-rounded\">\n<figure class=\"aligncenter size-full is-resized\"><img loading=\"lazy\" decoding=\"async\" width=\"1920\" height=\"2560\" src=\"https:\/\/socialport.com.br\/wp-content\/uploads\/2026\/02\/Claudinei_Abreu-scaled.jpeg\" alt=\"\" class=\"wp-image-2705\" style=\"object-fit:contain;width:280px;height:282px\" srcset=\"https:\/\/socialport.com.br\/wp-content\/uploads\/2026\/02\/Claudinei_Abreu-scaled.jpeg 1920w, https:\/\/socialport.com.br\/wp-content\/uploads\/2026\/02\/Claudinei_Abreu-225x300.jpeg 225w, https:\/\/socialport.com.br\/wp-content\/uploads\/2026\/02\/Claudinei_Abreu-768x1024.jpeg 768w, https:\/\/socialport.com.br\/wp-content\/uploads\/2026\/02\/Claudinei_Abreu-1152x1536.jpeg 1152w, https:\/\/socialport.com.br\/wp-content\/uploads\/2026\/02\/Claudinei_Abreu-1536x2048.jpeg 1536w, https:\/\/socialport.com.br\/wp-content\/uploads\/2026\/02\/Claudinei_Abreu-9x12.jpeg 9w, https:\/\/socialport.com.br\/wp-content\/uploads\/2026\/02\/Claudinei_Abreu-2000x2667.jpeg 2000w\" sizes=\"auto, (max-width: 1920px) 100vw, 1920px\" \/><figcaption class=\"wp-element-caption\">Claudinei Abreu<\/figcaption><\/figure>\n<\/div>\n\n<p class=\"fonts-plugin-block\" style=\"font-family: Roboto;font-weight: 400\">Claudinei Abreu, estudante de Jornalismo na Universidade do Distrito Federal (UDF) e estagi\u00e1rio em Jornalismo na SocialPort.<\/p>\n\n<div class=\"wp-block-image is-style-rounded\">\n<figure class=\"aligncenter size-full is-resized\"><img loading=\"lazy\" decoding=\"async\" width=\"828\" height=\"1013\" src=\"https:\/\/socialport.com.br\/wp-content\/uploads\/2025\/11\/Rafaella-Sales.jpg\" alt=\"\" class=\"wp-image-2443\" style=\"object-fit:contain;width:280px;height:282px\" srcset=\"https:\/\/socialport.com.br\/wp-content\/uploads\/2025\/11\/Rafaella-Sales.jpg 828w, https:\/\/socialport.com.br\/wp-content\/uploads\/2025\/11\/Rafaella-Sales-245x300.jpg 245w, https:\/\/socialport.com.br\/wp-content\/uploads\/2025\/11\/Rafaella-Sales-768x940.jpg 768w, https:\/\/socialport.com.br\/wp-content\/uploads\/2025\/11\/Rafaella-Sales-10x12.jpg 10w\" sizes=\"auto, (max-width: 828px) 100vw, 828px\" \/><figcaption class=\"wp-element-caption\">Rafaella Sales<\/figcaption><\/figure>\n<\/div>\n\n<p class=\"fonts-plugin-block\" style=\"font-family: Roboto;font-weight: 400\">Rafaella Sales, estudante de Biblioteconomia na Universidade de Bras\u00edlia (UnB) e Estagi\u00e1ria em Biblioteconomia\u00a0na\u00a0SocialPort.<\/p><\/div>\n<\/div>\n\n\n\n<div class=\"wp-block-group is-nowrap is-layout-flex wp-container-core-group-is-layout-ad2f72ca wp-block-group-is-layout-flex\"><\/div>\n<\/div><\/div><\/div>\n<\/div><\/section><\/div>\n\n\n\n<p><\/p>","protected":false},"excerpt":{"rendered":"","protected":false},"author":2,"featured_media":0,"parent":0,"menu_order":0,"comment_status":"closed","ping_status":"closed","template":"page-templates\/homepage-builder-bb.php","meta":{"footnotes":""},"class_list":["post-26","page","type-page","status-publish","hentry"],"_links":{"self":[{"href":"https:\/\/socialport.com.br\/en\/wp-json\/wp\/v2\/pages\/26","targetHints":{"allow":["GET"]}}],"collection":[{"href":"https:\/\/socialport.com.br\/en\/wp-json\/wp\/v2\/pages"}],"about":[{"href":"https:\/\/socialport.com.br\/en\/wp-json\/wp\/v2\/types\/page"}],"author":[{"embeddable":true,"href":"https:\/\/socialport.com.br\/en\/wp-json\/wp\/v2\/users\/2"}],"replies":[{"embeddable":true,"href":"https:\/\/socialport.com.br\/en\/wp-json\/wp\/v2\/comments?post=26"}],"version-history":[{"count":130,"href":"https:\/\/socialport.com.br\/en\/wp-json\/wp\/v2\/pages\/26\/revisions"}],"predecessor-version":[{"id":2707,"href":"https:\/\/socialport.com.br\/en\/wp-json\/wp\/v2\/pages\/26\/revisions\/2707"}],"wp:attachment":[{"href":"https:\/\/socialport.com.br\/en\/wp-json\/wp\/v2\/media?parent=26"}],"curies":[{"name":"wp","href":"https:\/\/api.w.org\/{rel}","templated":true}]}}