{"id":2650,"date":"2026-02-18T20:33:47","date_gmt":"2026-02-18T20:33:47","guid":{"rendered":"https:\/\/socialport.com.br\/?page_id=2650"},"modified":"2026-02-18T21:20:37","modified_gmt":"2026-02-18T21:20:37","slug":"cenarios-exploratorios-para-o-desenvolvimento-tecnologico-da-agricultura-brasileira","status":"publish","type":"page","link":"https:\/\/socialport.com.br\/en\/livros\/cenarios-exploratorios-para-o-desenvolvimento-tecnologico-da-agricultura-brasileira\/","title":{"rendered":"Cen\u00e1rios explorat\u00f3rios para o desenvolvimento tecnol\u00f3gico da agricultura brasileira"},"content":{"rendered":"<div class=\"wp-block-cover alignfull\" style=\"min-height:1128px;aspect-ratio:unset;\"><img loading=\"lazy\" decoding=\"async\" width=\"2000\" height=\"1200\" class=\"wp-block-cover__image-background wp-image-914\" alt=\"\" src=\"https:\/\/socialport.com.br\/wp-content\/uploads\/2022\/10\/cropped-WhatsApp-Image-2022-10-03-at-17.08.19.jpeg\" data-object-fit=\"cover\" srcset=\"https:\/\/socialport.com.br\/wp-content\/uploads\/2022\/10\/cropped-WhatsApp-Image-2022-10-03-at-17.08.19.jpeg 2000w, https:\/\/socialport.com.br\/wp-content\/uploads\/2022\/10\/cropped-WhatsApp-Image-2022-10-03-at-17.08.19-300x180.jpeg 300w, https:\/\/socialport.com.br\/wp-content\/uploads\/2022\/10\/cropped-WhatsApp-Image-2022-10-03-at-17.08.19-1024x614.jpeg 1024w, https:\/\/socialport.com.br\/wp-content\/uploads\/2022\/10\/cropped-WhatsApp-Image-2022-10-03-at-17.08.19-768x461.jpeg 768w, https:\/\/socialport.com.br\/wp-content\/uploads\/2022\/10\/cropped-WhatsApp-Image-2022-10-03-at-17.08.19-1536x922.jpeg 1536w\" sizes=\"auto, (max-width: 2000px) 100vw, 2000px\" \/><span aria-hidden=\"true\" class=\"wp-block-cover__background has-black-background-color has-background-dim\"><\/span><div class=\"wp-block-cover__inner-container is-layout-constrained wp-block-cover-is-layout-constrained\">\n<div class=\"guten-element guten-spacer guten-ywxH7n\"><\/div>\n\n\n\n<figure class=\"wp-block-image size-full is-resized\"><img loading=\"lazy\" decoding=\"async\" width=\"570\" height=\"802\" src=\"https:\/\/socialport.com.br\/wp-content\/uploads\/2026\/02\/Captura-de-tela_18-2-2026_16248_.jpeg\" alt=\"\" class=\"wp-image-2651\" style=\"aspect-ratio:0.7107207904917959;width:387px;height:auto\" srcset=\"https:\/\/socialport.com.br\/wp-content\/uploads\/2026\/02\/Captura-de-tela_18-2-2026_16248_.jpeg 570w, https:\/\/socialport.com.br\/wp-content\/uploads\/2026\/02\/Captura-de-tela_18-2-2026_16248_-213x300.jpeg 213w, https:\/\/socialport.com.br\/wp-content\/uploads\/2026\/02\/Captura-de-tela_18-2-2026_16248_-9x12.jpeg 9w\" sizes=\"auto, (max-width: 570px) 100vw, 570px\" \/><\/figure>\n\n\n\n<div class=\"wp-block-columns is-layout-flex wp-container-core-columns-is-layout-9d6595d7 wp-block-columns-is-layout-flex\">\n<div class=\"wp-block-column is-layout-flow wp-block-column-is-layout-flow\" style=\"flex-basis:100%\">\n<p class=\"has-text-align-left\" style=\"font-size:16px\">O documento &#8220;Cen\u00e1rios explorat\u00f3rios para o desenvolvimento tecnol\u00f3gico da agricultura brasileira&#8221;, publicado pela Embrapa em 2016, foi elaborado pelo Sistema de Intelig\u00eancia Estrat\u00e9gica da Embrapa (Agropensa) em parceria com a Secretaria de Assuntos Estrat\u00e9gicos da Presid\u00eancia da Rep\u00fablica (SAE-PR), constr\u00f3i o futuro da agropecu\u00e1ria nacional no horizonte de 2014-2034. O documento surge da necessidade de antecipar tend\u00eancias e desafios em um ambiente de r\u00e1pida evolu\u00e7\u00e3o cient\u00edfica e tecnol\u00f3gica. O objetivo central \u00e9 fornecer subs\u00eddios para a tomada de decis\u00e3o estrat\u00e9gica, orientando a agenda de Pesquisa, Desenvolvimento e Inova\u00e7\u00e3o (PD&amp;I) da Embrapa e de seus parceiros. A metodologia utilizada baseia-se na constru\u00e7\u00e3o de cen\u00e1rios explorat\u00f3rios, a partir do cruzamento desses eixos, o estudo identifica quatro futuros poss\u00edveis para o Brasil at\u00e9 2034. O estudo alerta que a &#8220;janela de oportunidade&#8221; para a bioeconomia est\u00e1 se fechando. Para que a agropecu\u00e1ria brasileira garanta sua sustentabilidade e protagonismo, \u00e9 fundamental uma mudan\u00e7a estrutural no financiamento e na dire\u00e7\u00e3o da pesquisa cient\u00edfica, integrando intelig\u00eancia territorial e foco em inova\u00e7\u00f5es de alto impacto<\/p>\n<\/div>\n<\/div>\n\n\n\n<div class=\"forminator-guttenberg\"><div class=\"forminator-ui forminator-custom-form forminator-custom-form-2667 forminator-design--default  forminator_ajax\" data-forminator-render=\"0\" data-form=\"forminator-module-2667\" data-uid=\"69d9a9e6812b5\"><br\/><\/div><form\n\t\t\t\tid=\"forminator-module-2667\"\n\t\t\t\tclass=\"forminator-ui forminator-custom-form forminator-custom-form-2667 forminator-design--default  forminator_ajax\"\n\t\t\t\tmethod=\"post\"\n\t\t\t\tdata-forminator-render=\"0\"\n\t\t\t\tdata-form-id=\"2667\"\n\t\t\t\t\n\t\t\t\tdata-design=\"default\"\n\t\t\t\t\n\t\t\t\t\n\t\t\t\t\n\t\t\t\tdata-grid=\"open\"\n\t\t\t\t\n\t\t\t\t\n\t\t\t\tstyle=\"display: none;\"\n\t\t\t\t\n\t\t\t\tdata-uid=\"69d9a9e6812b5\" action=\"\"\n\t\t\t><div role=\"alert\" aria-live=\"polite\" class=\"forminator-response-message forminator-error\" aria-hidden=\"true\"><\/div><div class=\"forminator-row\"><div id=\"name-1\" class=\"forminator-field-name forminator-col forminator-col-12\"><div class=\"forminator-field\"><label for=\"forminator-field-name-1_69d9a9e6812b5\" id=\"forminator-field-name-1_69d9a9e6812b5-label\" class=\"forminator-label\">Primeiro Nome<\/label><input type=\"text\" name=\"name-1\" value=\"\" placeholder=\"E.x. John Doe\" id=\"forminator-field-name-1_69d9a9e6812b5\" class=\"forminator-input forminator-name--field\" aria-required=\"false\" \/><\/div><\/div><\/div><div class=\"forminator-row\"><div id=\"name-2\" class=\"forminator-field-name forminator-col forminator-col-12\"><div class=\"forminator-field\"><label for=\"forminator-field-name-2_69d9a9e6812b5\" id=\"forminator-field-name-2_69d9a9e6812b5-label\" class=\"forminator-label\">Organiza\u00e7\u00e3o<\/label><input type=\"text\" name=\"name-2\" value=\"\" placeholder=\"E.x. SocialPort\" id=\"forminator-field-name-2_69d9a9e6812b5\" class=\"forminator-input forminator-name--field\" aria-required=\"false\" \/><\/div><\/div><\/div><div class=\"forminator-row\"><div id=\"email-1\" class=\"forminator-field-email forminator-col forminator-col-12\"><div class=\"forminator-field\"><label for=\"forminator-field-email-1_69d9a9e6812b5\" id=\"forminator-field-email-1_69d9a9e6812b5-label\" class=\"forminator-label\">Endere\u00e7o de E-mail<\/label><input type=\"email\" name=\"email-1\" value=\"\" placeholder=\"E.x. john@doe.com\" id=\"forminator-field-email-1_69d9a9e6812b5\" class=\"forminator-input forminator-email--field\" data-required=\"\" aria-required=\"false\" \/><\/div><\/div><\/div><input type=\"hidden\" name=\"referer_url\" value=\"\" \/><div class=\"forminator-row forminator-row-last\"><div class=\"forminator-col\"><div class=\"forminator-field\"><button class=\"forminator-button forminator-button-submit\">Receber livro<\/button><\/div><\/div><\/div><input type=\"hidden\" id=\"forminator_nonce\" name=\"forminator_nonce\" value=\"9b7504c953\" \/><input type=\"hidden\" name=\"_wp_http_referer\" value=\"\/en\/wp-json\/wp\/v2\/pages\/2650\" \/><input type=\"hidden\" name=\"form_id\" value=\"2667\"><input type=\"hidden\" name=\"page_id\" value=\"2650\"><input type=\"hidden\" name=\"form_type\" value=\"default\"><input type=\"hidden\" name=\"current_url\" value=\"https:\/\/socialport.com.br\/en\/livros\/cenarios-exploratorios-para-o-desenvolvimento-tecnologico-da-agricultura-brasileira\/\"><input type=\"hidden\" name=\"render_id\" value=\"0\"><input type=\"hidden\" name=\"action\" value=\"forminator_submit_form_custom-forms\"><input type=\"hidden\" name=\"trp-form-language\" value=\"en\"\/><\/form><\/div>\n<\/div><\/div>","protected":false},"excerpt":{"rendered":"","protected":false},"author":9,"featured_media":2701,"parent":2424,"menu_order":0,"comment_status":"closed","ping_status":"closed","template":"page-templates\/full-width-no-title.php","meta":{"footnotes":""},"class_list":["post-2650","page","type-page","status-publish","has-post-thumbnail","hentry"],"_links":{"self":[{"href":"https:\/\/socialport.com.br\/en\/wp-json\/wp\/v2\/pages\/2650","targetHints":{"allow":["GET"]}}],"collection":[{"href":"https:\/\/socialport.com.br\/en\/wp-json\/wp\/v2\/pages"}],"about":[{"href":"https:\/\/socialport.com.br\/en\/wp-json\/wp\/v2\/types\/page"}],"author":[{"embeddable":true,"href":"https:\/\/socialport.com.br\/en\/wp-json\/wp\/v2\/users\/9"}],"replies":[{"embeddable":true,"href":"https:\/\/socialport.com.br\/en\/wp-json\/wp\/v2\/comments?post=2650"}],"version-history":[{"count":4,"href":"https:\/\/socialport.com.br\/en\/wp-json\/wp\/v2\/pages\/2650\/revisions"}],"predecessor-version":[{"id":2674,"href":"https:\/\/socialport.com.br\/en\/wp-json\/wp\/v2\/pages\/2650\/revisions\/2674"}],"up":[{"embeddable":true,"href":"https:\/\/socialport.com.br\/en\/wp-json\/wp\/v2\/pages\/2424"}],"wp:featuredmedia":[{"embeddable":true,"href":"https:\/\/socialport.com.br\/en\/wp-json\/wp\/v2\/media\/2701"}],"wp:attachment":[{"href":"https:\/\/socialport.com.br\/en\/wp-json\/wp\/v2\/media?parent=2650"}],"curies":[{"name":"wp","href":"https:\/\/api.w.org\/{rel}","templated":true}]}}