{"id":2685,"date":"2026-02-18T20:50:41","date_gmt":"2026-02-18T20:50:41","guid":{"rendered":"https:\/\/socialport.com.br\/?page_id=2685"},"modified":"2026-02-24T19:54:50","modified_gmt":"2026-02-24T19:54:50","slug":"relatorios","status":"publish","type":"page","link":"https:\/\/socialport.com.br\/en\/relatorios\/","title":{"rendered":"Relat\u00f3rios T\u00e9cnicos Cient\u00edficos"},"content":{"rendered":"<p><\/p>\n\n\n\n<p><\/p>\n\n\n\n<h2 class=\"wp-block-heading\">Relat\u00f3rios T\u00e9cnicos Cient\u00edficos<\/h2>\n\n\n<div  class=\"gutenverse guten-postblock postblock-type-1 guten-pagination-disable break-point-tablet post-element guten-SKCZcy\"  data-id=\"guten-SKCZcy\" data-settings=\"{&quot;numberPost&quot;:&quot;20&quot;,&quot;includeCategory&quot;:[{&quot;label&quot;:&quot;Relat\\u00f3rios T\\u00e9cnicos Cient\\u00edficos&quot;,&quot;value&quot;:107}],&quot;categoryEnabled&quot;:false,&quot;inheritQuery&quot;:true,&quot;postType&quot;:&quot;post&quot;,&quot;postOffset&quot;:0,&quot;includePost&quot;:[],&quot;excludePost&quot;:[],&quot;excludeCategory&quot;:[],&quot;includeAuthor&quot;:[],&quot;includeTag&quot;:[],&quot;excludeTag&quot;:[],&quot;htmlTag&quot;:&quot;h3&quot;,&quot;categoryPosition&quot;:&quot;center&quot;,&quot;excerptEnabled&quot;:true,&quot;excerptLength&quot;:20,&quot;excerptMore&quot;:&quot;...&quot;,&quot;readmoreEnabled&quot;:true,&quot;readmoreIcon&quot;:&quot;fas fa-arrow-right&quot;,&quot;readmoreIconPosition&quot;:&quot;after&quot;,&quot;readmoreText&quot;:&quot;Read More&quot;,&quot;commentEnabled&quot;:false,&quot;commentIcon&quot;:&quot;fas fa-comment&quot;,&quot;commentIconPosition&quot;:&quot;before&quot;,&quot;metaEnabled&quot;:true,&quot;metaAuthorEnabled&quot;:true,&quot;metaAuthorByText&quot;:&quot;by&quot;,&quot;metaAuthorIcon&quot;:&quot;fas fa-user&quot;,&quot;metaAuthorIconPosition&quot;:&quot;before&quot;,&quot;metaDateEnabled&quot;:true,&quot;metaDateType&quot;:&quot;published&quot;,&quot;metaDateFormat&quot;:&quot;default&quot;,&quot;metaDateFormatCustom&quot;:&quot;&quot;,&quot;metaDateIcon&quot;:&quot;fas fa-clock&quot;,&quot;metaDateIconPosition&quot;:&quot;before&quot;,&quot;postblockType&quot;:&quot;type-1&quot;,&quot;paginationMode&quot;:&quot;disable&quot;,&quot;paginationLoadmoreText&quot;:&quot;Load More&quot;,&quot;paginationLoadingText&quot;:&quot;Loading...&quot;,&quot;paginationNumberPost&quot;:3,&quot;paginationScrollLimit&quot;:0,&quot;paginationIcon&quot;:&quot;&quot;,&quot;paginationIconPosition&quot;:&quot;before&quot;,&quot;paged&quot;:1,&quot;class&quot;:null}\"><div class=\"guten-block-container\">\n            <div class=\"guten-posts guten-ajax-flag\">\n            <article class=\"guten-post post-2913 post type-post status-publish format-standard has-post-thumbnail hentry category-relatorios-tecnicos-cientificos\">\n                    <div class=\"guten-thumb\"><a href=\"javascript:void(0);\" data-href=\"https:\/\/socialport.com.br\/en\/o-foresight-no-apoio-a-formulacao-de-estrategias-e-politicas-publicas\/\"><div class=\"thumbnail-container\">\n            <img loading=\"lazy\" decoding=\"async\" width=\"1600\" height=\"872\" src=\"https:\/\/socialport.com.br\/wp-content\/uploads\/2026\/04\/WhatsApp-Image-2026-04-03-at-14.13.03.jpeg\" class=\"attachment-post-thumbnail size-post-thumbnail wp-post-image\" alt=\"\" srcset=\"https:\/\/socialport.com.br\/wp-content\/uploads\/2026\/04\/WhatsApp-Image-2026-04-03-at-14.13.03.jpeg 1600w, https:\/\/socialport.com.br\/wp-content\/uploads\/2026\/04\/WhatsApp-Image-2026-04-03-at-14.13.03-300x164.jpeg 300w, https:\/\/socialport.com.br\/wp-content\/uploads\/2026\/04\/WhatsApp-Image-2026-04-03-at-14.13.03-1024x558.jpeg 1024w, https:\/\/socialport.com.br\/wp-content\/uploads\/2026\/04\/WhatsApp-Image-2026-04-03-at-14.13.03-768x419.jpeg 768w, https:\/\/socialport.com.br\/wp-content\/uploads\/2026\/04\/WhatsApp-Image-2026-04-03-at-14.13.03-1536x837.jpeg 1536w, https:\/\/socialport.com.br\/wp-content\/uploads\/2026\/04\/WhatsApp-Image-2026-04-03-at-14.13.03-18x10.jpeg 18w\" sizes=\"auto, 100vw\" \/>\n\t\t\t<div class=\"guten-overlay\"><\/div>\n        <\/div><\/a><\/div>\n                    <div class=\"guten-postblock-content\"><h3 class=\"guten-post-title\"><a href=\"javascript:void(0);\" data-href=\"https:\/\/socialport.com.br\/en\/o-foresight-no-apoio-a-formulacao-de-estrategias-e-politicas-publicas\/\">O foresight no apoio \u00e0 formula\u00e7\u00e3o de estrat\u00e9gias e pol\u00edticas p\u00fablicas<\/a><\/h3>\n                <div class=\"guten-post-meta\"><div class=\"guten-meta-author icon-position-before\"><i aria-hidden=\"true\" class=\"fas fa-user\"><\/i><span class=\"by\">by<\/span> <a href=\"javascript:void(0);\" data-href=\"https:\/\/socialport.com.br\/en\/author\/claudinei\/\">Claudinei Abreu<\/a><\/div><div class=\"guten-meta-date icon-position-before\"><i aria-hidden=\"true\" class=\"fas fa-clock\"><\/i>06\/04\/2026<\/div><\/div><div class=\"guten-post-excerpt\"><p>O foresight no apoio \u00e0 formula\u00e7\u00e3o de estrat\u00e9gias e pol\u00edticas p\u00fablicas Este Relat\u00f3rio T\u00e9cnico-Cient\u00edfico (RTC), de autoria da Dra. Elaine&#8230;<\/p><\/div>\n            <div class=\"guten-post-meta-bottom\">\n                <div class=\"guten-meta-readmore icon-position-after\">\n                <a href=\"javascript:void(0);\" data-href=\"https:\/\/socialport.com.br\/en\/o-foresight-no-apoio-a-formulacao-de-estrategias-e-politicas-publicas\/\" class=\"guten-readmore\">Read More<i aria-hidden=\"true\" class=\"fas fa-arrow-right\"><\/i><\/a>\n            <\/div>\n            <\/div><\/div>\n                <\/article><article class=\"guten-post post-2802 post type-post status-publish format-standard has-post-thumbnail hentry category-relatorios-tecnicos-cientificos\">\n                    <div class=\"guten-thumb\"><a href=\"javascript:void(0);\" data-href=\"https:\/\/socialport.com.br\/en\/foresight-e-a-sua-importancia-vital-para-a-administracao-publica\/\"><div class=\"thumbnail-container\">\n            <img loading=\"lazy\" decoding=\"async\" width=\"2121\" height=\"1414\" src=\"https:\/\/socialport.com.br\/wp-content\/uploads\/2026\/03\/Foresight.webp\" class=\"attachment-post-thumbnail size-post-thumbnail wp-post-image\" alt=\"\" srcset=\"https:\/\/socialport.com.br\/wp-content\/uploads\/2026\/03\/Foresight.webp 2121w, https:\/\/socialport.com.br\/wp-content\/uploads\/2026\/03\/Foresight-300x200.webp 300w, https:\/\/socialport.com.br\/wp-content\/uploads\/2026\/03\/Foresight-1024x683.webp 1024w, https:\/\/socialport.com.br\/wp-content\/uploads\/2026\/03\/Foresight-768x512.webp 768w, https:\/\/socialport.com.br\/wp-content\/uploads\/2026\/03\/Foresight-1536x1024.webp 1536w, https:\/\/socialport.com.br\/wp-content\/uploads\/2026\/03\/Foresight-2048x1365.webp 2048w, https:\/\/socialport.com.br\/wp-content\/uploads\/2026\/03\/Foresight-18x12.webp 18w, https:\/\/socialport.com.br\/wp-content\/uploads\/2026\/03\/Foresight-2000x1333.webp 2000w\" sizes=\"auto, 100vw\" \/>\n\t\t\t<div class=\"guten-overlay\"><\/div>\n        <\/div><\/a><\/div>\n                    <div class=\"guten-postblock-content\"><h3 class=\"guten-post-title\"><a href=\"javascript:void(0);\" data-href=\"https:\/\/socialport.com.br\/en\/foresight-e-a-sua-importancia-vital-para-a-administracao-publica\/\">Foresight e a sua import\u00e2ncia vital para a administra\u00e7\u00e3o p\u00fablica<\/a><\/h3>\n                <div class=\"guten-post-meta\"><div class=\"guten-meta-author icon-position-before\"><i aria-hidden=\"true\" class=\"fas fa-user\"><\/i><span class=\"by\">by<\/span> <a href=\"javascript:void(0);\" data-href=\"https:\/\/socialport.com.br\/en\/author\/claudinei\/\">Claudinei Abreu<\/a><\/div><div class=\"guten-meta-date icon-position-before\"><i aria-hidden=\"true\" class=\"fas fa-clock\"><\/i>04\/03\/2026<\/div><\/div><div class=\"guten-post-excerpt\"><p>Foresight e a sua import\u00e2ncia vital para a administra\u00e7\u00e3o p\u00fablica Foresight e a administra\u00e7\u00e3o p\u00fablica podem caminha lado a lado&#8230;<\/p><\/div>\n            <div class=\"guten-post-meta-bottom\">\n                <div class=\"guten-meta-readmore icon-position-after\">\n                <a href=\"javascript:void(0);\" data-href=\"https:\/\/socialport.com.br\/en\/foresight-e-a-sua-importancia-vital-para-a-administracao-publica\/\" class=\"guten-readmore\">Read More<i aria-hidden=\"true\" class=\"fas fa-arrow-right\"><\/i><\/a>\n            <\/div>\n            <\/div><\/div>\n                <\/article><article class=\"guten-post post-2736 post type-post status-publish format-standard has-post-thumbnail hentry category-relatorios-tecnicos-cientificos\">\n                    <div class=\"guten-thumb\"><a href=\"javascript:void(0);\" data-href=\"https:\/\/socialport.com.br\/en\/visita-de-benchmarking-a-finlandia\/\"><div class=\"thumbnail-container\">\n            <img loading=\"lazy\" decoding=\"async\" width=\"2560\" height=\"1707\" src=\"https:\/\/socialport.com.br\/wp-content\/uploads\/2026\/02\/Helsinque-capital-da-Finlandia.jpg\" class=\"attachment-post-thumbnail size-post-thumbnail wp-post-image\" alt=\"\" srcset=\"https:\/\/socialport.com.br\/wp-content\/uploads\/2026\/02\/Helsinque-capital-da-Finlandia.jpg 2560w, https:\/\/socialport.com.br\/wp-content\/uploads\/2026\/02\/Helsinque-capital-da-Finlandia-300x200.jpg 300w, https:\/\/socialport.com.br\/wp-content\/uploads\/2026\/02\/Helsinque-capital-da-Finlandia-1024x683.jpg 1024w, https:\/\/socialport.com.br\/wp-content\/uploads\/2026\/02\/Helsinque-capital-da-Finlandia-768x512.jpg 768w, https:\/\/socialport.com.br\/wp-content\/uploads\/2026\/02\/Helsinque-capital-da-Finlandia-1536x1024.jpg 1536w, https:\/\/socialport.com.br\/wp-content\/uploads\/2026\/02\/Helsinque-capital-da-Finlandia-2048x1366.jpg 2048w, https:\/\/socialport.com.br\/wp-content\/uploads\/2026\/02\/Helsinque-capital-da-Finlandia-18x12.jpg 18w, https:\/\/socialport.com.br\/wp-content\/uploads\/2026\/02\/Helsinque-capital-da-Finlandia-2000x1334.jpg 2000w\" sizes=\"auto, 100vw\" \/>\n\t\t\t<div class=\"guten-overlay\"><\/div>\n        <\/div><\/a><\/div>\n                    <div class=\"guten-postblock-content\"><h3 class=\"guten-post-title\"><a href=\"javascript:void(0);\" data-href=\"https:\/\/socialport.com.br\/en\/visita-de-benchmarking-a-finlandia\/\">Visita de Benchmarking \u00e0 Finl\u00e2ndia<\/a><\/h3>\n                <div class=\"guten-post-meta\"><div class=\"guten-meta-author icon-position-before\"><i aria-hidden=\"true\" class=\"fas fa-user\"><\/i><span class=\"by\">by<\/span> <a href=\"javascript:void(0);\" data-href=\"https:\/\/socialport.com.br\/en\/author\/claudinei\/\">Claudinei Abreu<\/a><\/div><div class=\"guten-meta-date icon-position-before\"><i aria-hidden=\"true\" class=\"fas fa-clock\"><\/i>24\/02\/2026<\/div><\/div><div class=\"guten-post-excerpt\"><p>Visita de Benchmarking \u00e0 Finl\u00e2ndia A Finl\u00e2ndia se destaca como sendo a principal refer\u00eancia se tratando de qualificar o pensamento&#8230;<\/p><\/div>\n            <div class=\"guten-post-meta-bottom\">\n                <div class=\"guten-meta-readmore icon-position-after\">\n                <a href=\"javascript:void(0);\" data-href=\"https:\/\/socialport.com.br\/en\/visita-de-benchmarking-a-finlandia\/\" class=\"guten-readmore\">Read More<i aria-hidden=\"true\" class=\"fas fa-arrow-right\"><\/i><\/a>\n            <\/div>\n            <\/div><\/div>\n                <\/article><article class=\"guten-post post-2731 post type-post status-publish format-standard has-post-thumbnail hentry category-relatorios-tecnicos-cientificos\">\n                    <div class=\"guten-thumb\"><a href=\"javascript:void(0);\" data-href=\"https:\/\/socialport.com.br\/en\/visita-de-benchmarking-a-franca\/\"><div class=\"thumbnail-container\">\n            <img loading=\"lazy\" decoding=\"async\" width=\"1200\" height=\"676\" src=\"https:\/\/socialport.com.br\/wp-content\/uploads\/2026\/02\/Vista-panoramica-da-cidade-de-Paris.webp\" class=\"attachment-post-thumbnail size-post-thumbnail wp-post-image\" alt=\"\" srcset=\"https:\/\/socialport.com.br\/wp-content\/uploads\/2026\/02\/Vista-panoramica-da-cidade-de-Paris.webp 1200w, https:\/\/socialport.com.br\/wp-content\/uploads\/2026\/02\/Vista-panoramica-da-cidade-de-Paris-300x169.webp 300w, https:\/\/socialport.com.br\/wp-content\/uploads\/2026\/02\/Vista-panoramica-da-cidade-de-Paris-1024x577.webp 1024w, https:\/\/socialport.com.br\/wp-content\/uploads\/2026\/02\/Vista-panoramica-da-cidade-de-Paris-768x433.webp 768w, https:\/\/socialport.com.br\/wp-content\/uploads\/2026\/02\/Vista-panoramica-da-cidade-de-Paris-18x10.webp 18w\" sizes=\"auto, 100vw\" \/>\n\t\t\t<div class=\"guten-overlay\"><\/div>\n        <\/div><\/a><\/div>\n                    <div class=\"guten-postblock-content\"><h3 class=\"guten-post-title\"><a href=\"javascript:void(0);\" data-href=\"https:\/\/socialport.com.br\/en\/visita-de-benchmarking-a-franca\/\">Visita de Benchmarking \u00e0 Fran\u00e7a<\/a><\/h3>\n                <div class=\"guten-post-meta\"><div class=\"guten-meta-author icon-position-before\"><i aria-hidden=\"true\" class=\"fas fa-user\"><\/i><span class=\"by\">by<\/span> <a href=\"javascript:void(0);\" data-href=\"https:\/\/socialport.com.br\/en\/author\/claudinei\/\">Claudinei Abreu<\/a><\/div><div class=\"guten-meta-date icon-position-before\"><i aria-hidden=\"true\" class=\"fas fa-clock\"><\/i>24\/02\/2026<\/div><\/div><div class=\"guten-post-excerpt\"><p>Visita de Benchmarking \u00e0 Fran\u00e7a A SocialPort, atrav\u00e9s da professora Elaine Marcial, p\u00f4de acompanhar o uso do foresight pelas organiza\u00e7\u00f5es&#8230;<\/p><\/div>\n            <div class=\"guten-post-meta-bottom\">\n                <div class=\"guten-meta-readmore icon-position-after\">\n                <a href=\"javascript:void(0);\" data-href=\"https:\/\/socialport.com.br\/en\/visita-de-benchmarking-a-franca\/\" class=\"guten-readmore\">Read More<i aria-hidden=\"true\" class=\"fas fa-arrow-right\"><\/i><\/a>\n            <\/div>\n            <\/div><\/div>\n                <\/article><article class=\"guten-post post-2720 post type-post status-publish format-standard has-post-thumbnail hentry category-relatorios-tecnicos-cientificos\">\n                    <div class=\"guten-thumb\"><a href=\"javascript:void(0);\" data-href=\"https:\/\/socialport.com.br\/en\/visita-de-benchmarking-a-inglaterra\/\"><div class=\"thumbnail-container\">\n            <img loading=\"lazy\" decoding=\"async\" width=\"2560\" height=\"1280\" src=\"https:\/\/socialport.com.br\/wp-content\/uploads\/2026\/02\/Londres-scaled.avif\" class=\"attachment-post-thumbnail size-post-thumbnail wp-post-image\" alt=\"\" srcset=\"https:\/\/socialport.com.br\/wp-content\/uploads\/2026\/02\/Londres-scaled.avif 2560w, https:\/\/socialport.com.br\/wp-content\/uploads\/2026\/02\/Londres-300x150.jpg 300w, https:\/\/socialport.com.br\/wp-content\/uploads\/2026\/02\/Londres-1024x512.jpg 1024w, https:\/\/socialport.com.br\/wp-content\/uploads\/2026\/02\/Londres-768x384.jpg 768w, https:\/\/socialport.com.br\/wp-content\/uploads\/2026\/02\/Londres-1536x768.jpg 1536w, https:\/\/socialport.com.br\/wp-content\/uploads\/2026\/02\/Londres-2048x1024.jpg 2048w, https:\/\/socialport.com.br\/wp-content\/uploads\/2026\/02\/Londres-18x9.jpg 18w, https:\/\/socialport.com.br\/wp-content\/uploads\/2026\/02\/Londres-2000x1000.jpg 2000w\" sizes=\"auto, 100vw\" \/>\n\t\t\t<div class=\"guten-overlay\"><\/div>\n        <\/div><\/a><\/div>\n                    <div class=\"guten-postblock-content\"><h3 class=\"guten-post-title\"><a href=\"javascript:void(0);\" data-href=\"https:\/\/socialport.com.br\/en\/visita-de-benchmarking-a-inglaterra\/\">Visita de benchmarking \u00e0 Inglaterra<\/a><\/h3>\n                <div class=\"guten-post-meta\"><div class=\"guten-meta-author icon-position-before\"><i aria-hidden=\"true\" class=\"fas fa-user\"><\/i><span class=\"by\">by<\/span> <a href=\"javascript:void(0);\" data-href=\"https:\/\/socialport.com.br\/en\/author\/claudinei\/\">Claudinei Abreu<\/a><\/div><div class=\"guten-meta-date icon-position-before\"><i aria-hidden=\"true\" class=\"fas fa-clock\"><\/i>24\/02\/2026<\/div><\/div><div class=\"guten-post-excerpt\"><p>Visita de benchmarking \u00e0 Inglaterra A SocialPort, representada pela s\u00f3cia Elaine Marcial, fez uma visita de benchmarking \u00e0 Inglaterra para&#8230;<\/p><\/div>\n            <div class=\"guten-post-meta-bottom\">\n                <div class=\"guten-meta-readmore icon-position-after\">\n                <a href=\"javascript:void(0);\" data-href=\"https:\/\/socialport.com.br\/en\/visita-de-benchmarking-a-inglaterra\/\" class=\"guten-readmore\">Read More<i aria-hidden=\"true\" class=\"fas fa-arrow-right\"><\/i><\/a>\n            <\/div>\n            <\/div><\/div>\n                <\/article><article class=\"guten-post post-2333 post type-post status-publish format-standard has-post-thumbnail hentry category-relatorios-tecnicos-cientificos\">\n                    <div class=\"guten-thumb\"><a href=\"javascript:void(0);\" data-href=\"https:\/\/socialport.com.br\/en\/como-singapura-se-tornou-referencia-mundial-em-foresight\/\"><div class=\"thumbnail-container\">\n            <img loading=\"lazy\" decoding=\"async\" width=\"1000\" height=\"667\" src=\"https:\/\/socialport.com.br\/wp-content\/uploads\/2025\/10\/Singapura.jpg\" class=\"attachment-post-thumbnail size-post-thumbnail wp-post-image\" alt=\"\" srcset=\"https:\/\/socialport.com.br\/wp-content\/uploads\/2025\/10\/Singapura.jpg 1000w, https:\/\/socialport.com.br\/wp-content\/uploads\/2025\/10\/Singapura-300x200.jpg 300w, https:\/\/socialport.com.br\/wp-content\/uploads\/2025\/10\/Singapura-768x512.jpg 768w, https:\/\/socialport.com.br\/wp-content\/uploads\/2025\/10\/Singapura-18x12.jpg 18w\" sizes=\"auto, 100vw\" \/>\n\t\t\t<div class=\"guten-overlay\"><\/div>\n        <\/div><\/a><\/div>\n                    <div class=\"guten-postblock-content\"><h3 class=\"guten-post-title\"><a href=\"javascript:void(0);\" data-href=\"https:\/\/socialport.com.br\/en\/como-singapura-se-tornou-referencia-mundial-em-foresight\/\">Como Singapura se tornou refer\u00eancia mundial em Foresight?<\/a><\/h3>\n                <div class=\"guten-post-meta\"><div class=\"guten-meta-author icon-position-before\"><i aria-hidden=\"true\" class=\"fas fa-user\"><\/i><span class=\"by\">by<\/span> <a href=\"javascript:void(0);\" data-href=\"https:\/\/socialport.com.br\/en\/author\/ela\/\">Elaine Marcial<\/a><\/div><div class=\"guten-meta-date icon-position-before\"><i aria-hidden=\"true\" class=\"fas fa-clock\"><\/i>23\/10\/2025<\/div><\/div><div class=\"guten-post-excerpt\"><p>Como Singapura se tornou refer\u00eancia mundial em Foresight? Marina Bay Sands \u00e9 o edif\u00edcio mais ic\u00f4nico da cidade-estado de Singapura&#8230;.<\/p><\/div>\n            <div class=\"guten-post-meta-bottom\">\n                <div class=\"guten-meta-readmore icon-position-after\">\n                <a href=\"javascript:void(0);\" data-href=\"https:\/\/socialport.com.br\/en\/como-singapura-se-tornou-referencia-mundial-em-foresight\/\" class=\"guten-readmore\">Read More<i aria-hidden=\"true\" class=\"fas fa-arrow-right\"><\/i><\/a>\n            <\/div>\n            <\/div><\/div>\n                <\/article><article class=\"guten-post post-1758 post type-post status-publish format-standard has-post-thumbnail hentry category-relatorios-tecnicos-cientificos tag-cenarios tag-cenarizacao tag-estrategia tag-ferramentas tag-foresight tag-planejamento tag-planejamento-estrategico tag-socialport\">\n                    <div class=\"guten-thumb\"><a href=\"javascript:void(0);\" data-href=\"https:\/\/socialport.com.br\/en\/os-relatorios-gerados-no-ambito-do-projeto-brasil-2045-gerados-automaticamente-pela-socialport-enterprise-e-comentados-pela-dra-elaine-c-marcial\/\"><div class=\"thumbnail-container\">\n            <img loading=\"lazy\" decoding=\"async\" width=\"747\" height=\"500\" src=\"https:\/\/socialport.com.br\/wp-content\/uploads\/2022\/08\/desk_coworking_como_abrir_uma_empresa-1.webp\" class=\"attachment-post-thumbnail size-post-thumbnail wp-post-image\" alt=\"\" srcset=\"https:\/\/socialport.com.br\/wp-content\/uploads\/2022\/08\/desk_coworking_como_abrir_uma_empresa-1.webp 747w, https:\/\/socialport.com.br\/wp-content\/uploads\/2022\/08\/desk_coworking_como_abrir_uma_empresa-1-300x201.webp 300w\" sizes=\"auto, 100vw\" \/>\n\t\t\t<div class=\"guten-overlay\"><\/div>\n        <\/div><\/a><\/div>\n                    <div class=\"guten-postblock-content\"><h3 class=\"guten-post-title\"><a href=\"javascript:void(0);\" data-href=\"https:\/\/socialport.com.br\/en\/os-relatorios-gerados-no-ambito-do-projeto-brasil-2045-gerados-automaticamente-pela-socialport-enterprise-e-comentados-pela-dra-elaine-c-marcial\/\">Os relat\u00f3rios gerados no \u00e2mbito do projeto Brasil 2045 gerados automaticamente pela SocialPort Enterprise e comentados pela Dra. Elaine C. Marcial<\/a><\/h3>\n                <div class=\"guten-post-meta\"><div class=\"guten-meta-author icon-position-before\"><i aria-hidden=\"true\" class=\"fas fa-user\"><\/i><span class=\"by\">by<\/span> <a href=\"javascript:void(0);\" data-href=\"https:\/\/socialport.com.br\/en\/author\/jotatri\/\">Jo\u00e3o Menezes<\/a><\/div><div class=\"guten-meta-date icon-position-before\"><i aria-hidden=\"true\" class=\"fas fa-clock\"><\/i>14\/01\/2025<\/div><\/div><div class=\"guten-post-excerpt\"><p>Os relat\u00f3rios gerados no \u00e2mbito do projeto Brasil 2045 gerados automaticamente pela SocialPort Enterprise e comentados pela Dra. Elaine C&#8230;.<\/p><\/div>\n            <div class=\"guten-post-meta-bottom\">\n                <div class=\"guten-meta-readmore icon-position-after\">\n                <a href=\"javascript:void(0);\" data-href=\"https:\/\/socialport.com.br\/en\/os-relatorios-gerados-no-ambito-do-projeto-brasil-2045-gerados-automaticamente-pela-socialport-enterprise-e-comentados-pela-dra-elaine-c-marcial\/\" class=\"guten-readmore\">Read More<i aria-hidden=\"true\" class=\"fas fa-arrow-right\"><\/i><\/a>\n            <\/div>\n            <\/div><\/div>\n                <\/article>\n        <\/div>\n        <\/div><\/div>","protected":false},"excerpt":{"rendered":"<p>Relat\u00f3rios T\u00e9cnicos Cient\u00edficos<\/p>","protected":false},"author":9,"featured_media":0,"parent":0,"menu_order":0,"comment_status":"closed","ping_status":"closed","template":"","meta":{"footnotes":""},"class_list":["post-2685","page","type-page","status-publish","hentry"],"_links":{"self":[{"href":"https:\/\/socialport.com.br\/en\/wp-json\/wp\/v2\/pages\/2685","targetHints":{"allow":["GET"]}}],"collection":[{"href":"https:\/\/socialport.com.br\/en\/wp-json\/wp\/v2\/pages"}],"about":[{"href":"https:\/\/socialport.com.br\/en\/wp-json\/wp\/v2\/types\/page"}],"author":[{"embeddable":true,"href":"https:\/\/socialport.com.br\/en\/wp-json\/wp\/v2\/users\/9"}],"replies":[{"embeddable":true,"href":"https:\/\/socialport.com.br\/en\/wp-json\/wp\/v2\/comments?post=2685"}],"version-history":[{"count":4,"href":"https:\/\/socialport.com.br\/en\/wp-json\/wp\/v2\/pages\/2685\/revisions"}],"predecessor-version":[{"id":2729,"href":"https:\/\/socialport.com.br\/en\/wp-json\/wp\/v2\/pages\/2685\/revisions\/2729"}],"wp:attachment":[{"href":"https:\/\/socialport.com.br\/en\/wp-json\/wp\/v2\/media?parent=2685"}],"curies":[{"name":"wp","href":"https:\/\/api.w.org\/{rel}","templated":true}]}}