{"id":28,"date":"2022-07-21T18:46:53","date_gmt":"2022-07-21T18:46:53","guid":{"rendered":"https:\/\/wp.socialport.com.br\/?page_id=28"},"modified":"2025-12-23T19:43:26","modified_gmt":"2025-12-23T19:43:26","slug":"projetos","status":"publish","type":"page","link":"https:\/\/socialport.com.br\/en\/projetos\/","title":{"rendered":"Projects"},"content":{"rendered":"<div style=\"height:50px\" aria-hidden=\"true\" class=\"wp-block-spacer\"><\/div>\n\n\n<h2 class=\"fonts-plugin-block\" style=\"font-family: Roboto;font-weight: normal;text-align: center\"><strong>Our Clients<\/strong><br><\/h2>\n\n\n<div class=\"wp-block-group is-content-justification-center is-nowrap is-layout-flex wp-container-core-group-is-layout-94bc23d7 wp-block-group-is-layout-flex\">\n<div class=\"wp-block-group wp-container-content-73b1915a\"><div class=\"wp-block-group__inner-container is-layout-flow wp-block-group-is-layout-flow\">\n<div class=\"wp-block-columns are-vertically-aligned-center is-layout-flex wp-container-core-columns-is-layout-9d6595d7 wp-block-columns-is-layout-flex\">\n<div class=\"wp-block-column is-vertically-aligned-center is-layout-flow wp-block-column-is-layout-flow\">\n<figure class=\"wp-block-image size-full is-resized\"><img loading=\"lazy\" decoding=\"async\" width=\"766\" height=\"293\" src=\"https:\/\/wp.socialport.com.br\/wp-content\/uploads\/2022\/08\/aneel.png\" alt=\"\" class=\"wp-image-369\" style=\"width:294px;height:112px\" srcset=\"https:\/\/socialport.com.br\/wp-content\/uploads\/2022\/08\/aneel.png 766w, https:\/\/socialport.com.br\/wp-content\/uploads\/2022\/08\/aneel-300x115.png 300w\" sizes=\"auto, (max-width: 766px) 100vw, 766px\" \/><\/figure>\n<\/div>\n\n\n\n<div class=\"wp-block-column is-vertically-aligned-center is-layout-flow wp-block-column-is-layout-flow\">\n<figure class=\"wp-block-image size-full is-resized\"><img loading=\"lazy\" decoding=\"async\" width=\"869\" height=\"294\" src=\"https:\/\/wp.socialport.com.br\/wp-content\/uploads\/2022\/08\/giz-1.png\" alt=\"\" class=\"wp-image-370\" style=\"width:431px;height:145px\" srcset=\"https:\/\/socialport.com.br\/wp-content\/uploads\/2022\/08\/giz-1.png 869w, https:\/\/socialport.com.br\/wp-content\/uploads\/2022\/08\/giz-1-300x101.png 300w, https:\/\/socialport.com.br\/wp-content\/uploads\/2022\/08\/giz-1-768x260.png 768w\" sizes=\"auto, (max-width: 869px) 100vw, 869px\" \/><\/figure>\n<\/div>\n\n\n\n<div class=\"wp-block-column is-vertically-aligned-center is-layout-flow wp-block-column-is-layout-flow\">\n<figure class=\"wp-block-image size-large is-resized\"><img loading=\"lazy\" decoding=\"async\" width=\"1024\" height=\"262\" src=\"https:\/\/wp.socialport.com.br\/wp-content\/uploads\/2022\/07\/marinha-1-1024x262.png\" alt=\"\" class=\"wp-image-194\" style=\"width:382px;height:97px\" srcset=\"https:\/\/socialport.com.br\/wp-content\/uploads\/2022\/07\/marinha-1-1024x262.png 1024w, https:\/\/socialport.com.br\/wp-content\/uploads\/2022\/07\/marinha-1-300x77.png 300w, https:\/\/socialport.com.br\/wp-content\/uploads\/2022\/07\/marinha-1-768x196.png 768w, https:\/\/socialport.com.br\/wp-content\/uploads\/2022\/07\/marinha-1.png 1296w\" sizes=\"auto, (max-width: 1024px) 100vw, 1024px\" \/><\/figure>\n<\/div>\n<\/div>\n\n\n\n<div class=\"wp-block-columns are-vertically-aligned-center is-layout-flex wp-container-core-columns-is-layout-9d6595d7 wp-block-columns-is-layout-flex\">\n<div class=\"wp-block-column is-vertically-aligned-center is-layout-flow wp-block-column-is-layout-flow\">\n<figure class=\"wp-block-image size-large\"><img loading=\"lazy\" decoding=\"async\" width=\"1024\" height=\"326\" src=\"https:\/\/socialport.com.br\/wp-content\/uploads\/2025\/12\/Logo-SESDF-Versao-Horizontal-Negativa-1-1024x326.png\" alt=\"\" class=\"wp-image-2524\" srcset=\"https:\/\/socialport.com.br\/wp-content\/uploads\/2025\/12\/Logo-SESDF-Versao-Horizontal-Negativa-1-1024x326.png 1024w, https:\/\/socialport.com.br\/wp-content\/uploads\/2025\/12\/Logo-SESDF-Versao-Horizontal-Negativa-1-300x96.png 300w, https:\/\/socialport.com.br\/wp-content\/uploads\/2025\/12\/Logo-SESDF-Versao-Horizontal-Negativa-1-768x244.png 768w, https:\/\/socialport.com.br\/wp-content\/uploads\/2025\/12\/Logo-SESDF-Versao-Horizontal-Negativa-1-1536x489.png 1536w, https:\/\/socialport.com.br\/wp-content\/uploads\/2025\/12\/Logo-SESDF-Versao-Horizontal-Negativa-1-2048x652.png 2048w, https:\/\/socialport.com.br\/wp-content\/uploads\/2025\/12\/Logo-SESDF-Versao-Horizontal-Negativa-1-18x6.png 18w, https:\/\/socialport.com.br\/wp-content\/uploads\/2025\/12\/Logo-SESDF-Versao-Horizontal-Negativa-1-2000x637.png 2000w\" sizes=\"auto, (max-width: 1024px) 100vw, 1024px\" \/><\/figure>\n<\/div>\n\n\n\n<div class=\"wp-block-column is-vertically-aligned-center is-layout-flow wp-block-column-is-layout-flow\">\n<figure class=\"wp-block-image size-full\"><img loading=\"lazy\" decoding=\"async\" width=\"907\" height=\"510\" src=\"https:\/\/socialport.com.br\/wp-content\/uploads\/2025\/12\/Asset63.webp\" alt=\"\" class=\"wp-image-2533\" srcset=\"https:\/\/socialport.com.br\/wp-content\/uploads\/2025\/12\/Asset63.webp 907w, https:\/\/socialport.com.br\/wp-content\/uploads\/2025\/12\/Asset63-300x169.webp 300w, https:\/\/socialport.com.br\/wp-content\/uploads\/2025\/12\/Asset63-768x432.webp 768w, https:\/\/socialport.com.br\/wp-content\/uploads\/2025\/12\/Asset63-18x10.webp 18w\" sizes=\"auto, (max-width: 907px) 100vw, 907px\" \/><\/figure>\n<\/div>\n\n\n\n<div class=\"wp-block-column is-vertically-aligned-center is-layout-flow wp-block-column-is-layout-flow\">\n<figure class=\"wp-block-image size-full\"><img loading=\"lazy\" decoding=\"async\" width=\"362\" height=\"139\" src=\"https:\/\/socialport.com.br\/wp-content\/uploads\/2025\/12\/images.png\" alt=\"\" class=\"wp-image-2534\" srcset=\"https:\/\/socialport.com.br\/wp-content\/uploads\/2025\/12\/images.png 362w, https:\/\/socialport.com.br\/wp-content\/uploads\/2025\/12\/images-300x115.png 300w, https:\/\/socialport.com.br\/wp-content\/uploads\/2025\/12\/images-18x7.png 18w\" sizes=\"auto, (max-width: 362px) 100vw, 362px\" \/><\/figure>\n<\/div>\n<\/div>\n\n\n\n<div class=\"wp-block-columns is-layout-flex wp-container-core-columns-is-layout-9d6595d7 wp-block-columns-is-layout-flex\">\n<div class=\"wp-block-column is-layout-flow wp-block-column-is-layout-flow\">\n<figure class=\"wp-block-gallery has-nested-images columns-default is-cropped wp-block-gallery-1 is-layout-flex wp-block-gallery-is-layout-flex\">\n<figure class=\"wp-block-image size-large\"><img loading=\"lazy\" decoding=\"async\" width=\"754\" height=\"296\" data-id=\"371\" src=\"https:\/\/socialport.com.br\/wp-content\/uploads\/2022\/08\/sergipe.png\" alt=\"\" class=\"wp-image-371\" srcset=\"https:\/\/socialport.com.br\/wp-content\/uploads\/2022\/08\/sergipe.png 754w, https:\/\/socialport.com.br\/wp-content\/uploads\/2022\/08\/sergipe-300x118.png 300w\" sizes=\"auto, (max-width: 754px) 100vw, 754px\" \/><\/figure>\n<\/figure>\n<\/div>\n\n\n\n<div class=\"wp-block-column is-layout-flow wp-block-column-is-layout-flow\">\n<figure class=\"wp-block-image size-large\"><img loading=\"lazy\" decoding=\"async\" width=\"1024\" height=\"270\" src=\"https:\/\/socialport.com.br\/wp-content\/uploads\/2025\/12\/WhatsApp-Image-2025-12-23-at-16.31.13_9ec19427-e1766518701988-1024x270.jpg\" alt=\"\" class=\"wp-image-2541\" srcset=\"https:\/\/socialport.com.br\/wp-content\/uploads\/2025\/12\/WhatsApp-Image-2025-12-23-at-16.31.13_9ec19427-e1766518701988-1024x270.jpg 1024w, https:\/\/socialport.com.br\/wp-content\/uploads\/2025\/12\/WhatsApp-Image-2025-12-23-at-16.31.13_9ec19427-e1766518701988-300x79.jpg 300w, https:\/\/socialport.com.br\/wp-content\/uploads\/2025\/12\/WhatsApp-Image-2025-12-23-at-16.31.13_9ec19427-e1766518701988-768x202.jpg 768w, https:\/\/socialport.com.br\/wp-content\/uploads\/2025\/12\/WhatsApp-Image-2025-12-23-at-16.31.13_9ec19427-e1766518701988-18x5.jpg 18w, https:\/\/socialport.com.br\/wp-content\/uploads\/2025\/12\/WhatsApp-Image-2025-12-23-at-16.31.13_9ec19427-e1766518701988.jpg 1280w\" sizes=\"auto, (max-width: 1024px) 100vw, 1024px\" \/><\/figure>\n<\/div>\n\n\n\n<div class=\"wp-block-column is-layout-flow wp-block-column-is-layout-flow\">\n<figure class=\"wp-block-image size-full\"><img loading=\"lazy\" decoding=\"async\" width=\"960\" height=\"264\" src=\"https:\/\/socialport.com.br\/wp-content\/uploads\/2025\/12\/Logo_cnj.jpg\" alt=\"\" class=\"wp-image-2547\" srcset=\"https:\/\/socialport.com.br\/wp-content\/uploads\/2025\/12\/Logo_cnj.jpg 960w, https:\/\/socialport.com.br\/wp-content\/uploads\/2025\/12\/Logo_cnj-300x83.jpg 300w, https:\/\/socialport.com.br\/wp-content\/uploads\/2025\/12\/Logo_cnj-768x211.jpg 768w, https:\/\/socialport.com.br\/wp-content\/uploads\/2025\/12\/Logo_cnj-18x5.jpg 18w\" sizes=\"auto, (max-width: 960px) 100vw, 960px\" \/><\/figure>\n<\/div>\n<\/div>\n\n\n\n<div class=\"wp-block-columns is-layout-flex wp-container-core-columns-is-layout-9d6595d7 wp-block-columns-is-layout-flex\">\n<div class=\"wp-block-column is-layout-flow wp-block-column-is-layout-flow\">\n<figure class=\"wp-block-image size-large\"><img loading=\"lazy\" decoding=\"async\" width=\"1024\" height=\"362\" src=\"https:\/\/socialport.com.br\/wp-content\/uploads\/2025\/12\/WhatsApp-Image-2025-12-23-at-16.39.11_d3b5f5e5-e1766518998306-1024x362.jpg\" alt=\"\" class=\"wp-image-2549\" srcset=\"https:\/\/socialport.com.br\/wp-content\/uploads\/2025\/12\/WhatsApp-Image-2025-12-23-at-16.39.11_d3b5f5e5-e1766518998306-1024x362.jpg 1024w, https:\/\/socialport.com.br\/wp-content\/uploads\/2025\/12\/WhatsApp-Image-2025-12-23-at-16.39.11_d3b5f5e5-e1766518998306-300x106.jpg 300w, https:\/\/socialport.com.br\/wp-content\/uploads\/2025\/12\/WhatsApp-Image-2025-12-23-at-16.39.11_d3b5f5e5-e1766518998306-768x271.jpg 768w, https:\/\/socialport.com.br\/wp-content\/uploads\/2025\/12\/WhatsApp-Image-2025-12-23-at-16.39.11_d3b5f5e5-e1766518998306-18x6.jpg 18w, https:\/\/socialport.com.br\/wp-content\/uploads\/2025\/12\/WhatsApp-Image-2025-12-23-at-16.39.11_d3b5f5e5-e1766518998306.jpg 1280w\" sizes=\"auto, (max-width: 1024px) 100vw, 1024px\" \/><\/figure>\n<\/div>\n\n\n\n<div class=\"wp-block-column is-layout-flow wp-block-column-is-layout-flow\">\n<figure class=\"wp-block-image size-large\"><img loading=\"lazy\" decoding=\"async\" width=\"1024\" height=\"275\" src=\"https:\/\/socialport.com.br\/wp-content\/uploads\/2025\/12\/Logotipo_do_Supremo_Tribunal_Federal_PB.svg_-e1766518898844-1024x275.png\" alt=\"\" class=\"wp-image-2551\" srcset=\"https:\/\/socialport.com.br\/wp-content\/uploads\/2025\/12\/Logotipo_do_Supremo_Tribunal_Federal_PB.svg_-e1766518898844-1024x275.png 1024w, https:\/\/socialport.com.br\/wp-content\/uploads\/2025\/12\/Logotipo_do_Supremo_Tribunal_Federal_PB.svg_-e1766518898844-300x81.png 300w, https:\/\/socialport.com.br\/wp-content\/uploads\/2025\/12\/Logotipo_do_Supremo_Tribunal_Federal_PB.svg_-e1766518898844-768x206.png 768w, https:\/\/socialport.com.br\/wp-content\/uploads\/2025\/12\/Logotipo_do_Supremo_Tribunal_Federal_PB.svg_-e1766518898844-1536x412.png 1536w, https:\/\/socialport.com.br\/wp-content\/uploads\/2025\/12\/Logotipo_do_Supremo_Tribunal_Federal_PB.svg_-e1766518898844-2048x550.png 2048w, https:\/\/socialport.com.br\/wp-content\/uploads\/2025\/12\/Logotipo_do_Supremo_Tribunal_Federal_PB.svg_-e1766518898844-18x5.png 18w, https:\/\/socialport.com.br\/wp-content\/uploads\/2025\/12\/Logotipo_do_Supremo_Tribunal_Federal_PB.svg_-e1766518898844-2000x537.png 2000w\" sizes=\"auto, (max-width: 1024px) 100vw, 1024px\" \/><\/figure>\n<\/div>\n\n\n\n<div class=\"wp-block-column is-layout-flow wp-block-column-is-layout-flow\"><\/div>\n<\/div>\n\n\n\n<div class=\"wp-block-columns is-layout-flex wp-container-core-columns-is-layout-9d6595d7 wp-block-columns-is-layout-flex\">\n<div class=\"wp-block-column is-layout-flow wp-block-column-is-layout-flow\"><\/div>\n<\/div>\n<\/div><\/div>\n<\/div>\n\n\n\n<div class=\"wp-block-group\"><div class=\"wp-block-group__inner-container is-layout-flow wp-block-group-is-layout-flow\">\n<div class=\"wp-block-columns alignwide is-layout-flex wp-container-core-columns-is-layout-9d6595d7 wp-block-columns-is-layout-flex\">\n<div class=\"wp-block-column is-layout-flow wp-block-column-is-layout-flow\" style=\"flex-basis:100%\"><p class=\"fonts-plugin-block\" style=\"font-family: Roboto;font-weight: normal\">Em um ano de trabalho, a SocialPort Enterprise teve \u00eaxito em seu servi\u00e7o de pesquisas utilizado pelos integrantes da Escola de Guerra Naval (EGN) e seus convidados. O acesso \u00e0 plataforma contou com a participa\u00e7\u00e3o de 60 especialistas que integram a Rede colaborativa de pesquisa e monitoramento com abrang\u00eancia nacional, com o objetivo de monitorar sementes do futuro da defesa.<\/p><\/div>\n<\/div>\n<\/div><\/div>\n\n\n\n<div class=\"wp-block-group\"><div class=\"wp-block-group__inner-container is-layout-flow wp-block-group-is-layout-flow\">\n<div class=\"wp-block-columns alignwide is-layout-flex wp-container-core-columns-is-layout-9d6595d7 wp-block-columns-is-layout-flex\">\n<div class=\"wp-block-column is-layout-flow wp-block-column-is-layout-flow\" style=\"flex-basis:100%\"><p class=\"fonts-plugin-block\" style=\"font-family: Roboto;font-weight: normal\">Em junho de 2022 foi lan\u00e7ado o projeto \u201cCen\u00e1rios Brasil 2040\u201d, parceria entre a Associa\u00e7\u00e3o Nacional dos Servidores da Carreira de Planejamento e or\u00e7amento, Asseccor, e a Universidade Cat\u00f3lica de Bras\u00edlia, que far\u00e3o uso da SocialPort Enterprise para a coleta e processamento de dados das pesquisas feitas durante o projeto, sendo a primeira etapa de pesquisa, o levantamento de sementes para o futuro.<\/p><\/div>\n<\/div>\n<\/div><\/div>\n\n\n\n<div class=\"wp-block-group\"><div class=\"wp-block-group__inner-container is-layout-flow wp-block-group-is-layout-flow\">\n<div class=\"wp-block-columns alignwide is-layout-flex wp-container-core-columns-is-layout-9d6595d7 wp-block-columns-is-layout-flex\">\n<div class=\"wp-block-column is-layout-flow wp-block-column-is-layout-flow\" style=\"flex-basis:100%\"><p class=\"fonts-plugin-block\" style=\"font-family: Roboto;font-weight: normal\">Em 2021 a Plataforma SocialPort Enterprise foi utilizada em uma capacita\u00e7\u00e3o para a APEX-Brasil. Atualmente, os integrantes do Grupo de Pesquisa e Estudos Prospectivos da Universidade Cat\u00f3lica de Bras\u00edlia (NEP-UCB) fazem uso da SocialPort Academy, recebendo&nbsp; um curso de capacita\u00e7\u00e3o, referente ao uso da plataforma Enterprise.<\/p><\/div>\n<\/div>\n<\/div><\/div>\n\n\n<div class=\"wp-block-image\">\n<figure class=\"aligncenter size-full is-resized\"><img loading=\"lazy\" decoding=\"async\" width=\"1000\" height=\"662\" src=\"https:\/\/wp.socialport.com.br\/wp-content\/uploads\/2022\/07\/Sergipe-14.jpg\" alt=\"\" class=\"wp-image-19\" style=\"width:650px;height:431px\" srcset=\"https:\/\/socialport.com.br\/wp-content\/uploads\/2022\/07\/Sergipe-14.jpg 1000w, https:\/\/socialport.com.br\/wp-content\/uploads\/2022\/07\/Sergipe-14-300x199.jpg 300w, https:\/\/socialport.com.br\/wp-content\/uploads\/2022\/07\/Sergipe-14-768x508.jpg 768w\" sizes=\"auto, (max-width: 1000px) 100vw, 1000px\" \/><figcaption class=\"wp-element-caption\">Servidores p\u00fablicos participantes da capacita\u00e7\u00e3o do Projeto <em>Sergipe 2050<\/em><\/figcaption><\/figure>\n<\/div>\n\n\n<div class=\"wp-block-group\"><div class=\"wp-block-group__inner-container is-layout-flow wp-block-group-is-layout-flow\">\n<div class=\"wp-block-columns alignwide is-layout-flex wp-container-core-columns-is-layout-9d6595d7 wp-block-columns-is-layout-flex\">\n<div class=\"wp-block-column is-layout-flow wp-block-column-is-layout-flow\" style=\"flex-basis:100%\"><p class=\"fonts-plugin-block\" style=\"font-family: Roboto;font-weight: normal\">Em novembro de 2021, foi realizada uma capacita\u00e7\u00e3o em \u2018Planejamento por Cen\u00e1rios Prospectivos\u2019 no \u00e2mbito do Projeto <em>Sergipe 2050<\/em>, uma iniciativa da \u00e1rea de planejamento do Estado de Sergipe. O evento tinha como objetivo capacitar servidores p\u00fablicos, da iniciativa privada e do terceiro setor na constru\u00e7\u00e3o, utilizando os estudos de cen\u00e1rios prospectivos que contribuam com a formula\u00e7\u00e3o de estrat\u00e9gias e pol\u00edticas p\u00fablicas inovadoras.<\/p><\/div>\n<\/div>\n<\/div><\/div>\n\n\n\n<div class=\"wp-block-columns is-layout-flex wp-container-core-columns-is-layout-9d6595d7 wp-block-columns-is-layout-flex\">\n<div class=\"wp-block-column is-layout-flow wp-block-column-is-layout-flow\"><div class=\"wp-block-image\">\n<figure class=\"alignright size-full is-resized\"><img loading=\"lazy\" decoding=\"async\" width=\"1000\" height=\"662\" src=\"https:\/\/wp.socialport.com.br\/wp-content\/uploads\/2022\/07\/Sergipe-23.jpg\" alt=\"\" class=\"wp-image-20\" style=\"width:331px;height:219px\" srcset=\"https:\/\/socialport.com.br\/wp-content\/uploads\/2022\/07\/Sergipe-23.jpg 1000w, https:\/\/socialport.com.br\/wp-content\/uploads\/2022\/07\/Sergipe-23-300x199.jpg 300w, https:\/\/socialport.com.br\/wp-content\/uploads\/2022\/07\/Sergipe-23-768x508.jpg 768w\" sizes=\"auto, (max-width: 1000px) 100vw, 1000px\" \/><figcaption class=\"wp-element-caption\">Capacita\u00e7\u00e3o Projeto <em>Sergipe 2050<\/em><\/figcaption><\/figure>\n<\/div><\/div>\n\n\n\n<div class=\"wp-block-column is-layout-flow wp-block-column-is-layout-flow\"><div class=\"wp-block-image\">\n<figure class=\"alignleft size-full is-resized\"><img loading=\"lazy\" decoding=\"async\" width=\"1000\" height=\"662\" src=\"https:\/\/wp.socialport.com.br\/wp-content\/uploads\/2022\/07\/Sergipe-26.jpg\" alt=\"\" class=\"wp-image-21\" style=\"width:330px;height:218px\" srcset=\"https:\/\/socialport.com.br\/wp-content\/uploads\/2022\/07\/Sergipe-26.jpg 1000w, https:\/\/socialport.com.br\/wp-content\/uploads\/2022\/07\/Sergipe-26-300x199.jpg 300w, https:\/\/socialport.com.br\/wp-content\/uploads\/2022\/07\/Sergipe-26-768x508.jpg 768w\" sizes=\"auto, (max-width: 1000px) 100vw, 1000px\" \/><figcaption class=\"wp-element-caption\">Capacita\u00e7\u00e3o Projeto <em>Sergipe 2050<\/em><\/figcaption><\/figure>\n<\/div><\/div>\n<\/div>\n\n\n\n<div class=\"wp-block-group\"><div class=\"wp-block-group__inner-container is-layout-flow wp-block-group-is-layout-flow\">\n<div class=\"wp-block-columns alignwide is-layout-flex wp-container-core-columns-is-layout-9d6595d7 wp-block-columns-is-layout-flex\">\n<div class=\"wp-block-column is-layout-flow wp-block-column-is-layout-flow\" style=\"flex-basis:100%\"><p class=\"fonts-plugin-block\" style=\"font-family: Roboto;font-weight: normal\">Em setembro do mesmo ano, foi realizada a capacita\u00e7\u00e3o no curso \u2018Sementes de Futuro de Defesa&#8217;, que contou com a participa\u00e7\u00e3o de 60 especialistas civis e militares integrantes da Rede Colaborativa de Pesquisa e Monitoramento. Tendo como objetivo promover a checagem dos Cen\u00e1rios Prospectivos do Minist\u00e9rio da Defesa.<\/p><\/div>\n<\/div>\n<\/div><\/div>\n\n\n\n<div class=\"wp-block-group\"><div class=\"wp-block-group__inner-container is-layout-flow wp-block-group-is-layout-flow\">\n<div class=\"wp-block-columns alignwide is-layout-flex wp-container-core-columns-is-layout-9d6595d7 wp-block-columns-is-layout-flex\">\n<div class=\"wp-block-column is-layout-flow wp-block-column-is-layout-flow\" style=\"flex-basis:100%\"><p class=\"fonts-plugin-block\" style=\"font-family: Roboto;font-weight: normal\">Tamb\u00e9m foi realizado um workshop sobre a SocialPort Enterprise, visando o uso pr\u00e1tico da plataforma para os participantes que a utilizaram ao longo dos \u00faltimos meses na realiza\u00e7\u00e3o de pesquisas para a captura e an\u00e1lise de sementes.<\/p><\/div>\n<\/div>\n<\/div><\/div>\n\n\n\n<div class=\"wp-block-group\"><div class=\"wp-block-group__inner-container is-layout-flow wp-block-group-is-layout-flow\">\n<div class=\"wp-block-columns alignwide is-layout-flex wp-container-core-columns-is-layout-9d6595d7 wp-block-columns-is-layout-flex\">\n<div class=\"wp-block-column is-layout-flow wp-block-column-is-layout-flow\" style=\"flex-basis:100%\"><p class=\"fonts-plugin-block\" style=\"font-family: Roboto;font-weight: normal\">Em junho de 2021, por meio da Academy, os servidores da ANEEL tiveram uma capacita\u00e7\u00e3o em planejamento por cen\u00e1rios, no \u00e2mbito do projeto \u2018Sistema de Energia do Futuro\u2019, no qual &nbsp; utilizou-se as ferramentas de pesquisa da Plataforma SocialPort Enterprise.<\/p><\/div>\n<\/div>\n<\/div><\/div>\n\n\n\n<div class=\"wp-block-group\"><div class=\"wp-block-group__inner-container is-layout-flow wp-block-group-is-layout-flow\">\n<div class=\"wp-block-columns alignwide is-layout-flex wp-container-core-columns-is-layout-9d6595d7 wp-block-columns-is-layout-flex\">\n<div class=\"wp-block-column is-layout-flow wp-block-column-is-layout-flow\" style=\"flex-basis:100%\"><p class=\"fonts-plugin-block\" style=\"font-family: Roboto;font-weight: normal\">Entre os dias 25 de fevereiro a 22 de abril de 2021, aconteceu a capacita\u00e7\u00e3o de funcion\u00e1rios da APEX-Brasil com o objetivo de empoderar os participantes na constru\u00e7\u00e3o de cen\u00e1rios e sua utiliza\u00e7\u00e3o na formula\u00e7\u00e3o de estrat\u00e9gias e no processo decis\u00f3rio.<\/p><\/div>\n<\/div>\n<\/div><\/div>\n\n\n\n<div class=\"wp-block-group\"><div class=\"wp-block-group__inner-container is-layout-flow wp-block-group-is-layout-flow\">\n<div class=\"wp-block-columns alignwide is-layout-flex wp-container-core-columns-is-layout-9d6595d7 wp-block-columns-is-layout-flex\">\n<div class=\"wp-block-column is-layout-flow wp-block-column-is-layout-flow\" style=\"flex-basis:100%\"><p class=\"fonts-plugin-block\" style=\"font-family: Roboto;font-weight: normal\">Al\u00e9m dessa etapa, foi realizada capacita\u00e7\u00e3o mesclada com oficinas voltadas para a primeira etapa do processo de planejamento por cen\u00e1rios, focando tanto na compreens\u00e3o da metodologia quanto em seu uso, identificando-se o objetivo do projeto de cenariza\u00e7\u00e3o, a quest\u00e3o orientadora e de seus aspectos fundamentais.<\/p><\/div>\n<\/div>\n<\/div><\/div>\n\n\n\n<div class=\"wp-block-columns is-layout-flex wp-container-core-columns-is-layout-9d6595d7 wp-block-columns-is-layout-flex\">\n<div class=\"wp-block-column is-layout-flow wp-block-column-is-layout-flow\"><\/div>\n<\/div>\n\n\n\n<p><\/p>\n\n\n\n<p><\/p>","protected":false},"excerpt":{"rendered":"","protected":false},"author":2,"featured_media":0,"parent":0,"menu_order":0,"comment_status":"closed","ping_status":"closed","template":"page-templates\/homepage-builder-bb.php","meta":{"footnotes":""},"class_list":["post-28","page","type-page","status-publish","hentry"],"_links":{"self":[{"href":"https:\/\/socialport.com.br\/en\/wp-json\/wp\/v2\/pages\/28","targetHints":{"allow":["GET"]}}],"collection":[{"href":"https:\/\/socialport.com.br\/en\/wp-json\/wp\/v2\/pages"}],"about":[{"href":"https:\/\/socialport.com.br\/en\/wp-json\/wp\/v2\/types\/page"}],"author":[{"embeddable":true,"href":"https:\/\/socialport.com.br\/en\/wp-json\/wp\/v2\/users\/2"}],"replies":[{"embeddable":true,"href":"https:\/\/socialport.com.br\/en\/wp-json\/wp\/v2\/comments?post=28"}],"version-history":[{"count":84,"href":"https:\/\/socialport.com.br\/en\/wp-json\/wp\/v2\/pages\/28\/revisions"}],"predecessor-version":[{"id":2552,"href":"https:\/\/socialport.com.br\/en\/wp-json\/wp\/v2\/pages\/28\/revisions\/2552"}],"wp:attachment":[{"href":"https:\/\/socialport.com.br\/en\/wp-json\/wp\/v2\/media?parent=28"}],"curies":[{"name":"wp","href":"https:\/\/api.w.org\/{rel}","templated":true}]}}