{"id":519,"date":"2022-08-26T19:34:55","date_gmt":"2022-08-26T19:34:55","guid":{"rendered":"https:\/\/wp.socialport.com.br\/mesmerize\/"},"modified":"2023-05-30T19:44:06","modified_gmt":"2023-05-30T19:44:06","slug":"mesmerize","status":"publish","type":"page","link":"https:\/\/socialport.com.br\/en\/","title":{"rendered":"P\u00e1gina Inicial"},"content":{"rendered":"<div style=\"height:100px\" aria-hidden=\"true\" class=\"wp-block-spacer\"><\/div>\n\n\n<div class=\"wp-block-image\">\n<figure class=\"aligncenter size-large\"><img loading=\"lazy\" decoding=\"async\" width=\"1024\" height=\"554\" src=\"https:\/\/wp.socialport.com.br\/wp-content\/uploads\/2022\/08\/feature-01-1024x554.png\" alt=\"\" class=\"wp-image-589\" srcset=\"https:\/\/socialport.com.br\/wp-content\/uploads\/2022\/08\/feature-01-1024x554.png 1024w, https:\/\/socialport.com.br\/wp-content\/uploads\/2022\/08\/feature-01-300x162.png 300w, https:\/\/socialport.com.br\/wp-content\/uploads\/2022\/08\/feature-01-768x415.png 768w, https:\/\/socialport.com.br\/wp-content\/uploads\/2022\/08\/feature-01-1536x831.png 1536w, https:\/\/socialport.com.br\/wp-content\/uploads\/2022\/08\/feature-01-2048x1108.png 2048w, https:\/\/socialport.com.br\/wp-content\/uploads\/2022\/08\/feature-01-2000x1082.png 2000w\" sizes=\"auto, (max-width: 1024px) 100vw, 1024px\" \/><\/figure>\n<\/div>\n\n\n<div class=\"wp-block-group\"><div class=\"wp-block-group__inner-container is-layout-flow wp-block-group-is-layout-flow\"><h3 class=\"fonts-plugin-block\" style=\"font-family: Roboto;font-weight: normal;font-size: 44px\">Contemplate the future. Design the present.<\/h3><\/div><\/div>\n\n\n\n<div class=\"wp-block-group\"><div class=\"wp-block-group__inner-container is-layout-flow wp-block-group-is-layout-flow\">\n<div class=\"wp-block-columns are-vertically-aligned-center is-layout-flex wp-container-core-columns-is-layout-9d6595d7 wp-block-columns-is-layout-flex\">\n<div class=\"wp-block-column is-vertically-aligned-center is-layout-flow wp-block-column-is-layout-flow\" style=\"flex-basis:100%\">\n<div class=\"wp-block-columns is-layout-flex wp-container-core-columns-is-layout-9d6595d7 wp-block-columns-is-layout-flex\">\n<div class=\"wp-block-column is-layout-flow wp-block-column-is-layout-flow\" style=\"flex-basis:100%\">\n<p>SocialPort makes access and production of strategic knowledge practical, assisting the formulation of organization strategies.<\/p>\n\n\n\n<p>Our customized solutions shorten the execution time by up to 6 months of established methodologies in the strategic management field, making it more feasible to meet organizational strategic objectives in uncertain and turbulent environments.<\/p>\n\n\n\n<p>The SocialPort Team provides training, mentoring and consultancy solutions in the areas of scenario-based strategy formulation; support for urgent decisions based on mini-scenarios and creation and management of a monitoring system, all with the support of customized tools that help in the execution and result analysis of each stage of the process.<\/p>\n\n\n\n<p>Make strategic or marketing decisions, in turbulent environments and great uncertainty, when there is urgency in the decision, based on mini-scenarios. We are able to assist in decision-making based on scenario building on a specific point in 48 hours of work with the support of SocialPort Enterprise.<\/p>\n<\/div>\n<\/div>\n\n\n\n<div class=\"wp-block-columns are-vertically-aligned-center is-layout-flex wp-container-core-columns-is-layout-9d6595d7 wp-block-columns-is-layout-flex\">\n<div class=\"wp-block-column is-vertically-aligned-center is-layout-flow wp-block-column-is-layout-flow\"><div ><style>#sp-ea-1212 .spcollapsing { height: 0; overflow: hidden; transition-property: height;transition-duration: 300ms;}#sp-ea-1212.sp-easy-accordion>.sp-ea-single {margin-bottom: 10px; border: 1px solid #3962ee; }#sp-ea-1212.sp-easy-accordion>.sp-ea-single>.ea-header a {color: #060606;}#sp-ea-1212.sp-easy-accordion>.sp-ea-single>.sp-collapse>.ea-body {background: #f3f3f3; color: #060606;}#sp-ea-1212.sp-easy-accordion>.sp-ea-single {background: #f3f3f3;}#sp-ea-1212.sp-easy-accordion>.sp-ea-single>.ea-header a .ea-expand-icon { float: left; color: #3a14fe;font-size: 11px;}<\/style><div id=\"sp_easy_accordion-1775256045\"><div id=\"sp-ea-1212\" class=\"sp-ea-one sp-easy-accordion\" data-ex-icon=\"minus\" data-col-icon=\"plus\"  data-ea-active=\"ea-click\"  data-ea-mode=\"vertical\" data-preloader=\"\" data-scroll-active-item=\"\" data-offset-to-scroll=\"0\"><div class=\"ea-card ea-expand sp-ea-single\"><h3 class=\"ea-header\"><a class=\"collapsed\" id=\"ea-header-12120\" data-sptoggle=\"spcollapse\" data-sptarget=\"#collapse12120\" aria-controls=\"collapse12120\" href=\"javascript:void(0)\"  aria-expanded=\"true\" tabindex=\"0\"><i class=\"ea-expand-icon ea-icon-expand-minus\"><\/i> Generic Survey<\/a><\/h3><div class=\"sp-collapse spcollapse collapsed show\" id=\"collapse12120\" data-parent=\"#sp-ea-1212\" role=\"region\" aria-labelledby=\"ea-header-12120\"><div class=\"ea-body\"><p><img loading=\"lazy\" decoding=\"async\" class=\"alignnone  wp-image-63\" src=\"https:\/\/socialport.com.br\/wp-content\/uploads\/2022\/07\/icones3-300x265.png\" alt=\"\" width=\"155\" height=\"137\" srcset=\"https:\/\/socialport.com.br\/wp-content\/uploads\/2022\/07\/icones3-300x265.png 300w, https:\/\/socialport.com.br\/wp-content\/uploads\/2022\/07\/icones3.png 426w\" sizes=\"auto, (max-width: 155px) 100vw, 155px\" \/><\/p>\n<p class=\"fonts-plugin-block\">Allows the construction of a form to be answered, giving the possibility of creating questions of various numerical types, text fields, sliders, percentage, and more.<\/p>\n<p class=\"fonts-plugin-block\">Monitoring can be done in real time on the dashboard, showing the participants' metadata and grouping all the answers to a question in customized charts for each type of question.<\/p>\n<p class=\"fonts-plugin-block\">On the dashboard it is also possible to export this data by downloading it in Excel format or by generating an automatic report in Word that extracts all the charts and values \u200b\u200bcompiled from the research carried out.<\/p>\n<\/div><\/div><\/div><div class=\"ea-card  sp-ea-single\"><h3 class=\"ea-header\"><a class=\"collapsed\" id=\"ea-header-12121\" data-sptoggle=\"spcollapse\" data-sptarget=\"#collapse12121\" aria-controls=\"collapse12121\" href=\"javascript:void(0)\"  aria-expanded=\"false\" tabindex=\"0\"><i class=\"ea-expand-icon ea-icon-expand-plus\"><\/i> Delphi<\/a><\/h3><div class=\"sp-collapse spcollapse\" id=\"collapse12121\" data-parent=\"#sp-ea-1212\" role=\"region\" aria-labelledby=\"ea-header-12121\"><div class=\"ea-body\"><p><img loading=\"lazy\" decoding=\"async\" class=\"alignnone wp-image-61\" src=\"https:\/\/socialport.com.br\/wp-content\/uploads\/2022\/07\/icones1-275x300.png\" alt=\"\" width=\"161\" height=\"175\" srcset=\"https:\/\/socialport.com.br\/wp-content\/uploads\/2022\/07\/icones1-275x300.png 275w, https:\/\/socialport.com.br\/wp-content\/uploads\/2022\/07\/icones1.png 352w\" sizes=\"auto, (max-width: 161px) 100vw, 161px\" \/><\/p>\n<p class=\"fonts-plugin-block\">The Delphi survey is an opinion convergence method that is achieved in a sequence of steps. It refers to carrying out successive research steps, carried out with experts. Its objective is to obtain convergence of opinion regarding numerical values, such as, for example, the probability of occurrence of a future event or future expectations in relation to the value of an indicator. This convergence is stimulated by the median value indicated at each stage by the participants.<\/p>\n<p class=\"fonts-plugin-block\">At SocialPort, all execution steps seek to speed up results. Therefore, sending invitations, starting new stages and calculating medians are all automatic. Another difference concerns the user experience, as the questions presented are only those that have not yet achieved convergence, reducing the number of questions to be answered at each stage.<\/p>\n<\/div><\/div><\/div><div class=\"ea-card  sp-ea-single\"><h3 class=\"ea-header\"><a class=\"collapsed\" id=\"ea-header-12122\" data-sptoggle=\"spcollapse\" data-sptarget=\"#collapse12122\" aria-controls=\"collapse12122\" href=\"javascript:void(0)\"  aria-expanded=\"false\" tabindex=\"0\"><i class=\"ea-expand-icon ea-icon-expand-plus\"><\/i> Critical Uncertainties<\/a><\/h3><div class=\"sp-collapse spcollapse\" id=\"collapse12122\" data-parent=\"#sp-ea-1212\" role=\"region\" aria-labelledby=\"ea-header-12122\"><div class=\"ea-body\"><p><img loading=\"lazy\" decoding=\"async\" class=\"wp-image-62\" src=\"https:\/\/socialport.com.br\/wp-content\/uploads\/2022\/07\/icones2-261x300.png\" alt=\"\u00edcone Incertezas Criticas SocialPort\" width=\"117\" height=\"134\" srcset=\"https:\/\/socialport.com.br\/wp-content\/uploads\/2022\/07\/icones2-261x300.png 261w, https:\/\/socialport.com.br\/wp-content\/uploads\/2022\/07\/icones2.png 303w\" sizes=\"auto, (max-width: 117px) 100vw, 117px\" \/><\/p>\n<p class=\"fonts-plugin-block\">Research that aims to identify important events with a high degree of uncertainty. This is done with a numerical scale of importance, with 1 being irrelevant and 5 being very important, and with an uncertainty value converted from the probability of the event occurring.<\/p>\n<p class=\"fonts-plugin-block\">The research takes place in a single round, in which experts indicate the two values \u200b\u200bmentioned above for each event. On the Dashboard, de Importance X Uncertainty chart is displayed, in addidtion to charts referring to each event, with all the resulting descriptive statistics.<\/p>\n<\/div><\/div><\/div><div class=\"ea-card  sp-ea-single\"><h3 class=\"ea-header\"><a class=\"collapsed\" id=\"ea-header-12123\" data-sptoggle=\"spcollapse\" data-sptarget=\"#collapse12123\" aria-controls=\"collapse12123\" href=\"javascript:void(0)\"  aria-expanded=\"false\" tabindex=\"0\"><i class=\"ea-expand-icon ea-icon-expand-plus\"><\/i> Motricity and Dependency<\/a><\/h3><div class=\"sp-collapse spcollapse\" id=\"collapse12123\" data-parent=\"#sp-ea-1212\" role=\"region\" aria-labelledby=\"ea-header-12123\"><div class=\"ea-body\"><div class=\"wp-block-columns is-layout-flex wp-container-22\">\n<div class=\"wp-block-column is-vertically-aligned-top is-layout-flow\">\n<div class=\"wp-block-group is-layout-constrained\">\n<div class=\"wp-block-group__inner-container\">\n<div class=\"wp-block-image\"><\/div>\n<\/div>\n<\/div>\n<\/div>\n<\/div>\n<p><img loading=\"lazy\" decoding=\"async\" class=\"alignnone size-full wp-image-166\" src=\"https:\/\/socialport.com.br\/wp-content\/uploads\/2022\/07\/icones-04.png\" alt=\"\" width=\"123\" height=\"110\" \/><\/p>\n<p class=\"fonts-plugin-block\">Research that aims to verify the capacity for direct and indirect interference of event V1 on other events (Vn) that constitute the system object of the study. This is done by filling in a matrix, in which the value of a field corresponds to the ability of a certain event, described in a row, to interfere with the occurrence of other events described in the columns.<\/p>\n<p class=\"fonts-plugin-block\">The Dashboard presents the Motricity X  Dependence chart, the matrix filled with the average of the values \u200b\u200bobtained from the respondents and a calculator that allows identifying the motricity and dependence values \u200b\u200bof each variable at higher levels of interference.<\/p>\n<\/div><\/div><\/div><div class=\"ea-card  sp-ea-single\"><h3 class=\"ea-header\"><a class=\"collapsed\" id=\"ea-header-12124\" data-sptoggle=\"spcollapse\" data-sptarget=\"#collapse12124\" aria-controls=\"collapse12124\" href=\"javascript:void(0)\"  aria-expanded=\"false\" tabindex=\"0\"><i class=\"ea-expand-icon ea-icon-expand-plus\"><\/i> Actor's Motricity<\/a><\/h3><div class=\"sp-collapse spcollapse\" id=\"collapse12124\" data-parent=\"#sp-ea-1212\" role=\"region\" aria-labelledby=\"ea-header-12124\"><div class=\"ea-body\"><div class=\"wp-block-image\">\n<figure class=\"aligncenter size-thumbnail\"><figcaption class=\"wp-element-caption\"><img loading=\"lazy\" decoding=\"async\" class=\"alignnone wp-image-64\" src=\"https:\/\/socialport.com.br\/wp-content\/uploads\/2022\/07\/icones4-300x202.png\" alt=\"\" width=\"160\" height=\"108\" srcset=\"https:\/\/socialport.com.br\/wp-content\/uploads\/2022\/07\/icones4-300x202.png 300w, https:\/\/socialport.com.br\/wp-content\/uploads\/2022\/07\/icones4.png 509w\" sizes=\"auto, (max-width: 160px) 100vw, 160px\" \/><\/figcaption><\/figure>\n<\/div>\n<p class=\"fonts-plugin-block\">The tool aims to verify the degree of influence that each actor has on the variables. This is done by filling in a matrix in which each cell refers to the impact that the actor (column) has on the variable (row).<\/p>\n<p class=\"fonts-plugin-block\">The result is presented as a ranking of the most influential actors in the system.<\/p>\n<p class=\"fonts-plugin-block\">The importance of actor analysis is based on the fact that no variable moves or changes the course of its behavior if there is no actor influencing this movement.<\/p>\n<\/div><\/div><\/div><\/div><\/div><\/div><\/div>\n<\/div>\n<\/div>\n<\/div>\n<\/div><\/div>\n\n\n\n<div style=\"height:91px\" aria-hidden=\"true\" class=\"wp-block-spacer\"><\/div>\n\n\n\n<div class=\"wp-block-media-text is-stacked-on-mobile\" style=\"grid-template-columns:42% auto\"><figure class=\"wp-block-media-text__media\"><img loading=\"lazy\" decoding=\"async\" width=\"794\" height=\"798\" src=\"https:\/\/wp.socialport.com.br\/wp-content\/uploads\/2022\/08\/iphone-feature-02.png\" alt=\"\" class=\"wp-image-561 size-full\" srcset=\"https:\/\/socialport.com.br\/wp-content\/uploads\/2022\/08\/iphone-feature-02.png 794w, https:\/\/socialport.com.br\/wp-content\/uploads\/2022\/08\/iphone-feature-02-298x300.png 298w, https:\/\/socialport.com.br\/wp-content\/uploads\/2022\/08\/iphone-feature-02-150x150.png 150w, https:\/\/socialport.com.br\/wp-content\/uploads\/2022\/08\/iphone-feature-02-768x772.png 768w\" sizes=\"auto, (max-width: 794px) 100vw, 794px\" \/><\/figure><div class=\"wp-block-media-text__content\"><h3 class=\"fonts-plugin-block\" style=\"font-family: Roboto;font-weight: normal;font-size: 40px\">The best futures are born now.<\/h3>\n\n\n<p class=\"has-20-font-size\">Monitor the environment and maintain a network of collectors alive, keeping the organization aware of changes in the environment in real time, with management of strategic themes by SocialPort Rede.<br>With the SocialPort Rede you can:<\/p>\n\n\n\n<ul class=\"wp-block-list\">\n<li>Generate and guarantee a highly reliable flow of information&nbsp;<\/li>\n\n\n\n<li>Enjoy an application that cares about your user experience<\/li>\n\n\n\n<li>Be in the flow of relevant information in the palm of your hands!<\/li>\n<\/ul>\n\n\n\n<p>Download now<\/p>\n<\/div><\/div>\n\n\n\n<div class=\"wp-block-columns is-layout-flex wp-container-core-columns-is-layout-9d6595d7 wp-block-columns-is-layout-flex\">\n<div class=\"wp-block-column is-layout-flow wp-block-column-is-layout-flow\"><\/div>\n\n\n\n<div class=\"wp-block-column is-layout-flow wp-block-column-is-layout-flow\"><\/div>\n\n\n\n<div class=\"wp-block-column is-layout-flow wp-block-column-is-layout-flow\"><\/div>\n\n\n\n<div class=\"wp-block-column is-layout-flow wp-block-column-is-layout-flow\"><div class=\"wp-block-image\">\n<figure class=\"alignright size-full is-resized\"><a href=\"https:\/\/apps.apple.com\/pt\/app\/socialport\/id1636740969\"><img loading=\"lazy\" decoding=\"async\" src=\"https:\/\/socialport.com.br\/wp-content\/uploads\/2022\/09\/Download_on_the_App_Store_.png\" alt=\"\" class=\"wp-image-879\" width=\"146\" height=\"48\" srcset=\"https:\/\/socialport.com.br\/wp-content\/uploads\/2022\/09\/Download_on_the_App_Store_.png 499w, https:\/\/socialport.com.br\/wp-content\/uploads\/2022\/09\/Download_on_the_App_Store_-300x100.png 300w\" sizes=\"auto, (max-width: 146px) 100vw, 146px\" \/><\/a><\/figure>\n<\/div><\/div>\n\n\n\n<div class=\"wp-block-column is-layout-flow wp-block-column-is-layout-flow\"><div class=\"wp-block-image\">\n<figure class=\"alignleft size-full is-resized\"><a href=\"https:\/\/play.google.com\/store\/apps\/details?id=com.socialportapp\"><img loading=\"lazy\" decoding=\"async\" src=\"https:\/\/socialport.com.br\/wp-content\/uploads\/2022\/09\/download-google-play.png\" alt=\"\" class=\"wp-image-875\" width=\"157\" height=\"46\" srcset=\"https:\/\/socialport.com.br\/wp-content\/uploads\/2022\/09\/download-google-play.png 414w, https:\/\/socialport.com.br\/wp-content\/uploads\/2022\/09\/download-google-play-300x88.png 300w\" sizes=\"auto, (max-width: 157px) 100vw, 157px\" \/><\/a><\/figure>\n<\/div><\/div>\n\n\n\n<div class=\"wp-block-column is-layout-flow wp-block-column-is-layout-flow\"><\/div>\n\n\n\n<div class=\"wp-block-column is-layout-flow wp-block-column-is-layout-flow\"><\/div>\n<\/div>\n\n\n\n<div style=\"height:132px\" aria-hidden=\"true\" class=\"wp-block-spacer\"><\/div>\n\n\n\n<div class=\"wp-block-buttons is-content-justification-center is-layout-flex wp-container-core-buttons-is-layout-16018d1d wp-block-buttons-is-layout-flex\">\n<div class=\"wp-block-button has-custom-font-size is-style-fill has-small-font-size\"><a class=\"wp-block-button__link has-text-color has-background wp-element-button\" href=\"https:\/\/wp.socialport.com.br\/servicos\/\" style=\"border-radius:35px;color:#f3f3f3;background-color:#3a14fe\">More<\/a><\/div>\n<\/div>\n\n\n<h3 class=\"fonts-plugin-block\" style=\"font-family: Roboto;font-weight: normal;font-size: 40px;text-align: center\">Our Clients<\/h3>\n\n\n<div class=\"wp-block-cover is-light\"><span aria-hidden=\"true\" class=\"wp-block-cover__background has-white-background-color has-background-dim-100 has-background-dim\"><\/span><div class=\"wp-block-cover__inner-container is-layout-flow wp-block-cover-is-layout-flow\">\n<div class=\"wp-block-columns are-vertically-aligned-center is-layout-flex wp-container-core-columns-is-layout-9d6595d7 wp-block-columns-is-layout-flex\">\n<div class=\"wp-block-column is-vertically-aligned-center is-layout-flow wp-block-column-is-layout-flow\"><div class=\"wp-block-image\">\n<figure class=\"alignright size-full is-resized\"><img loading=\"lazy\" decoding=\"async\" src=\"https:\/\/wp.socialport.com.br\/wp-content\/uploads\/2022\/08\/aneel.png\" alt=\"\" class=\"wp-image-369\" width=\"318\" height=\"121\" srcset=\"https:\/\/socialport.com.br\/wp-content\/uploads\/2022\/08\/aneel.png 766w, https:\/\/socialport.com.br\/wp-content\/uploads\/2022\/08\/aneel-300x115.png 300w\" sizes=\"auto, (max-width: 318px) 100vw, 318px\" \/><\/figure>\n<\/div><\/div>\n\n\n\n<div class=\"wp-block-column is-vertically-aligned-center is-layout-flow wp-block-column-is-layout-flow\">\n<figure class=\"wp-block-image size-full is-resized\"><img loading=\"lazy\" decoding=\"async\" src=\"https:\/\/wp.socialport.com.br\/wp-content\/uploads\/2022\/08\/giz-1.png\" alt=\"\" class=\"wp-image-370\" width=\"413\" height=\"139\" srcset=\"https:\/\/socialport.com.br\/wp-content\/uploads\/2022\/08\/giz-1.png 869w, https:\/\/socialport.com.br\/wp-content\/uploads\/2022\/08\/giz-1-300x101.png 300w, https:\/\/socialport.com.br\/wp-content\/uploads\/2022\/08\/giz-1-768x260.png 768w\" sizes=\"auto, (max-width: 413px) 100vw, 413px\" \/><\/figure>\n<\/div>\n\n\n\n<div class=\"wp-block-column is-vertically-aligned-center is-layout-flow wp-block-column-is-layout-flow\">\n<figure class=\"wp-block-image size-large is-resized\"><img loading=\"lazy\" decoding=\"async\" src=\"https:\/\/wp.socialport.com.br\/wp-content\/uploads\/2022\/07\/marinha-1-1024x262.png\" alt=\"\" class=\"wp-image-194\" width=\"370\" height=\"94\" srcset=\"https:\/\/socialport.com.br\/wp-content\/uploads\/2022\/07\/marinha-1-1024x262.png 1024w, https:\/\/socialport.com.br\/wp-content\/uploads\/2022\/07\/marinha-1-300x77.png 300w, https:\/\/socialport.com.br\/wp-content\/uploads\/2022\/07\/marinha-1-768x196.png 768w, https:\/\/socialport.com.br\/wp-content\/uploads\/2022\/07\/marinha-1.png 1296w\" sizes=\"auto, (max-width: 370px) 100vw, 370px\" \/><\/figure>\n<\/div>\n\n\n\n<div class=\"wp-block-column is-vertically-aligned-center is-layout-flow wp-block-column-is-layout-flow\">\n<figure class=\"wp-block-image size-full is-resized\"><img loading=\"lazy\" decoding=\"async\" src=\"https:\/\/wp.socialport.com.br\/wp-content\/uploads\/2022\/08\/sergipe.png\" alt=\"\" class=\"wp-image-371\" width=\"300\" height=\"117\" srcset=\"https:\/\/socialport.com.br\/wp-content\/uploads\/2022\/08\/sergipe.png 754w, https:\/\/socialport.com.br\/wp-content\/uploads\/2022\/08\/sergipe-300x118.png 300w\" sizes=\"auto, (max-width: 300px) 100vw, 300px\" \/><\/figure>\n<\/div>\n<\/div>\n<\/div><\/div>","protected":false},"excerpt":{"rendered":"<p>A SocialPort torna o acesso e a produ\u00e7\u00e3o de conhecimento estrat\u00e9gico pr\u00e1tico, auxiliando de forma elementar a formula\u00e7\u00e3o de estrat\u00e9gias de organiza\u00e7\u00f5es. Nossas solu\u00e7\u00f5es customizadas encurtam o tempo de execu\u00e7\u00e3o em at\u00e9 6 meses de metodologias consagradas no campo da gest\u00e3o estrat\u00e9gica,\u00a0tornando mais exequ\u00edvel o atendimento aos objetivos estrat\u00e9gicos organizacionais em ambientes incertos e turbulentos. &hellip; <\/p>\n<p class=\"link-more\"><a href=\"https:\/\/socialport.com.br\/en\/\" class=\"more-link\">Read more<span class=\"screen-reader-text\"> &#8220;P\u00e1gina Inicial&#8221;<\/span><\/a><\/p>","protected":false},"author":4,"featured_media":0,"parent":0,"menu_order":0,"comment_status":"closed","ping_status":"closed","template":"page-templates\/homepage-builder-bb.php","meta":{"footnotes":""},"class_list":["post-519","page","type-page","status-publish","hentry"],"_links":{"self":[{"href":"https:\/\/socialport.com.br\/en\/wp-json\/wp\/v2\/pages\/519","targetHints":{"allow":["GET"]}}],"collection":[{"href":"https:\/\/socialport.com.br\/en\/wp-json\/wp\/v2\/pages"}],"about":[{"href":"https:\/\/socialport.com.br\/en\/wp-json\/wp\/v2\/types\/page"}],"author":[{"embeddable":true,"href":"https:\/\/socialport.com.br\/en\/wp-json\/wp\/v2\/users\/4"}],"replies":[{"embeddable":true,"href":"https:\/\/socialport.com.br\/en\/wp-json\/wp\/v2\/comments?post=519"}],"version-history":[{"count":136,"href":"https:\/\/socialport.com.br\/en\/wp-json\/wp\/v2\/pages\/519\/revisions"}],"predecessor-version":[{"id":1696,"href":"https:\/\/socialport.com.br\/en\/wp-json\/wp\/v2\/pages\/519\/revisions\/1696"}],"wp:attachment":[{"href":"https:\/\/socialport.com.br\/en\/wp-json\/wp\/v2\/media?parent=519"}],"curies":[{"name":"wp","href":"https:\/\/api.w.org\/{rel}","templated":true}]}}