{"id":59,"date":"2022-07-21T18:46:33","date_gmt":"2022-07-21T18:46:33","guid":{"rendered":"https:\/\/wp.socialport.com.br\/?page_id=59"},"modified":"2025-10-20T22:43:00","modified_gmt":"2025-10-20T22:43:00","slug":"servicos","status":"publish","type":"page","link":"https:\/\/socialport.com.br\/en\/servicos\/","title":{"rendered":"Solu\u00e7\u00f5es"},"content":{"rendered":"<div style=\"height:109px\" aria-hidden=\"true\" class=\"wp-block-spacer\"><\/div>\n\n\n\n<div class=\"wp-block-group alignfull\"><div class=\"wp-block-group__inner-container is-layout-constrained wp-block-group-is-layout-constrained\">\n<div class=\"wp-block-columns alignwide is-layout-flex wp-container-core-columns-is-layout-9d6595d7 wp-block-columns-is-layout-flex\">\n<div class=\"wp-block-column is-layout-flow wp-block-column-is-layout-flow\" style=\"flex-basis:100%\"><p class=\"fonts-plugin-block\" style=\"font-weight: normal\">Formulate winning strategies based on scenarios or megatrends, in turbulent environments filled with great uncertainty. Our expertise, with the support of SocialPort Enterprise, and using the best methodology based on the organization's situation and goals, we were able to build strategic objectives based on scenarios in 6 months.<\/p><\/div>\n<\/div>\n<\/div><\/div>\n\n\n\n<div style=\"height:100px\" aria-hidden=\"true\" class=\"wp-block-spacer\"><\/div>\n\n\n<div class=\"wp-block-image\">\n<figure class=\"aligncenter size-large is-resized\"><img loading=\"lazy\" decoding=\"async\" width=\"1024\" height=\"293\" src=\"https:\/\/wp.socialport.com.br\/wp-content\/uploads\/2022\/07\/SocialPort-Marcas-Academy-azul-png-1024x293.png\" alt=\"\" class=\"wp-image-127\" style=\"width:450px;height:120px\" srcset=\"https:\/\/socialport.com.br\/wp-content\/uploads\/2022\/07\/SocialPort-Marcas-Academy-azul-png-1024x293.png 1024w, https:\/\/socialport.com.br\/wp-content\/uploads\/2022\/07\/SocialPort-Marcas-Academy-azul-png-300x86.png 300w, https:\/\/socialport.com.br\/wp-content\/uploads\/2022\/07\/SocialPort-Marcas-Academy-azul-png-768x220.png 768w, https:\/\/socialport.com.br\/wp-content\/uploads\/2022\/07\/SocialPort-Marcas-Academy-azul-png-1536x439.png 1536w, https:\/\/socialport.com.br\/wp-content\/uploads\/2022\/07\/SocialPort-Marcas-Academy-azul-png.png 1709w\" sizes=\"auto, (max-width: 1024px) 100vw, 1024px\" \/><\/figure>\n<\/div>\n\n\n<div style=\"height:51px\" aria-hidden=\"true\" class=\"wp-block-spacer\"><\/div>\n\n\n\n<div class=\"wp-block-group\"><div class=\"wp-block-group__inner-container is-layout-flow wp-block-group-is-layout-flow\">\n<div class=\"wp-block-columns is-layout-flex wp-container-core-columns-is-layout-9d6595d7 wp-block-columns-is-layout-flex\">\n<div class=\"wp-block-column is-layout-flow wp-block-column-is-layout-flow\" style=\"flex-basis:100%\"><p class=\"fonts-plugin-block\" style=\"font-family: Roboto;font-weight: normal\">The SocialPort Academy is a complete and up to date training program on scenario planning methodology, strategic monitoring and the construction and use of mini-scenarios.<br><br>Through our training program, SocialPort Academy, it was possible to mentor the Brazilian National Electric Energy Agency (ANEEL), Energy research company (EPE), Brazilian Ministry of Mines and Energy, APEX-Brasil, War Collage (ESG), DEPEN,  Brazlian Superior Justice Tribunal (STJ), Brazilian Ministry of Health, Brazilian Intelligence Agency (ABIN), Institute of Applied Economic Research (IPEA), among others.<br><br>Formulate winning strategies based on scenarios or megatrends, in turbulent environments filled with great uncertainty. Our expertise, with the support of SocialPort Enterprise, and using the best methodology based on the organization's situation and goals, we were able to build strategic objectives based on scenarios in 6 months.<\/p><\/div>\n<\/div>\n<\/div><\/div>\n\n\n\n<div class=\"wp-block-buttons is-layout-flex wp-block-buttons-is-layout-flex\">\n<div class=\"wp-block-button has-custom-font-size aligncenter is-style-outline has-small-font-size is-style-outline--1\"><a class=\"wp-block-button__link has-black-color has-white-background-color has-text-color has-background wp-element-button\" href=\"https:\/\/wp.socialport.com.br\/contato\/\" style=\"border-radius:50px\">Contact Us<\/a><\/div>\n<\/div>\n\n\n\n<div style=\"height:84px\" aria-hidden=\"true\" class=\"wp-block-spacer\"><\/div>\n\n\n<div class=\"wp-block-image\">\n<figure class=\"aligncenter size-large is-resized\"><img loading=\"lazy\" decoding=\"async\" width=\"1024\" height=\"222\" src=\"https:\/\/wp.socialport.com.br\/wp-content\/uploads\/2022\/07\/SocialPort-Marcas-Enterprise-azul-png-1024x222.png\" alt=\"\" class=\"wp-image-129\" style=\"width:450px;height:110px\" srcset=\"https:\/\/socialport.com.br\/wp-content\/uploads\/2022\/07\/SocialPort-Marcas-Enterprise-azul-png-1024x222.png 1024w, https:\/\/socialport.com.br\/wp-content\/uploads\/2022\/07\/SocialPort-Marcas-Enterprise-azul-png-300x65.png 300w, https:\/\/socialport.com.br\/wp-content\/uploads\/2022\/07\/SocialPort-Marcas-Enterprise-azul-png-768x166.png 768w, https:\/\/socialport.com.br\/wp-content\/uploads\/2022\/07\/SocialPort-Marcas-Enterprise-azul-png-1536x333.png 1536w, https:\/\/socialport.com.br\/wp-content\/uploads\/2022\/07\/SocialPort-Marcas-Enterprise-azul-png.png 1731w\" sizes=\"auto, (max-width: 1024px) 100vw, 1024px\" \/><\/figure>\n<\/div>\n\n\n<div style=\"height:51px\" aria-hidden=\"true\" class=\"wp-block-spacer\"><\/div>\n\n\n\n<div class=\"wp-block-columns is-layout-flex wp-container-core-columns-is-layout-9d6595d7 wp-block-columns-is-layout-flex\">\n<div class=\"wp-block-column is-layout-flow wp-block-column-is-layout-flow\">\n<div class=\"wp-block-columns is-layout-flex wp-container-core-columns-is-layout-9d6595d7 wp-block-columns-is-layout-flex\">\n<div class=\"wp-block-column is-layout-flow wp-block-column-is-layout-flow\" style=\"flex-basis:100%\"><p class=\"fonts-plugin-block\" style=\"font-family: Roboto;font-weight: normal\">A SocialPort Enterprise\u2122 (SPE) \u00e9 uma plataforma que permite a execu\u00e7\u00e3o de levantamentos de informa\u00e7\u00e3o estrat\u00e9gica. Seus principais objetivos s\u00e3o usabilidade e automa\u00e7\u00e3o e a plataforma centraliza as ferramentas de prospectiva\/<em>foresight<\/em> e da formula\u00e7\u00e3o estrat\u00e9gica, permitindo a execu\u00e7\u00e3o de v\u00e1rias metodologias consagradas de forma customizada e com acompanhamento em tempo real em nosso <em>dashboard<\/em>. Ela viabiliza a constru\u00e7\u00e3o de cen\u00e1rios seguindo metodologias diversas, como a de Godet, GBN, probabilista modificada por tend\u00eancias, etc. Tamb\u00e9m apoia processos de <em>Horizon scanning<\/em> e identifica\u00e7\u00e3o de megatend\u00eancias.<br><br>Integrado por especialistas e outros convidados, a plataforma atende a diversas necessidades do usu\u00e1rio, oferecendo em nosso <em>dashboard<\/em> uma interface organizada, explicativa, expositiva e de f\u00e1cil entendimento. Dentre as metodologias dispon\u00edveis na SocialPort Enterprise\u2122, est\u00e3o:<\/p><\/div>\n<\/div>\n<\/div>\n<\/div>\n\n\n\n<div class=\"wp-block-group alignwide\"><div class=\"wp-block-group__inner-container is-layout-flow wp-block-group-is-layout-flow\">\n<div class=\"wp-block-columns is-layout-flex wp-container-core-columns-is-layout-9d6595d7 wp-block-columns-is-layout-flex\">\n<div class=\"wp-block-column is-layout-flow wp-block-column-is-layout-flow\"><div class=\"wp-block-image\">\n<figure class=\"aligncenter size-thumbnail\"><img loading=\"lazy\" decoding=\"async\" width=\"150\" height=\"150\" src=\"https:\/\/wp.socialport.com.br\/wp-content\/uploads\/2022\/07\/icones3-150x150.png\" alt=\"\" class=\"wp-image-63\"\/><figcaption class=\"wp-element-caption\">Generic Survey<\/figcaption><\/figure>\n<\/div>\n\n\n<div class=\"wp-block-group\"><div class=\"wp-block-group__inner-container is-layout-flow wp-block-group-is-layout-flow\">\n<div class=\"wp-block-columns is-layout-flex wp-container-core-columns-is-layout-9d6595d7 wp-block-columns-is-layout-flex\">\n<div class=\"wp-block-column is-layout-flow wp-block-column-is-layout-flow\" style=\"flex-basis:100%\"><p class=\"fonts-plugin-block\" style=\"font-family: Roboto;font-weight: normal\">Allows the construction of a form to be answered, giving the possibility of creating questions of various numerical types, text fields, sliders, percentage, and more.<\/p>\n\n<p class=\"fonts-plugin-block\" style=\"font-family: Roboto;font-weight: normal\">Monitoring can be done in real time on the dashboard, showing the participants' metadata and grouping all the answers to a question in customized charts for each type of question.<\/p>\n\n<p class=\"fonts-plugin-block\" style=\"font-family: Roboto\">On the dashboard it is also possible to export this data by downloading it in Excel format or by generating an automatic report in Word that extracts all the charts and values \u200b\u200bcompiled from the research carried out.<\/p><\/div>\n<\/div>\n<\/div><\/div>\n<\/div>\n\n\n\n<div class=\"wp-block-column is-layout-flow wp-block-column-is-layout-flow\"><div class=\"wp-block-image\">\n<figure class=\"aligncenter size-thumbnail\"><img loading=\"lazy\" decoding=\"async\" width=\"150\" height=\"150\" src=\"https:\/\/wp.socialport.com.br\/wp-content\/uploads\/2022\/07\/icones1-150x150.png\" alt=\"\" class=\"wp-image-61\"\/><figcaption class=\"wp-element-caption\">Delphi<\/figcaption><\/figure>\n<\/div>\n\n<p class=\"fonts-plugin-block\" style=\"font-family: Roboto\">The Delphi survey is an opinion convergence method that is achieved in a sequence of steps. It refers to carrying out successive research steps, carried out with experts. Its objective is to obtain convergence of opinion regarding numerical values, such as, for example, the probability of occurrence of a future event or future expectations in relation to the value of an indicator. This convergence is stimulated by the median value indicated at each stage by the participants.<\/p>\n\n<p class=\"fonts-plugin-block\" style=\"font-family: Roboto;font-weight: normal\">At SocialPort, all execution steps seek to speed up results. Therefore, sending invitations, starting new stages and calculating medians are all automatic. Another difference concerns the user experience, as the questions presented are only those that have not yet achieved convergence, reducing the number of questions to be answered at each stage.<\/p><\/div>\n\n\n\n<div class=\"wp-block-column is-layout-flow wp-block-column-is-layout-flow\"><div class=\"wp-block-image\">\n<figure class=\"aligncenter size-thumbnail\"><img loading=\"lazy\" decoding=\"async\" width=\"150\" height=\"150\" src=\"https:\/\/wp.socialport.com.br\/wp-content\/uploads\/2022\/07\/icones2-150x150.png\" alt=\"\" class=\"wp-image-62\"\/><figcaption class=\"wp-element-caption\">Critical Uncertainties <\/figcaption><\/figure>\n<\/div>\n\n<p class=\"fonts-plugin-block\" style=\"font-family: Roboto;font-weight: normal\">Research that aims to identify important events with a high degree of uncertainty. This is done with a numerical scale of importance, with 1 being irrelevant and 5 being very important, and with an uncertainty value converted from the probability of the event occurring.<\/p>\n\n<p class=\"fonts-plugin-block\" style=\"font-family: Roboto;font-weight: normal\">The research takes place in a single round, in which experts indicate the two values \u200b\u200bmentioned above for each event. On the Dashboard, de Importance X Uncertainty chart is displayed, in addidtion to charts referring to each event, with all the resulting descriptive statistics.<\/p>\n\n<p class=\"fonts-plugin-block\" style=\"font-family: Roboto;font-weight: normal\"><\/p><\/div>\n<\/div>\n<\/div><\/div>\n\n\n\n<div class=\"wp-block-group\"><div class=\"wp-block-group__inner-container is-layout-flow wp-block-group-is-layout-flow\">\n<div class=\"wp-block-columns is-layout-flex wp-container-core-columns-is-layout-9d6595d7 wp-block-columns-is-layout-flex\">\n<div class=\"wp-block-column is-vertically-aligned-bottom is-layout-flow wp-block-column-is-layout-flow\">\n<div style=\"height:12px\" aria-hidden=\"true\" class=\"wp-block-spacer\"><\/div>\n\n\n\n<div class=\"wp-block-columns is-layout-flex wp-container-core-columns-is-layout-9d6595d7 wp-block-columns-is-layout-flex\">\n<div class=\"wp-block-column is-vertically-aligned-top is-layout-flow wp-block-column-is-layout-flow\" style=\"flex-basis:100%\">\n<div class=\"wp-block-group\"><div class=\"wp-block-group__inner-container is-layout-constrained wp-block-group-is-layout-constrained\"><div class=\"wp-block-image\">\n<figure class=\"aligncenter size-full\"><img loading=\"lazy\" decoding=\"async\" width=\"123\" height=\"110\" src=\"https:\/\/wp.socialport.com.br\/wp-content\/uploads\/2022\/07\/icones-04.png\" alt=\"\" class=\"wp-image-166\"\/><figcaption class=\"wp-element-caption\">Motricity and Dependency<\/figcaption><\/figure>\n<\/div><\/div><\/div>\n<\/div>\n<\/div>\n\n\n<p class=\"fonts-plugin-block\" style=\"font-family: Roboto;font-weight: normal\">Research that aims to verify the capacity for direct and indirect interference of event V1 on other events (Vn) that constitute the system object of the study. This is done by filling in a matrix, in which the value of a field corresponds to the ability of a certain event, described in a row, to interfere with the occurrence of other events described in the columns.<\/p>\n\n<p class=\"fonts-plugin-block\" style=\"font-family: Roboto;font-weight: normal\">The Dashboard presents the Motricity X  Dependence chart, the matrix filled with the average of the values \u200b\u200bobtained from the respondents and a calculator that allows identifying the motricity and dependence values \u200b\u200bof each variable at higher levels of interference.<\/p><\/div>\n\n\n\n<div class=\"wp-block-column is-vertically-aligned-top is-layout-flow wp-block-column-is-layout-flow\"><div class=\"wp-block-image\">\n<figure class=\"aligncenter size-thumbnail\"><img loading=\"lazy\" decoding=\"async\" width=\"150\" height=\"150\" src=\"https:\/\/wp.socialport.com.br\/wp-content\/uploads\/2022\/07\/icones4-150x150.png\" alt=\"\" class=\"wp-image-64\"\/><figcaption class=\"wp-element-caption\">Actor's Motricity<\/figcaption><\/figure>\n<\/div>\n\n<p class=\"fonts-plugin-block\" style=\"font-family: Roboto;font-weight: normal\">The tool aims to verify the degree of influence that each actor has on the variables. This is done by filling in a matrix in which each cell refers to the impact that the actor (column) has on the variable (row).<\/p>\n\n<p class=\"fonts-plugin-block\" style=\"font-family: Roboto;font-weight: normal\">The result is presented as a ranking of the most influential actors in the system.<\/p>\n\n<p class=\"fonts-plugin-block\" style=\"font-family: Roboto;font-weight: normal\">The importance of actor analysis is based on the fact that no variable moves or changes the course of its behavior if there is no actor influencing this movement.<\/p><\/div>\n<\/div>\n<\/div><\/div>\n\n\n\n<div class=\"wp-block-buttons is-layout-flex wp-block-buttons-is-layout-flex\">\n<div class=\"wp-block-button has-custom-font-size aligncenter is-style-outline has-small-font-size is-style-outline--2\"><a class=\"wp-block-button__link has-black-color has-white-background-color has-text-color has-background wp-element-button\" href=\"https:\/\/wp.socialport.com.br\/contato\/\" style=\"border-radius:50px\">Contact Us<\/a><\/div>\n<\/div>\n\n\n\n<div style=\"height:100px\" aria-hidden=\"true\" class=\"wp-block-spacer\"><\/div>\n\n\n<div class=\"wp-block-image\">\n<figure class=\"aligncenter size-large is-resized\"><img loading=\"lazy\" decoding=\"async\" width=\"1024\" height=\"192\" src=\"https:\/\/wp.socialport.com.br\/wp-content\/uploads\/2022\/07\/SocialPort-Marcas-rede-azul-png-1024x192.png\" alt=\"\" class=\"wp-image-128\" style=\"width:450px;height:107px\" srcset=\"https:\/\/socialport.com.br\/wp-content\/uploads\/2022\/07\/SocialPort-Marcas-rede-azul-png-1024x192.png 1024w, https:\/\/socialport.com.br\/wp-content\/uploads\/2022\/07\/SocialPort-Marcas-rede-azul-png-300x56.png 300w, https:\/\/socialport.com.br\/wp-content\/uploads\/2022\/07\/SocialPort-Marcas-rede-azul-png-768x144.png 768w, https:\/\/socialport.com.br\/wp-content\/uploads\/2022\/07\/SocialPort-Marcas-rede-azul-png-1536x287.png 1536w, https:\/\/socialport.com.br\/wp-content\/uploads\/2022\/07\/SocialPort-Marcas-rede-azul-png-2048x383.png 2048w\" sizes=\"auto, (max-width: 1024px) 100vw, 1024px\" \/><\/figure>\n<\/div>\n\n\n<div style=\"height:53px\" aria-hidden=\"true\" class=\"wp-block-spacer\"><\/div>\n\n\n\n<div class=\"wp-block-group\"><div class=\"wp-block-group__inner-container is-layout-flow wp-block-group-is-layout-flow\"><p class=\"fonts-plugin-block\" style=\"font-family: Roboto;font-weight: 400\">A SocialPort \u00e9 uma rede fechada que conecta pessoas a pessoas e pessoas a conhecimentos de forma f\u00e1cil, pr\u00e1tica e port\u00e1til. Ela permite o armazenamento e estrutura\u00e7\u00e3o de documentos de forma customiz\u00e1vel em um reposit\u00f3rio e a sua recupera\u00e7\u00e3o em formato de feed, dando prioridade para as postagens mais relevantes levando em considera\u00e7\u00e3o a fonte, o autor da postagem e a avalia\u00e7\u00e3o feita por outros usu\u00e1rios. Postagens que contenham links s\u00e3o identificados automaticamente e o conte\u00fado da p\u00e1gina web \u00e9 extra\u00eddo e armazenado em um banco de dados para futuras an\u00e1lises. Al\u00e9m disso, tamb\u00e9m \u00e9 poss\u00edvel utilizar ferramentas, em conjunto com a Enterprise, que possibilitam o processamento dos dados da rede para identifica\u00e7\u00e3o de tend\u00eancias ou sinais fracos.<\/p>\n\n<p class=\"fonts-plugin-block\" style=\"font-family: Roboto;font-weight: 400\">A plataforma tem como objetivo gerar e garantir um fluxo de informa\u00e7\u00e3o de alta confiabilidade e com armazenamento de informa\u00e7\u00e3o estruturado. Essa plataforma tamb\u00e9m foi criada com foco em usabilidade e uma boa experi\u00eancia de usu\u00e1rio, que ter\u00e3o um reposit\u00f3rio roco rica biblioteca na palma das m\u00e3os.<\/p><\/div><\/div>\n\n\n\n<div style=\"height:52px\" aria-hidden=\"true\" class=\"wp-block-spacer\"><\/div>\n\n\n\n<div class=\"wp-block-group\"><div class=\"wp-block-group__inner-container is-layout-flow wp-block-group-is-layout-flow\">\n<div class=\"wp-block-columns is-layout-flex wp-container-core-columns-is-layout-9d6595d7 wp-block-columns-is-layout-flex\">\n<div class=\"wp-block-column is-layout-flow wp-block-column-is-layout-flow\"><div class=\"wp-block-image\">\n<figure class=\"alignright size-full is-resized\"><a href=\"https:\/\/apps.apple.com\/pt\/app\/socialport\/id1636740969\" target=\"_blank\" rel=\"noreferrer noopener\"><img loading=\"lazy\" decoding=\"async\" width=\"499\" height=\"167\" src=\"https:\/\/wp.socialport.com.br\/wp-content\/uploads\/2022\/09\/Download_on_the_App_Store_.png\" alt=\"\" class=\"wp-image-879\" style=\"width:149px;height:49px\" srcset=\"https:\/\/socialport.com.br\/wp-content\/uploads\/2022\/09\/Download_on_the_App_Store_.png 499w, https:\/\/socialport.com.br\/wp-content\/uploads\/2022\/09\/Download_on_the_App_Store_-300x100.png 300w\" sizes=\"auto, (max-width: 499px) 100vw, 499px\" \/><\/a><\/figure>\n<\/div><\/div>\n\n\n\n<div class=\"wp-block-column is-layout-flow wp-block-column-is-layout-flow\"><div class=\"wp-block-image\">\n<figure class=\"alignleft size-full is-resized\"><a href=\"https:\/\/play.google.com\/store\/apps\/details?id=com.socialportapp\" target=\"_blank\" rel=\"noreferrer noopener\"><img loading=\"lazy\" decoding=\"async\" width=\"414\" height=\"121\" src=\"https:\/\/wp.socialport.com.br\/wp-content\/uploads\/2022\/09\/download-google-play.png\" alt=\"\" class=\"wp-image-875\" style=\"width:167px;height:47px\" srcset=\"https:\/\/socialport.com.br\/wp-content\/uploads\/2022\/09\/download-google-play.png 414w, https:\/\/socialport.com.br\/wp-content\/uploads\/2022\/09\/download-google-play-300x88.png 300w\" sizes=\"auto, (max-width: 414px) 100vw, 414px\" \/><\/a><\/figure>\n<\/div><\/div>\n<\/div>\n<\/div><\/div>\n\n\n\n<div style=\"height:141px\" aria-hidden=\"true\" class=\"wp-block-spacer\"><\/div>\n\n\n\n<div style=\"height:109px\" aria-hidden=\"true\" class=\"wp-block-spacer\"><\/div>\n\n\n\n<div style=\"height:121px\" aria-hidden=\"true\" class=\"wp-block-spacer\"><\/div>\n\n\n\n<div style=\"height:146px\" aria-hidden=\"true\" class=\"wp-block-spacer\"><\/div>\n\n\n\n<div style=\"height:71px\" aria-hidden=\"true\" class=\"wp-block-spacer\"><\/div>\n\n\n\n<div style=\"height:120px\" aria-hidden=\"true\" class=\"wp-block-spacer\"><\/div>","protected":false},"excerpt":{"rendered":"","protected":false},"author":2,"featured_media":0,"parent":0,"menu_order":0,"comment_status":"closed","ping_status":"closed","template":"page-templates\/homepage-builder-bb.php","meta":{"footnotes":""},"class_list":["post-59","page","type-page","status-publish","hentry"],"_links":{"self":[{"href":"https:\/\/socialport.com.br\/en\/wp-json\/wp\/v2\/pages\/59","targetHints":{"allow":["GET"]}}],"collection":[{"href":"https:\/\/socialport.com.br\/en\/wp-json\/wp\/v2\/pages"}],"about":[{"href":"https:\/\/socialport.com.br\/en\/wp-json\/wp\/v2\/types\/page"}],"author":[{"embeddable":true,"href":"https:\/\/socialport.com.br\/en\/wp-json\/wp\/v2\/users\/2"}],"replies":[{"embeddable":true,"href":"https:\/\/socialport.com.br\/en\/wp-json\/wp\/v2\/comments?post=59"}],"version-history":[{"count":123,"href":"https:\/\/socialport.com.br\/en\/wp-json\/wp\/v2\/pages\/59\/revisions"}],"predecessor-version":[{"id":2308,"href":"https:\/\/socialport.com.br\/en\/wp-json\/wp\/v2\/pages\/59\/revisions\/2308"}],"wp:attachment":[{"href":"https:\/\/socialport.com.br\/en\/wp-json\/wp\/v2\/media?parent=59"}],"curies":[{"name":"wp","href":"https:\/\/api.w.org\/{rel}","templated":true}]}}